{"id":937,"date":"2022-12-12T15:04:48","date_gmt":"2022-12-12T17:04:48","guid":{"rendered":"https:\/\/fernandesrinhel.com.br\/site\/?page_id=937"},"modified":"2023-10-24T15:52:03","modified_gmt":"2023-10-24T18:52:03","slug":"mea","status":"publish","type":"page","link":"https:\/\/fernandesrinhel.com.br\/site\/mea\/","title":{"rendered":"Startups Fusoes"},"content":{"rendered":"<div class=\"wpb-content-wrapper\"><p>[vc_row css_animation=&#8221;&#8221; row_type=&#8221;row&#8221; use_row_as_full_screen_section=&#8221;no&#8221; type=&#8221;full_width&#8221; angled_section=&#8221;no&#8221; text_align=&#8221;left&#8221; background_image_as_pattern=&#8221;without_pattern&#8221; css=&#8221;.vc_custom_1669290355824{padding-top: 100px !important;background-image: url(https:\/\/fernandesrinhel.com.br\/site\/wp-content\/uploads\/2022\/09\/3.jpg?id=752) !important;}&#8221; z_index=&#8221;&#8221;][vc_column][vc_empty_space height=&#8221;90px&#8221;][vc_column_text css=&#8221;.vc_custom_1670866361787{padding-right: 40px !important;padding-left: 40px !important;}&#8221;]<\/p>\n<p style=\"text-align: center;\"><img loading=\"lazy\" decoding=\"async\" class=\"alignnone wp-image-373 size-full\" src=\"https:\/\/fernandesrinhel.com.br\/site\/wp-content\/uploads\/2019\/11\/logo500-fernandes-rinhel-pb.png\" alt=\"\" width=\"500\" height=\"135\" srcset=\"https:\/\/fernandesrinhel.com.br\/site\/wp-content\/uploads\/2019\/11\/logo500-fernandes-rinhel-pb.png 500w, https:\/\/fernandesrinhel.com.br\/site\/wp-content\/uploads\/2019\/11\/logo500-fernandes-rinhel-pb-300x81.png 300w\" sizes=\"(max-width: 500px) 100vw, 500px\" \/><\/p>\n<p>[\/vc_column_text][vc_empty_space height=&#8221;100px&#8221;][vc_column_text css=&#8221;.vc_custom_1683570830833{padding-right: 30px !important;padding-left: 30px !important;}&#8221;]<\/p>\n<h1 style=\"text-align: center;\"><span style=\"color: #ffffff;\">Somos especialistas em <b>M&amp;A:<br \/>\nFus\u00f5es e Aquisi\u00e7\u00f5es<br \/>\n<\/b><\/span><\/h1>\n<p>[\/vc_column_text][vc_column_text]<\/p>\n<p style=\"text-align: center;\"><span style=\"color: #ffffff;\">Possu\u00edmos expertise multissetorial. Nosso diferencial \u00e9 o atendimento consultivo e sob medida para o perfil e necessidade de cada cliente.<\/span><\/p>\n<p>[\/vc_column_text][vc_empty_space height=&#8221;250px&#8221;][action full_width=&#8221;yes&#8221; content_in_grid=&#8221;yes&#8221; type=&#8221;simple&#8221; text_font_weight=&#8221;400&#8243; show_button=&#8221;yes&#8221; button_text=&#8221;Fale Conosco&#8221; button_hover_text_color=&#8221;#ffffff&#8221; background_color=&#8221;#174070&#8243; button_hover_background_color=&#8221;#2362aa&#8221; button_link=&#8221;https:\/\/fernandesrinhel.com.br\/site\/mea\/#simular&#8221;]<strong>SOLICITE UMA AN\u00c1LISE COM NOSSO TIME DE ESPECIALISTAS<\/strong>[\/action][\/vc_column][\/vc_row][vc_row css_animation=&#8221;&#8221; row_type=&#8221;row&#8221; use_row_as_full_screen_section=&#8221;no&#8221; type=&#8221;grid&#8221; angled_section=&#8221;no&#8221; text_align=&#8221;left&#8221; background_image_as_pattern=&#8221;without_pattern&#8221; css=&#8221;.vc_custom_1673397543460{padding-top: 240px !important;padding-bottom: 240px !important;background-color: #ffffff !important;}&#8221; z_index=&#8221;&#8221;][vc_column width=&#8221;1\/2&#8243;][vc_column_text]<\/p>\n<p style=\"text-align: center;\"><img loading=\"lazy\" decoding=\"async\" class=\"alignnone wp-image-990 \" src=\"https:\/\/fernandesrinhel.com.br\/site\/wp-content\/uploads\/2023\/01\/Design-sem-nome-5.png\" alt=\"\" width=\"436\" height=\"436\" srcset=\"https:\/\/fernandesrinhel.com.br\/site\/wp-content\/uploads\/2023\/01\/Design-sem-nome-5.png 600w, https:\/\/fernandesrinhel.com.br\/site\/wp-content\/uploads\/2023\/01\/Design-sem-nome-5-150x150.png 150w, https:\/\/fernandesrinhel.com.br\/site\/wp-content\/uploads\/2023\/01\/Design-sem-nome-5-300x300.png 300w, https:\/\/fernandesrinhel.com.br\/site\/wp-content\/uploads\/2023\/01\/Design-sem-nome-5-570x570.png 570w, https:\/\/fernandesrinhel.com.br\/site\/wp-content\/uploads\/2023\/01\/Design-sem-nome-5-500x500.png 500w\" sizes=\"(max-width: 436px) 100vw, 436px\" \/><\/p>\n<p>[\/vc_column_text][\/vc_column][vc_column width=&#8221;1\/2&#8243;][vc_empty_space][vc_column_text]<\/p>\n<h1><strong>O QUE FAZEMOS<\/strong><\/h1>\n<p>[\/vc_column_text][vc_column_text]<\/p>\n<h2 class=\"elementor-heading-title elementor-size-default\"><strong>Veja como podemos lhe ajudar<\/strong><\/h2>\n<p>[\/vc_column_text][vc_separator type=&#8221;small&#8221; position=&#8221;left&#8221; color=&#8221;#ffffff&#8221;][vc_column_text]<\/p>\n<h3><strong><span style=\"color: #000000;\">Foque em seu neg\u00f3cio enquanto n\u00f3s cuidamos da burocracia.<\/span><\/strong><\/h3>\n<h3><span style=\"font-weight: 400; color: #000000;\">Assessoria na defini\u00e7\u00e3o da estrat\u00e9gia e na coordena\u00e7\u00e3o das diversas fases do processo de compra ou venda de uma empresa; <\/span><\/h3>\n<h3><span style=\"font-weight: 400; color: #000000;\">Preparamos sua empresa para venda, fus\u00e3o ou rodadas de investimento, incluindo quest\u00f5es de governan\u00e7a, Due Diligence, demonstra\u00e7\u00f5es financeiras, avalia\u00e7\u00e3o, plano de investimentos, etc.<\/span><\/h3>\n<p>[\/vc_column_text][vc_column_text css=&#8221;.vc_custom_1688662460337{padding-top: 15px !important;}&#8221;]<\/p>\n<h3><span style=\"font-weight: 400; color: #000000;\">&#8211; Achamos um comprador para sua empresa de forma segura.<\/span><\/h3>\n<h3><span style=\"font-weight: 400; color: #000000;\">&#8211; Adequa\u00e7\u00e3o do seu neg\u00f3cio para ir ao mercado.<\/span><\/h3>\n<h3><span style=\"font-weight: 400; color: #000000;\">&#8211; <\/span><span style=\"font-weight: 400; color: #000000;\">Investimento para crescer a liquidez para o seu neg\u00f3cio.<\/span><\/h3>\n<h3><\/h3>\n<p>[\/vc_column_text][vc_empty_space][button target=&#8221;_self&#8221; hover_type=&#8221;default&#8221; text=&#8221;FALAR COM O CONSULTOR&#8221; link=&#8221;https:\/\/fernandesrinhel.com.br\/site\/mea\/#simular&#8221;][\/vc_column][\/vc_row][vc_row css_animation=&#8221;&#8221; row_type=&#8221;row&#8221; use_row_as_full_screen_section=&#8221;no&#8221; type=&#8221;grid&#8221; angled_section=&#8221;no&#8221; text_align=&#8221;left&#8221; background_image_as_pattern=&#8221;without_pattern&#8221; css=&#8221;.vc_custom_1673397619949{padding-top: 80px !important;padding-bottom: 60px !important;background-image: url(https:\/\/fernandesrinhel.com.br\/site\/wp-content\/uploads\/2022\/11\/afundo-1.jpg?id=910) !important;}&#8221; z_index=&#8221;&#8221;][vc_column][vc_row_inner row_type=&#8221;row&#8221; type=&#8221;full_width&#8221; text_align=&#8221;left&#8221; css_animation=&#8221;&#8221;][vc_column_inner width=&#8221;1\/4&#8243;][vc_column_text]<\/p>\n<p style=\"text-align: center;\"><img loading=\"lazy\" decoding=\"async\" class=\"alignnone wp-image-891\" src=\"https:\/\/fernandesrinhel.com.br\/site\/wp-content\/uploads\/2022\/11\/icon-mea-300x300.png\" alt=\"\" width=\"180\" height=\"180\" srcset=\"https:\/\/fernandesrinhel.com.br\/site\/wp-content\/uploads\/2022\/11\/icon-mea-300x300.png 300w, https:\/\/fernandesrinhel.com.br\/site\/wp-content\/uploads\/2022\/11\/icon-mea-150x150.png 150w, https:\/\/fernandesrinhel.com.br\/site\/wp-content\/uploads\/2022\/11\/icon-mea.png 350w\" sizes=\"(max-width: 180px) 100vw, 180px\" \/><\/p>\n<p>[\/vc_column_text][vc_column_text]<\/p>\n<h2 class=\"elementor-image-box-title\" style=\"text-align: center;\"><span style=\"color: #ffffff;\"><strong>Valuation<\/strong><\/span><\/h2>\n<p>[\/vc_column_text][vc_empty_space][\/vc_column_inner][vc_column_inner width=&#8221;1\/4&#8243;][vc_column_text]<\/p>\n<p style=\"text-align: center;\"><img loading=\"lazy\" decoding=\"async\" class=\"alignnone wp-image-894\" src=\"https:\/\/fernandesrinhel.com.br\/site\/wp-content\/uploads\/2022\/11\/icon-fusao-300x300.png\" alt=\"\" width=\"180\" height=\"180\" srcset=\"https:\/\/fernandesrinhel.com.br\/site\/wp-content\/uploads\/2022\/11\/icon-fusao-300x300.png 300w, https:\/\/fernandesrinhel.com.br\/site\/wp-content\/uploads\/2022\/11\/icon-fusao-150x150.png 150w, https:\/\/fernandesrinhel.com.br\/site\/wp-content\/uploads\/2022\/11\/icon-fusao.png 350w\" sizes=\"(max-width: 180px) 100vw, 180px\" \/><\/p>\n<p>[\/vc_column_text][vc_column_text]<\/p>\n<h2 class=\"elementor-image-box-title\" style=\"text-align: center;\"><span style=\"color: #ffffff;\"><strong>Incorpora\u00e7\u00e3o de Empresas<\/strong><\/span><\/h2>\n<p>[\/vc_column_text][vc_empty_space][\/vc_column_inner][vc_column_inner width=&#8221;1\/4&#8243;][vc_column_text]<\/p>\n<p style=\"text-align: center;\"><img loading=\"lazy\" decoding=\"async\" class=\"alignnone wp-image-902\" src=\"https:\/\/fernandesrinhel.com.br\/site\/wp-content\/uploads\/2022\/11\/laudo-300x300.png\" alt=\"\" width=\"180\" height=\"180\" srcset=\"https:\/\/fernandesrinhel.com.br\/site\/wp-content\/uploads\/2022\/11\/laudo-300x300.png 300w, https:\/\/fernandesrinhel.com.br\/site\/wp-content\/uploads\/2022\/11\/laudo-150x150.png 150w, https:\/\/fernandesrinhel.com.br\/site\/wp-content\/uploads\/2022\/11\/laudo.png 350w\" sizes=\"(max-width: 180px) 100vw, 180px\" \/><\/p>\n<p>[\/vc_column_text][vc_column_text]<\/p>\n<h2 style=\"text-align: center;\"><span style=\"color: #ffffff;\"><strong>Estrutura\u00e7\u00e3o jur\u00eddica para rodada de investimento<\/strong><\/span><\/h2>\n<p>[\/vc_column_text][vc_empty_space][\/vc_column_inner][vc_column_inner width=&#8221;1\/4&#8243;][vc_column_text]<\/p>\n<p style=\"text-align: center;\"><img loading=\"lazy\" decoding=\"async\" class=\"alignnone wp-image-897\" src=\"https:\/\/fernandesrinhel.com.br\/site\/wp-content\/uploads\/2022\/11\/icon-societario-300x300.png\" alt=\"\" width=\"180\" height=\"180\" srcset=\"https:\/\/fernandesrinhel.com.br\/site\/wp-content\/uploads\/2022\/11\/icon-societario-300x300.png 300w, https:\/\/fernandesrinhel.com.br\/site\/wp-content\/uploads\/2022\/11\/icon-societario-150x150.png 150w, https:\/\/fernandesrinhel.com.br\/site\/wp-content\/uploads\/2022\/11\/icon-societario.png 350w\" sizes=\"(max-width: 180px) 100vw, 180px\" \/><\/p>\n<p>[\/vc_column_text][vc_column_text]<\/p>\n<h2 class=\"elementor-image-box-title\" style=\"text-align: center;\"><span style=\"color: #ffffff;\"><strong>LGPD<\/strong><\/span><\/h2>\n<p>[\/vc_column_text][vc_empty_space][\/vc_column_inner][\/vc_row_inner][vc_row_inner row_type=&#8221;row&#8221; type=&#8221;full_width&#8221; text_align=&#8221;left&#8221; css_animation=&#8221;&#8221;][vc_column_inner width=&#8221;1\/4&#8243;][vc_column_text]<\/p>\n<p style=\"text-align: center;\"><img loading=\"lazy\" decoding=\"async\" class=\"alignnone wp-image-899\" src=\"https:\/\/fernandesrinhel.com.br\/site\/wp-content\/uploads\/2022\/11\/avalia-marca-300x300.png\" alt=\"\" width=\"180\" height=\"180\" srcset=\"https:\/\/fernandesrinhel.com.br\/site\/wp-content\/uploads\/2022\/11\/avalia-marca-300x300.png 300w, https:\/\/fernandesrinhel.com.br\/site\/wp-content\/uploads\/2022\/11\/avalia-marca-150x150.png 150w, https:\/\/fernandesrinhel.com.br\/site\/wp-content\/uploads\/2022\/11\/avalia-marca.png 350w\" sizes=\"(max-width: 180px) 100vw, 180px\" \/><\/p>\n<p>[\/vc_column_text][vc_column_text]<\/p>\n<h2 style=\"text-align: center;\"><span style=\"color: #ffffff;\"><strong>Estrutura\u00e7\u00e3o cont\u00e1bil para rodada de investimento<\/strong><\/span><\/h2>\n<p>[\/vc_column_text][vc_empty_space][\/vc_column_inner][vc_column_inner width=&#8221;1\/4&#8243;][vc_column_text]<\/p>\n<p style=\"text-align: center;\"><img loading=\"lazy\" decoding=\"async\" class=\"alignnone wp-image-903\" src=\"https:\/\/fernandesrinhel.com.br\/site\/wp-content\/uploads\/2022\/11\/startup-300x300.png\" alt=\"\" width=\"180\" height=\"180\" srcset=\"https:\/\/fernandesrinhel.com.br\/site\/wp-content\/uploads\/2022\/11\/startup-300x300.png 300w, https:\/\/fernandesrinhel.com.br\/site\/wp-content\/uploads\/2022\/11\/startup-150x150.png 150w, https:\/\/fernandesrinhel.com.br\/site\/wp-content\/uploads\/2022\/11\/startup.png 350w\" sizes=\"(max-width: 180px) 100vw, 180px\" \/><\/p>\n<p>[\/vc_column_text][vc_column_text]<\/p>\n<h2 class=\"elementor-image-box-title\" style=\"text-align: center;\"><span style=\"color: #ffffff;\"><strong>Consultoria para Startups<\/strong><\/span><\/h2>\n<p>[\/vc_column_text][vc_empty_space][\/vc_column_inner][vc_column_inner width=&#8221;1\/4&#8243;][vc_column_text]<\/p>\n<p style=\"text-align: center;\"><img loading=\"lazy\" decoding=\"async\" class=\"alignnone wp-image-895\" src=\"https:\/\/fernandesrinhel.com.br\/site\/wp-content\/uploads\/2022\/11\/avalia-ativos-fusao-300x300.png\" alt=\"\" width=\"180\" height=\"180\" srcset=\"https:\/\/fernandesrinhel.com.br\/site\/wp-content\/uploads\/2022\/11\/avalia-ativos-fusao-300x300.png 300w, https:\/\/fernandesrinhel.com.br\/site\/wp-content\/uploads\/2022\/11\/avalia-ativos-fusao-150x150.png 150w, https:\/\/fernandesrinhel.com.br\/site\/wp-content\/uploads\/2022\/11\/avalia-ativos-fusao.png 350w\" sizes=\"(max-width: 180px) 100vw, 180px\" \/><\/p>\n<p>[\/vc_column_text][vc_column_text]<\/p>\n<h2 class=\"elementor-image-box-title\" style=\"text-align: center;\"><span style=\"color: #ffffff;\"><strong>Avalia\u00e7\u00e3o de Ativos<\/strong><\/span><\/h2>\n<p>[\/vc_column_text][vc_empty_space][\/vc_column_inner][vc_column_inner width=&#8221;1\/4&#8243;][vc_column_text]<\/p>\n<p style=\"text-align: center;\"><img loading=\"lazy\" decoding=\"async\" class=\"alignnone wp-image-905\" src=\"https:\/\/fernandesrinhel.com.br\/site\/wp-content\/uploads\/2022\/11\/joint-300x300.png\" alt=\"\" width=\"180\" height=\"180\" srcset=\"https:\/\/fernandesrinhel.com.br\/site\/wp-content\/uploads\/2022\/11\/joint-300x300.png 300w, https:\/\/fernandesrinhel.com.br\/site\/wp-content\/uploads\/2022\/11\/joint-150x150.png 150w, https:\/\/fernandesrinhel.com.br\/site\/wp-content\/uploads\/2022\/11\/joint.png 350w\" sizes=\"(max-width: 180px) 100vw, 180px\" \/><\/p>\n<p>[\/vc_column_text][vc_column_text]<\/p>\n<h2 style=\"text-align: center;\"><span style=\"color: #ffffff;\"><strong>M&amp;A Sell\/Buy-Side\u00a0<\/strong><\/span><\/h2>\n<p>[\/vc_column_text][vc_empty_space][\/vc_column_inner][\/vc_row_inner][\/vc_column][\/vc_row][vc_row css_animation=&#8221;&#8221; row_type=&#8221;row&#8221; use_row_as_full_screen_section=&#8221;no&#8221; type=&#8221;grid&#8221; angled_section=&#8221;no&#8221; text_align=&#8221;left&#8221; background_image_as_pattern=&#8221;without_pattern&#8221; css=&#8221;.vc_custom_1673397497666{padding-top: 240px !important;padding-bottom: 240px !important;background-color: #ffffff !important;}&#8221; z_index=&#8221;&#8221;][vc_column width=&#8221;1\/2&#8243;][vc_empty_space][vc_column_text]<\/p>\n<h1><span style=\"color: #000000;\"><strong>COMO FAZEMOS<\/strong><\/span><\/h1>\n<p>[\/vc_column_text][vc_column_text]<\/p>\n<h2 class=\"elementor-heading-title elementor-size-default\">Expertise multissetorial<\/h2>\n<p>[\/vc_column_text][vc_separator type=&#8221;small&#8221; position=&#8221;left&#8221; color=&#8221;#ffffff&#8221;][vc_column_text]<\/p>\n<h3><span style=\"color: #000000;\"><b>Venda seu Ativo:<\/b><span style=\"font-weight: 400;\"> Auxiliamos na venda do seu neg\u00f3cio para o cliente correto. Processo efetivo e seguro, desde a parte jur\u00eddica, dilig\u00eancia fiscal, Valuation e negocia\u00e7\u00f5es.<\/span><\/span><\/h3>\n<h3><\/h3>\n<p>[\/vc_column_text][vc_empty_space][vc_column_text]<\/p>\n<h3><span style=\"color: #000000;\"><b>S\u00f3cios Investidores:<\/b><span style=\"font-weight: 400;\"> Capte recursos atrav\u00e9s de opera\u00e7\u00f5es de equity, atraindo s\u00f3cios para seu neg\u00f3cio.<\/span><\/span><\/h3>\n<p>[\/vc_column_text][vc_empty_space][vc_column_text]<\/p>\n<h3><span style=\"color: #000000;\"><b>Capta\u00e7\u00e3o de Recursos:<\/b><span style=\"font-weight: 400;\"> Capte recursos atrav\u00e9s de opera\u00e7\u00f5es de cr\u00e9ditos judiciais, cr\u00e9ditos vencidos, ag\u00eancias de fomento e mais.<\/span><\/span><\/h3>\n<p>[\/vc_column_text][vc_empty_space][button target=&#8221;_self&#8221; hover_type=&#8221;default&#8221; text=&#8221;FALAR COM O CONSULTOR&#8221; link=&#8221;https:\/\/fernandesrinhel.com.br\/site\/mea\/#simular&#8221;][\/vc_column][vc_column width=&#8221;1\/2&#8243;][vc_column_text]<\/p>\n<p style=\"text-align: center;\"><img loading=\"lazy\" decoding=\"async\" class=\"alignnone wp-image-992 \" src=\"https:\/\/fernandesrinhel.com.br\/site\/wp-content\/uploads\/2023\/01\/Design-sem-nome-4.png\" alt=\"\" width=\"511\" height=\"511\" srcset=\"https:\/\/fernandesrinhel.com.br\/site\/wp-content\/uploads\/2023\/01\/Design-sem-nome-4.png 600w, https:\/\/fernandesrinhel.com.br\/site\/wp-content\/uploads\/2023\/01\/Design-sem-nome-4-150x150.png 150w, https:\/\/fernandesrinhel.com.br\/site\/wp-content\/uploads\/2023\/01\/Design-sem-nome-4-300x300.png 300w, https:\/\/fernandesrinhel.com.br\/site\/wp-content\/uploads\/2023\/01\/Design-sem-nome-4-570x570.png 570w, https:\/\/fernandesrinhel.com.br\/site\/wp-content\/uploads\/2023\/01\/Design-sem-nome-4-500x500.png 500w\" sizes=\"(max-width: 511px) 100vw, 511px\" \/><\/p>\n<p>[\/vc_column_text][\/vc_column][\/vc_row][vc_row css_animation=&#8221;&#8221; row_type=&#8221;row&#8221; use_row_as_full_screen_section=&#8221;no&#8221; type=&#8221;grid&#8221; anchor=&#8221;simular&#8221; angled_section=&#8221;no&#8221; text_align=&#8221;left&#8221; background_image_as_pattern=&#8221;without_pattern&#8221; css=&#8221;.vc_custom_1673398401759{padding-top: 100px !important;padding-bottom: 100px !important;background: #efefef url(https:\/\/fernandesrinhel.com.br\/site\/wp-content\/uploads\/2023\/01\/1.jpg?id=997) !important;}&#8221; z_index=&#8221;&#8221;][vc_column width=&#8221;1\/4&#8243;][\/vc_column][vc_column width=&#8221;1\/2&#8243;][vc_column_text]<\/p>\n<h1 style=\"text-align: center;\"><span style=\"color: #000000;\"><strong>SOLICITE UMA AN\u00c1LISE<\/strong><\/span><\/h1>\n<p>[\/vc_column_text][vc_column_text]<\/p>\n<h2 class=\"elementor-heading-title elementor-size-default\" style=\"text-align: center;\"><span style=\"color: #000000;\">Preencha as informa\u00e7\u00f5es abaixo e receba o contato de nosso consultor<\/span><\/h2>\n<p>[\/vc_column_text][vc_empty_space][vc_column_text]<script charset=\"utf-8\" type=\"text\/javascript\" src=\"\/\/js.hsforms.net\/forms\/embed\/v2.js\"><\/script><br \/>\n<script>\n  hbspt.forms.create({\n    region: \"na1\",\n    portalId: \"23585335\",\n    formId: \"41359eda-ac31-4392-8183-006e4f4df115\"\n  });\n<\/script>[\/vc_column_text][\/vc_column][vc_column width=&#8221;1\/4&#8243;][\/vc_column][\/vc_row]<\/p>\n<\/div>","protected":false},"excerpt":{"rendered":"<p>[vc_row css_animation=&#8221;&#8221; row_type=&#8221;row&#8221; use_row_as_full_screen_section=&#8221;no&#8221; type=&#8221;full_width&#8221; angled_section=&#8221;no&#8221; text_align=&#8221;left&#8221; background_image_as_pattern=&#8221;without_pattern&#8221; css=&#8221;.vc_custom_1669290355824{padding-top: 100px !important;background-image: url(https:\/\/fernandesrinhel.com.br\/site\/wp-content\/uploads\/2022\/09\/3.jpg?id=752) !important;}&#8221; z_index=&#8221;&#8221;][vc_column][vc_empty_space height=&#8221;90px&#8221;][vc_column_text css=&#8221;.vc_custom_1670866361787{padding-right: 40px !important;padding-left: 40px !important;}&#8221;] [&hellip;]<\/p>\n","protected":false},"author":1,"featured_media":0,"parent":0,"menu_order":0,"comment_status":"closed","ping_status":"closed","template":"landing_page.php","meta":{"content-type":"","_uag_custom_page_level_css":"","site-sidebar-layout":"no-sidebar","site-content-layout":"plain-container","ast-site-content-layout":"","site-content-style":"default","site-sidebar-style":"default","ast-global-header-display":"","ast-banner-title-visibility":"","ast-main-header-display":"","ast-hfb-above-header-display":"","ast-hfb-below-header-display":"","ast-hfb-mobile-header-display":"","site-post-title":"disabled","ast-breadcrumbs-content":"","ast-featured-img":"disabled","footer-sml-layout":"","theme-transparent-header-meta":"","adv-header-id-meta":"","stick-header-meta":"","header-above-stick-meta":"","header-main-stick-meta":"","header-below-stick-meta":"","astra-migrate-meta-layouts":"default","ast-page-background-enabled":"default","ast-page-background-meta":{"desktop":{"background-color":"var(--ast-global-color-4)","background-image":"","background-repeat":"repeat","background-position":"center center","background-size":"auto","background-attachment":"scroll","background-type":"","background-media":"","overlay-type":"","overlay-color":"","overlay-opacity":"","overlay-gradient":""},"tablet":{"background-color":"","background-image":"","background-repeat":"repeat","background-position":"center center","background-size":"auto","background-attachment":"scroll","background-type":"","background-media":"","overlay-type":"","overlay-color":"","overlay-opacity":"","overlay-gradient":""},"mobile":{"background-color":"","background-image":"","background-repeat":"repeat","background-position":"center center","background-size":"auto","background-attachment":"scroll","background-type":"","background-media":"","overlay-type":"","overlay-color":"","overlay-opacity":"","overlay-gradient":""}},"ast-content-background-meta":{"desktop":{"background-color":"var(--ast-global-color-5)","background-image":"","background-repeat":"repeat","background-position":"center center","background-size":"auto","background-attachment":"scroll","background-type":"","background-media":"","overlay-type":"","overlay-color":"","overlay-opacity":"","overlay-gradient":""},"tablet":{"background-color":"var(--ast-global-color-5)","background-image":"","background-repeat":"repeat","background-position":"center center","background-size":"auto","background-attachment":"scroll","background-type":"","background-media":"","overlay-type":"","overlay-color":"","overlay-opacity":"","overlay-gradient":""},"mobile":{"background-color":"var(--ast-global-color-5)","background-image":"","background-repeat":"repeat","background-position":"center center","background-size":"auto","background-attachment":"scroll","background-type":"","background-media":"","overlay-type":"","overlay-color":"","overlay-opacity":"","overlay-gradient":""}},"footnotes":""},"class_list":["post-937","page","type-page","status-publish","hentry"],"uagb_featured_image_src":{"full":false,"thumbnail":false,"medium":false,"medium_large":false,"large":false,"1536x1536":false,"2048x2048":false},"uagb_author_info":{"display_name":"suporte","author_link":"https:\/\/fernandesrinhel.com.br\/site\/author\/suporte\/"},"uagb_comment_info":0,"uagb_excerpt":"[vc_row css_animation=&#8221;&#8221; row_type=&#8221;row&#8221; use_row_as_full_screen_section=&#8221;no&#8221; type=&#8221;full_width&#8221; angled_section=&#8221;no&#8221; text_align=&#8221;left&#8221; background_image_as_pattern=&#8221;without_pattern&#8221; css=&#8221;.vc_custom_1669290355824{padding-top: 100px !important;background-image: url(https:\/\/fernandesrinhel.com.br\/site\/wp-content\/uploads\/2022\/09\/3.jpg?id=752) !important;}&#8221; z_index=&#8221;&#8221;][vc_column][vc_empty_space height=&#8221;90px&#8221;][vc_column_text css=&#8221;.vc_custom_1670866361787{padding-right: 40px !important;padding-left: 40px !important;}&#8221;] [&hellip;]","_links":{"self":[{"href":"https:\/\/fernandesrinhel.com.br\/site\/wp-json\/wp\/v2\/pages\/937"}],"collection":[{"href":"https:\/\/fernandesrinhel.com.br\/site\/wp-json\/wp\/v2\/pages"}],"about":[{"href":"https:\/\/fernandesrinhel.com.br\/site\/wp-json\/wp\/v2\/types\/page"}],"author":[{"embeddable":true,"href":"https:\/\/fernandesrinhel.com.br\/site\/wp-json\/wp\/v2\/users\/1"}],"replies":[{"embeddable":true,"href":"https:\/\/fernandesrinhel.com.br\/site\/wp-json\/wp\/v2\/comments?post=937"}],"version-history":[{"count":42,"href":"https:\/\/fernandesrinhel.com.br\/site\/wp-json\/wp\/v2\/pages\/937\/revisions"}],"predecessor-version":[{"id":1319,"href":"https:\/\/fernandesrinhel.com.br\/site\/wp-json\/wp\/v2\/pages\/937\/revisions\/1319"}],"wp:attachment":[{"href":"https:\/\/fernandesrinhel.com.br\/site\/wp-json\/wp\/v2\/media?parent=937"}],"curies":[{"name":"wp","href":"https:\/\/api.w.org\/{rel}","templated":true}]}}