{"id":935,"date":"2022-12-12T14:59:51","date_gmt":"2022-12-12T16:59:51","guid":{"rendered":"https:\/\/fernandesrinhel.com.br\/site\/?page_id=935"},"modified":"2024-06-04T19:15:39","modified_gmt":"2024-06-04T22:15:39","slug":"holding3","status":"publish","type":"page","link":"https:\/\/fernandesrinhel.com.br\/site\/holding3\/","title":{"rendered":"Holding3"},"content":{"rendered":"<div class=\"wpb-content-wrapper\"><p>[vc_row css_animation=&#8221;&#8221; row_type=&#8221;row&#8221; use_row_as_full_screen_section=&#8221;no&#8221; type=&#8221;grid&#8221; anchor=&#8221;simular&#8221; angled_section=&#8221;no&#8221; text_align=&#8221;left&#8221; background_image_as_pattern=&#8221;without_pattern&#8221; css=&#8221;.vc_custom_1691001096360{padding-top: 100px !important;background-image: url(https:\/\/fernandesrinhel.com.br\/site\/wp-content\/uploads\/2022\/09\/3.jpg?id=752) !important;}&#8221; z_index=&#8221;&#8221;][vc_column width=&#8221;1\/2&#8243;][vc_empty_space height=&#8221;90px&#8221;][vc_column_text css=&#8221;.vc_custom_1691001163010{padding-right: 40px !important;padding-left: 40px !important;}&#8221;]<\/p>\n<p style=\"text-align: center;\"><a href=\"https:\/\/fernandesrinhel.com.br\/site\/\" target=\"_blank\" rel=\"noopener\"><img loading=\"lazy\" decoding=\"async\" class=\"alignnone wp-image-373 size-full\" src=\"https:\/\/fernandesrinhel.com.br\/site\/wp-content\/uploads\/2019\/11\/logo500-fernandes-rinhel-pb.png\" alt=\"\" width=\"500\" height=\"135\" srcset=\"https:\/\/fernandesrinhel.com.br\/site\/wp-content\/uploads\/2019\/11\/logo500-fernandes-rinhel-pb.png 500w, https:\/\/fernandesrinhel.com.br\/site\/wp-content\/uploads\/2019\/11\/logo500-fernandes-rinhel-pb-300x81.png 300w\" sizes=\"(max-width: 500px) 100vw, 500px\" \/><\/a><\/p>\n<p>[\/vc_column_text][vc_empty_space height=&#8221;60px&#8221;][vc_column_text css=&#8221;.vc_custom_1692893019434{padding-right: 30px !important;padding-left: 30px !important;}&#8221;]<\/p>\n<div class=\"wpb_text_column wpb_content_element \">\n<div class=\"wpb_wrapper\">\n<div class=\"wpb_text_column wpb_content_element vc_custom_1670866144209\">\n<div class=\"wpb_wrapper\">\n<h1 style=\"text-align: center;\"><span style=\"color: #ffffff;\"><strong>PROTEJA<\/strong> seu patrim\u00f4nio e <strong>REDUZA<\/strong> em at\u00e9 90% os custos com escrituras, tributos e despesas.<\/span><\/h1>\n<\/div>\n<\/div>\n<\/div>\n<\/div>\n<p>[\/vc_column_text][vc_empty_space height=&#8221;40px&#8221;][vc_column_text css=&#8221;.vc_custom_1693935431627{padding-right: 30px !important;padding-left: 30px !important;}&#8221;]<\/p>\n<h1 style=\"text-align: center;\"><span style=\"color: #ffffff;\">Somos especialistas em <strong>Estrutura\u00e7\u00e3o de Holding Familiar e Patrimonial<\/strong><\/span><\/h1>\n<p>[\/vc_column_text][vc_empty_space height=&#8221;20px&#8221;][vc_empty_space height=&#8221;250px&#8221;][\/vc_column][vc_column width=&#8221;1\/2&#8243;][vc_empty_space][vc_row_inner row_type=&#8221;row&#8221; type=&#8221;full_width&#8221; text_align=&#8221;left&#8221; css_animation=&#8221;&#8221;][vc_column_inner css=&#8221;.vc_custom_1691001294834{padding-top: 30px !important;padding-right: 30px !important;padding-bottom: 30px !important;padding-left: 30px !important;background-color: #ffffff !important;}&#8221;][vc_column_text]<\/p>\n<h1 style=\"text-align: center;\"><span style=\"color: #1f1e82;\"><strong>FA\u00c7A UMA SIMULA\u00c7\u00c3O<\/strong><\/span><\/h1>\n<p>[\/vc_column_text][vc_column_text]<\/p>\n<h3 class=\"elementor-heading-title elementor-size-default\" style=\"text-align: center;\"><span style=\"color: #333399;\">Preencha as informa\u00e7\u00f5es abaixo e receba uma simula\u00e7\u00e3o<\/span><\/h3>\n<p>[\/vc_column_text][vc_empty_space][vc_column_text]<script charset=\"utf-8\" type=\"text\/javascript\" src=\"\/\/js.hsforms.net\/forms\/embed\/v2.js\"><\/script><br \/>\n<script>\n  hbspt.forms.create({\n    region: \"na1\",\n    portalId: \"23585335\",\n    formId: \"007fc183-340c-40d0-b361-6b3e98eb6807\"\n  });\n<\/script>[\/vc_column_text][\/vc_column_inner][\/vc_row_inner][vc_empty_space height=&#8221;52px&#8221;][\/vc_column][\/vc_row][vc_row css_animation=&#8221;&#8221; row_type=&#8221;row&#8221; use_row_as_full_screen_section=&#8221;no&#8221; type=&#8221;full_width&#8221; angled_section=&#8221;no&#8221; text_align=&#8221;left&#8221; background_image_as_pattern=&#8221;without_pattern&#8221;][vc_column][action full_width=&#8221;yes&#8221; content_in_grid=&#8221;yes&#8221; type=&#8221;simple&#8221; text_font_weight=&#8221;400&#8243; show_button=&#8221;yes&#8221; button_target=&#8221;_blank&#8221; button_text=&#8221;FALE CONOSCO PELO WHATSAPP&#8221; button_hover_text_color=&#8221;#ffffff&#8221; background_color=&#8221;#212990&#8243; button_hover_background_color=&#8221;#00b518&#8243; button_link=&#8221;https:\/\/api.whatsapp.com\/send\/?phone=5548991252316&amp;text&amp;type=phone_number&amp;app_absent=0&#8243; button_background_color=&#8221;#1cd45e&#8221; button_hover_border_color=&#8221;#ffffff&#8221; button_text_color=&#8221;#ffffff&#8221; button_border_color=&#8221;#ffffff&#8221;]<strong>Solicite uma an\u00e1lise e simula\u00e7\u00e3o para a sua necessidade.<\/strong>[\/action][\/vc_column][\/vc_row][vc_row css_animation=&#8221;&#8221; row_type=&#8221;row&#8221; use_row_as_full_screen_section=&#8221;no&#8221; type=&#8221;grid&#8221; angled_section=&#8221;no&#8221; text_align=&#8221;left&#8221; background_image_as_pattern=&#8221;without_pattern&#8221; css=&#8221;.vc_custom_1669294721018{padding-top: 40px !important;padding-bottom: 40px !important;background-color: #ffffff !important;}&#8221; z_index=&#8221;&#8221;][vc_column width=&#8221;1\/2&#8243;][vc_empty_space height=&#8221;25px&#8221;][vc_column_text]<\/p>\n<p style=\"text-align: center;\"><img loading=\"lazy\" decoding=\"async\" class=\"alignnone wp-image-1301 size-full\" src=\"https:\/\/fernandesrinhel.com.br\/site\/wp-content\/uploads\/2023\/08\/Design-sem-nome-4.png\" alt=\"\" width=\"450\" height=\"450\" srcset=\"https:\/\/fernandesrinhel.com.br\/site\/wp-content\/uploads\/2023\/08\/Design-sem-nome-4.png 450w, https:\/\/fernandesrinhel.com.br\/site\/wp-content\/uploads\/2023\/08\/Design-sem-nome-4-300x300.png 300w, https:\/\/fernandesrinhel.com.br\/site\/wp-content\/uploads\/2023\/08\/Design-sem-nome-4-150x150.png 150w\" sizes=\"(max-width: 450px) 100vw, 450px\" \/><\/p>\n<p>[\/vc_column_text][vc_empty_space height=&#8221;50px&#8221;][\/vc_column][vc_column width=&#8221;1\/2&#8243;][vc_empty_space height=&#8221;82px&#8221;][vc_column_text]<\/p>\n<h2><strong>Voc\u00ea j\u00e1 parou para pensar que, ao falecer, uma pessoa pode destinar at\u00e9 20% de seu suado patrim\u00f4nio para tributos, encargos e despesas relacionadas ao invent\u00e1rio? Parece assustador, n\u00e3o \u00e9 mesmo?<\/strong><\/h2>\n<p>[\/vc_column_text][vc_empty_space height=&#8221;25px&#8221;][vc_column_text]<strong>No entanto, temos uma solu\u00e7\u00e3o brilhante que pode mudar completamente esse cen\u00e1rio: o planejamento patrimonial por meio de uma Holding.<\/strong><\/p>\n<p><strong>Mas aqui est\u00e1 o segredo: a Holding n\u00e3o \u00e9 um conceito est\u00e1tico e \u00fanico. Na verdade, dentro desse universo, encontramos diversos tipos, cada qual atendendo a diferentes necessidades. Temos a Holding Patrimonial, a Holding Administrativa e, especialmente importante, a Holding Familiar.<\/strong><\/p>\n<p><strong>A escolha entre essas op\u00e7\u00f5es depende das suas metas e objetivos.<\/strong>[\/vc_column_text][vc_empty_space height=&#8221;42px&#8221;][\/vc_column][\/vc_row][vc_row css_animation=&#8221;&#8221; row_type=&#8221;row&#8221; use_row_as_full_screen_section=&#8221;no&#8221; type=&#8221;grid&#8221; angled_section=&#8221;no&#8221; text_align=&#8221;left&#8221; background_image_as_pattern=&#8221;without_pattern&#8221; css=&#8221;.vc_custom_1692893874772{padding-top: 140px !important;padding-bottom: 240px !important;background-image: url(https:\/\/fernandesrinhel.com.br\/site\/wp-content\/uploads\/2022\/09\/2.jpg?id=751) !important;}&#8221; z_index=&#8221;&#8221;][vc_column][vc_empty_space][vc_column_text]<\/p>\n<h1 style=\"text-align: center;\"><span style=\"color: #ffffff;\"><strong>CONHE\u00c7A AS VANTAGENS<\/strong><\/span><\/h1>\n<p>[\/vc_column_text][vc_column_text]<\/p>\n<h2 class=\"elementor-heading-title elementor-size-default\" style=\"text-align: center;\"><span style=\"color: #ffffff;\">Proteja o seu Patrim\u00f4nio<\/span><\/h2>\n<p>[\/vc_column_text][vc_empty_space height=&#8221;42px&#8221;][vc_row_inner row_type=&#8221;row&#8221; type=&#8221;full_width&#8221; text_align=&#8221;left&#8221; css_animation=&#8221;&#8221;][vc_column_inner width=&#8221;1\/3&#8243;][vc_empty_space][vc_column_text]<\/p>\n<p style=\"text-align: center;\"><img loading=\"lazy\" decoding=\"async\" class=\"alignnone wp-image-891\" src=\"https:\/\/fernandesrinhel.com.br\/site\/wp-content\/uploads\/2022\/11\/icon-mea-300x300.png\" alt=\"\" width=\"200\" height=\"200\" srcset=\"https:\/\/fernandesrinhel.com.br\/site\/wp-content\/uploads\/2022\/11\/icon-mea-300x300.png 300w, https:\/\/fernandesrinhel.com.br\/site\/wp-content\/uploads\/2022\/11\/icon-mea-150x150.png 150w, https:\/\/fernandesrinhel.com.br\/site\/wp-content\/uploads\/2022\/11\/icon-mea.png 350w\" sizes=\"(max-width: 200px) 100vw, 200px\" \/><\/p>\n<p>[\/vc_column_text][vc_column_text]<\/p>\n<h2 style=\"text-align: center;\"><span style=\"color: #ffffff;\"><strong>REDU\u00c7\u00c3O DE CUSTOS TOTAIS<\/strong> <\/span><\/h2>\n<p>&nbsp;<\/p>\n<h3 style=\"text-align: justify;\"><span style=\"font-weight: 400; color: #ffffff;\">Da mesma forma que facilita o controle administrativo de diversas unidades produtivas, a ado\u00e7\u00e3o, por exemplo, de uma holding de administra\u00e7\u00e3o, poder\u00e1 garantir um maior controle pelo menor custo, atrav\u00e9s da concentra\u00e7\u00e3o e do enxugamento da estrutura empresarial necess\u00e1ria para administrar o grupo societ\u00e1rio.<\/span><span style=\"font-weight: 400; color: #ffffff;\">.<\/span><\/h3>\n<p>[\/vc_column_text][\/vc_column_inner][vc_column_inner width=&#8221;1\/3&#8243;][vc_empty_space][vc_column_text]<\/p>\n<h3><img loading=\"lazy\" decoding=\"async\" class=\"aligncenter wp-image-897\" src=\"https:\/\/fernandesrinhel.com.br\/site\/wp-content\/uploads\/2022\/11\/icon-societario-300x300.png\" alt=\"\" width=\"200\" height=\"200\" srcset=\"https:\/\/fernandesrinhel.com.br\/site\/wp-content\/uploads\/2022\/11\/icon-societario-300x300.png 300w, https:\/\/fernandesrinhel.com.br\/site\/wp-content\/uploads\/2022\/11\/icon-societario-150x150.png 150w, https:\/\/fernandesrinhel.com.br\/site\/wp-content\/uploads\/2022\/11\/icon-societario.png 350w\" sizes=\"(max-width: 200px) 100vw, 200px\" \/><\/h3>\n<h3 style=\"text-align: center;\"><\/h3>\n<p>[\/vc_column_text][vc_column_text]<\/p>\n<h2 style=\"text-align: center;\"><span style=\"color: #ffffff;\"><strong>PREVEN\u00c7\u00c3O\u00a0DE CONFLITOS FAMILIARES<\/strong><\/span><\/h2>\n<p>&nbsp;<\/p>\n<h3 style=\"text-align: justify;\"><span style=\"font-weight: 400; color: #ffffff;\">Quando a sucess\u00e3o n\u00e3o \u00e9 prescrita por testamento, cada herdeiro leg\u00edtimo tem direito a uma quota do montante total do patrim\u00f4nio. O planejamento sucess\u00f3rio simplifica o processo de aloca\u00e7\u00e3o de bens, evitando que um bem indivis\u00edvel &#8211; um im\u00f3vel, por exemplo &#8211; seja dividido em quotas.<\/span><\/h3>\n<p>[\/vc_column_text][\/vc_column_inner][vc_column_inner width=&#8221;1\/3&#8243;][vc_empty_space][vc_column_text]<\/p>\n<h3 style=\"text-align: center;\"><img loading=\"lazy\" decoding=\"async\" class=\"alignnone wp-image-902\" src=\"https:\/\/fernandesrinhel.com.br\/site\/wp-content\/uploads\/2022\/11\/laudo-300x300.png\" alt=\"\" width=\"200\" height=\"200\" srcset=\"https:\/\/fernandesrinhel.com.br\/site\/wp-content\/uploads\/2022\/11\/laudo-300x300.png 300w, https:\/\/fernandesrinhel.com.br\/site\/wp-content\/uploads\/2022\/11\/laudo-150x150.png 150w, https:\/\/fernandesrinhel.com.br\/site\/wp-content\/uploads\/2022\/11\/laudo.png 350w\" sizes=\"(max-width: 200px) 100vw, 200px\" \/><\/h3>\n<p>[\/vc_column_text][vc_column_text]<\/p>\n<h2 style=\"text-align: center;\"><span style=\"color: #ffffff;\"><strong>ECONOMIA FISCAL LICITA<\/strong><\/span><\/h2>\n<p>&nbsp;<\/p>\n<h3 style=\"text-align: justify;\"><span style=\"font-weight: 400; color: #ffffff;\">A elis\u00e3o fiscal \u00e9 a \u00fanica economia fiscal l\u00edcita no Brasil, obtida legalmente atrav\u00e9s de planejamento tribut\u00e1rio em raz\u00e3o dos neg\u00f3cios do contribuinte, sendo esta uma importante vantagem e atribui\u00e7\u00e3o da holding<\/span><span style=\"font-weight: 400; color: #ffffff;\">.<\/span><\/h3>\n<p>[\/vc_column_text][\/vc_column_inner][\/vc_row_inner][vc_empty_space height=&#8221;62px&#8221;][vc_row_inner row_type=&#8221;row&#8221; type=&#8221;full_width&#8221; text_align=&#8221;left&#8221; css_animation=&#8221;&#8221;][vc_column_inner width=&#8221;1\/3&#8243;][\/vc_column_inner][vc_column_inner width=&#8221;1\/3&#8243;][button target=&#8221;_blank&#8221; hover_type=&#8221;default&#8221; text=&#8221;FALE CONOSCO PELO WHATSAPP&#8221; link=&#8221;https:\/\/api.whatsapp.com\/send\/?phone=5548991252316&amp;text&amp;type=phone_number&amp;app_absent=0&#8243; background_color=&#8221;#1cd45e&#8221; hover_background_color=&#8221;#00b518&#8243; color=&#8221;#ffffff&#8221; hover_color=&#8221;#ffffff&#8221; hover_border_color=&#8221;#ffffff&#8221; border_color=&#8221;#ffffff&#8221;][\/vc_column_inner][vc_column_inner width=&#8221;1\/3&#8243;][\/vc_column_inner][\/vc_row_inner][\/vc_column][\/vc_row][vc_row css_animation=&#8221;&#8221; row_type=&#8221;row&#8221; use_row_as_full_screen_section=&#8221;no&#8221; type=&#8221;full_width&#8221; angled_section=&#8221;no&#8221; text_align=&#8221;left&#8221; background_image_as_pattern=&#8221;without_pattern&#8221; css=&#8221;.vc_custom_1669295938872{padding-top: 50px !important;padding-bottom: 20px !important;background-color: #212990 !important;}&#8221; z_index=&#8221;&#8221;][vc_column][vc_column_text css=&#8221;.vc_custom_1670866144209{margin-top: -9px !important;padding-top: -10px !important;}&#8221;]<\/p>\n<h1 style=\"text-align: center;\"><span style=\"font-weight: 400; color: #ffffff;\">PROTEJA seu patrim\u00f4nio e REDUZA em at\u00e9 90%<\/span><\/h1>\n<p>[\/vc_column_text][vc_column_text css=&#8221;.vc_custom_1670866155305{margin-top: -9px !important;padding-top: -10px !important;}&#8221;]<\/p>\n<h1 style=\"text-align: center;\"><span style=\"font-weight: 400; color: #ffffff;\">os custos com escrituras, tributos e despesas.<\/span><\/h1>\n<p>[\/vc_column_text][vc_empty_space height=&#8221;22px&#8221;][\/vc_column][\/vc_row][vc_row css_animation=&#8221;&#8221; row_type=&#8221;row&#8221; use_row_as_full_screen_section=&#8221;no&#8221; type=&#8221;grid&#8221; angled_section=&#8221;no&#8221; text_align=&#8221;left&#8221; background_image_as_pattern=&#8221;without_pattern&#8221; css=&#8221;.vc_custom_1669292326658{padding-top: 240px !important;padding-bottom: 240px !important;background-image: url(https:\/\/fernandesrinhel.com.br\/site\/wp-content\/uploads\/2022\/11\/escritorio.jpg?id=836) !important;}&#8221; z_index=&#8221;&#8221;][vc_column width=&#8221;1\/2&#8243;][vc_empty_space][vc_column_text]<\/p>\n<h1><span style=\"color: #ffffff;\"><strong>SOBRE N\u00d3S<\/strong><\/span><\/h1>\n<p>[\/vc_column_text][vc_column_text]<\/p>\n<h2 class=\"elementor-heading-title elementor-size-default\"><span style=\"color: #ffffff;\">Expertise multissetorial<\/span><\/h2>\n<p>[\/vc_column_text][vc_separator type=&#8221;small&#8221; position=&#8221;left&#8221; color=&#8221;#ffffff&#8221;][vc_column_text]<\/p>\n<h3><span style=\"color: #ffffff;\">Estamos localizados em Florian\u00f3polis e possu\u00edmos expertise multissetorial. Possu\u00edmos um portf\u00f3lio de clientes de m\u00e9dio e grande porte em todo o territ\u00f3rio nacional. Somos refer\u00eancias nos segmentos relacionados \u00e0 Contabilidade, Gest\u00e3o Financeira, Direito Empresarial e Economia.<\/span><\/h3>\n<p>span&gt;[\/vc_column_text][vc_empty_space][button target=&#8221;_blank&#8221; hover_type=&#8221;default&#8221; text=&#8221;FALE CONOSCO PELO WHATSAPP&#8221; link=&#8221;https:\/\/api.whatsapp.com\/send\/?phone=5548991252316&amp;text&amp;type=phone_number&amp;app_absent=0&#8243; color=&#8221;#ffffff&#8221; background_color=&#8221;#1cd45e&#8221; hover_background_color=&#8221;#00b518&#8243; border_color=&#8221;#ffffff&#8221; hover_border_color=&#8221;#ffffff&#8221; hover_color=&#8221;#ffffff&#8221;][\/vc_column][vc_column width=&#8221;1\/2&#8243;][vc_empty_space][vc_column_text]<\/p>\n<p style=\"text-align: center;\"><img loading=\"lazy\" decoding=\"async\" class=\"alignnone wp-image-905 size-medium\" src=\"https:\/\/fernandesrinhel.com.br\/site\/wp-content\/uploads\/2022\/11\/joint-300x300.png\" alt=\"\" width=\"300\" height=\"300\" srcset=\"https:\/\/fernandesrinhel.com.br\/site\/wp-content\/uploads\/2022\/11\/joint-300x300.png 300w, https:\/\/fernandesrinhel.com.br\/site\/wp-content\/uploads\/2022\/11\/joint-150x150.png 150w, https:\/\/fernandesrinhel.com.br\/site\/wp-content\/uploads\/2022\/11\/joint.png 350w\" sizes=\"(max-width: 300px) 100vw, 300px\" \/><\/p>\n<p>[\/vc_column_text][vc_empty_space][\/vc_column][\/vc_row]<\/p>\n<\/div>","protected":false},"excerpt":{"rendered":"<p>[vc_row css_animation=&#8221;&#8221; row_type=&#8221;row&#8221; use_row_as_full_screen_section=&#8221;no&#8221; type=&#8221;grid&#8221; anchor=&#8221;simular&#8221; angled_section=&#8221;no&#8221; text_align=&#8221;left&#8221; background_image_as_pattern=&#8221;without_pattern&#8221; css=&#8221;.vc_custom_1691001096360{padding-top: 100px !important;background-image: url(https:\/\/fernandesrinhel.com.br\/site\/wp-content\/uploads\/2022\/09\/3.jpg?id=752) !important;}&#8221; z_index=&#8221;&#8221;][vc_column width=&#8221;1\/2&#8243;][vc_empty_space height=&#8221;90px&#8221;][vc_column_text css=&#8221;.vc_custom_1691001163010{padding-right: 40px !important;padding-left: [&hellip;]<\/p>\n","protected":false},"author":1,"featured_media":0,"parent":0,"menu_order":0,"comment_status":"closed","ping_status":"closed","template":"landing_page.php","meta":{"content-type":"","_uag_custom_page_level_css":"","site-sidebar-layout":"no-sidebar","site-content-layout":"plain-container","ast-site-content-layout":"","site-content-style":"default","site-sidebar-style":"default","ast-global-header-display":"","ast-banner-title-visibility":"","ast-main-header-display":"","ast-hfb-above-header-display":"","ast-hfb-below-header-display":"","ast-hfb-mobile-header-display":"","site-post-title":"disabled","ast-breadcrumbs-content":"","ast-featured-img":"disabled","footer-sml-layout":"","theme-transparent-header-meta":"","adv-header-id-meta":"","stick-header-meta":"","header-above-stick-meta":"","header-main-stick-meta":"","header-below-stick-meta":"","astra-migrate-meta-layouts":"default","ast-page-background-enabled":"default","ast-page-background-meta":{"desktop":{"background-color":"var(--ast-global-color-4)","background-image":"","background-repeat":"repeat","background-position":"center center","background-size":"auto","background-attachment":"scroll","background-type":"","background-media":"","overlay-type":"","overlay-color":"","overlay-opacity":"","overlay-gradient":""},"tablet":{"background-color":"","background-image":"","background-repeat":"repeat","background-position":"center center","background-size":"auto","background-attachment":"scroll","background-type":"","background-media":"","overlay-type":"","overlay-color":"","overlay-opacity":"","overlay-gradient":""},"mobile":{"background-color":"","background-image":"","background-repeat":"repeat","background-position":"center center","background-size":"auto","background-attachment":"scroll","background-type":"","background-media":"","overlay-type":"","overlay-color":"","overlay-opacity":"","overlay-gradient":""}},"ast-content-background-meta":{"desktop":{"background-color":"var(--ast-global-color-5)","background-image":"","background-repeat":"repeat","background-position":"center center","background-size":"auto","background-attachment":"scroll","background-type":"","background-media":"","overlay-type":"","overlay-color":"","overlay-opacity":"","overlay-gradient":""},"tablet":{"background-color":"var(--ast-global-color-5)","background-image":"","background-repeat":"repeat","background-position":"center center","background-size":"auto","background-attachment":"scroll","background-type":"","background-media":"","overlay-type":"","overlay-color":"","overlay-opacity":"","overlay-gradient":""},"mobile":{"background-color":"var(--ast-global-color-5)","background-image":"","background-repeat":"repeat","background-position":"center center","background-size":"auto","background-attachment":"scroll","background-type":"","background-media":"","overlay-type":"","overlay-color":"","overlay-opacity":"","overlay-gradient":""}},"footnotes":""},"class_list":["post-935","page","type-page","status-publish","hentry"],"uagb_featured_image_src":{"full":false,"thumbnail":false,"medium":false,"medium_large":false,"large":false,"1536x1536":false,"2048x2048":false},"uagb_author_info":{"display_name":"suporte","author_link":"https:\/\/fernandesrinhel.com.br\/site\/author\/suporte\/"},"uagb_comment_info":0,"uagb_excerpt":"[vc_row css_animation=&#8221;&#8221; row_type=&#8221;row&#8221; use_row_as_full_screen_section=&#8221;no&#8221; type=&#8221;grid&#8221; anchor=&#8221;simular&#8221; angled_section=&#8221;no&#8221; text_align=&#8221;left&#8221; background_image_as_pattern=&#8221;without_pattern&#8221; css=&#8221;.vc_custom_1691001096360{padding-top: 100px !important;background-image: url(https:\/\/fernandesrinhel.com.br\/site\/wp-content\/uploads\/2022\/09\/3.jpg?id=752) !important;}&#8221; z_index=&#8221;&#8221;][vc_column width=&#8221;1\/2&#8243;][vc_empty_space height=&#8221;90px&#8221;][vc_column_text css=&#8221;.vc_custom_1691001163010{padding-right: 40px !important;padding-left: [&hellip;]","_links":{"self":[{"href":"https:\/\/fernandesrinhel.com.br\/site\/wp-json\/wp\/v2\/pages\/935"}],"collection":[{"href":"https:\/\/fernandesrinhel.com.br\/site\/wp-json\/wp\/v2\/pages"}],"about":[{"href":"https:\/\/fernandesrinhel.com.br\/site\/wp-json\/wp\/v2\/types\/page"}],"author":[{"embeddable":true,"href":"https:\/\/fernandesrinhel.com.br\/site\/wp-json\/wp\/v2\/users\/1"}],"replies":[{"embeddable":true,"href":"https:\/\/fernandesrinhel.com.br\/site\/wp-json\/wp\/v2\/comments?post=935"}],"version-history":[{"count":80,"href":"https:\/\/fernandesrinhel.com.br\/site\/wp-json\/wp\/v2\/pages\/935\/revisions"}],"predecessor-version":[{"id":1540,"href":"https:\/\/fernandesrinhel.com.br\/site\/wp-json\/wp\/v2\/pages\/935\/revisions\/1540"}],"wp:attachment":[{"href":"https:\/\/fernandesrinhel.com.br\/site\/wp-json\/wp\/v2\/media?parent=935"}],"curies":[{"name":"wp","href":"https:\/\/api.w.org\/{rel}","templated":true}]}}