{"id":783,"date":"2022-11-07T19:38:58","date_gmt":"2022-11-07T21:38:58","guid":{"rendered":"https:\/\/fernandesrinhel.com.br\/site\/?page_id=783"},"modified":"2023-07-31T21:46:55","modified_gmt":"2023-08-01T00:46:55","slug":"valuation","status":"publish","type":"page","link":"https:\/\/fernandesrinhel.com.br\/site\/valuation\/","title":{"rendered":"Valuation"},"content":{"rendered":"<div class=\"wpb-content-wrapper\"><p>[vc_row css_animation=&#8221;&#8221; row_type=&#8221;row&#8221; use_row_as_full_screen_section=&#8221;no&#8221; type=&#8221;full_width&#8221; angled_section=&#8221;no&#8221; text_align=&#8221;left&#8221; background_image_as_pattern=&#8221;without_pattern&#8221; css=&#8221;.vc_custom_1669290355824{padding-top: 100px !important;background-image: url(https:\/\/fernandesrinhel.com.br\/site\/wp-content\/uploads\/2022\/09\/3.jpg?id=752) !important;}&#8221; z_index=&#8221;&#8221;][vc_column][vc_empty_space height=&#8221;90px&#8221;][vc_row_inner row_type=&#8221;row&#8221; type=&#8221;grid&#8221; anchor=&#8221;simular&#8221; text_align=&#8221;left&#8221; css_animation=&#8221;&#8221;][vc_column_inner width=&#8221;1\/2&#8243;][vc_column_text css=&#8221;.vc_custom_1690849156722{padding-right: 40px !important;padding-left: 40px !important;}&#8221;]<\/p>\n<p style=\"text-align: center;\"><a href=\"https:\/\/fernandesrinhel.com.br\/site\/\" target=\"_blank\" rel=\"noopener\"><img loading=\"lazy\" decoding=\"async\" class=\"alignnone wp-image-373 size-full\" src=\"https:\/\/fernandesrinhel.com.br\/site\/wp-content\/uploads\/2019\/11\/logo500-fernandes-rinhel-pb.png\" alt=\"\" width=\"500\" height=\"135\" srcset=\"https:\/\/fernandesrinhel.com.br\/site\/wp-content\/uploads\/2019\/11\/logo500-fernandes-rinhel-pb.png 500w, https:\/\/fernandesrinhel.com.br\/site\/wp-content\/uploads\/2019\/11\/logo500-fernandes-rinhel-pb-300x81.png 300w\" sizes=\"(max-width: 500px) 100vw, 500px\" \/><\/a><\/p>\n<p>[\/vc_column_text][vc_empty_space height=&#8221;30px&#8221;][vc_column_text css=&#8221;.vc_custom_1690850137441{padding-right: 30px !important;padding-left: 30px !important;}&#8221;]<\/p>\n<h1 style=\"text-align: center;\"><span style=\"color: #ffffff;\">Somos especialistas em <strong>Valuation com mais de 1 Bilh\u00e3o avaliados<\/strong><\/span><\/h1>\n<p>[\/vc_column_text][vc_empty_space height=&#8221;30px&#8221;][vc_column_text]<img loading=\"lazy\" decoding=\"async\" class=\"alignnone wp-image-1236 size-full\" src=\"https:\/\/fernandesrinhel.com.br\/site\/wp-content\/uploads\/2023\/07\/b2bf7cb6-13c1-40b7-b5d7-e630bdbead39.png\" alt=\"\" width=\"1029\" height=\"878\" srcset=\"https:\/\/fernandesrinhel.com.br\/site\/wp-content\/uploads\/2023\/07\/b2bf7cb6-13c1-40b7-b5d7-e630bdbead39.png 1029w, https:\/\/fernandesrinhel.com.br\/site\/wp-content\/uploads\/2023\/07\/b2bf7cb6-13c1-40b7-b5d7-e630bdbead39-300x256.png 300w, https:\/\/fernandesrinhel.com.br\/site\/wp-content\/uploads\/2023\/07\/b2bf7cb6-13c1-40b7-b5d7-e630bdbead39-1024x874.png 1024w, https:\/\/fernandesrinhel.com.br\/site\/wp-content\/uploads\/2023\/07\/b2bf7cb6-13c1-40b7-b5d7-e630bdbead39-768x655.png 768w, https:\/\/fernandesrinhel.com.br\/site\/wp-content\/uploads\/2023\/07\/b2bf7cb6-13c1-40b7-b5d7-e630bdbead39-700x597.png 700w\" sizes=\"(max-width: 1029px) 100vw, 1029px\" \/>[\/vc_column_text][\/vc_column_inner][vc_column_inner width=&#8221;1\/2&#8243; css=&#8221;.vc_custom_1690849750767{padding-top: 30px !important;padding-right: 30px !important;padding-bottom: 30px !important;padding-left: 30px !important;background-color: #ffffff !important;}&#8221;][vc_column_text]<\/p>\n<h1 style=\"text-align: center;\"><span style=\"color: #223f6c;\"><strong>SOLICITE UMA AN\u00c1LISE<\/strong><\/span><\/h1>\n<p>[\/vc_column_text][vc_column_text]<\/p>\n<h3 class=\"elementor-heading-title elementor-size-default\" style=\"text-align: center;\"><span style=\"color: #223f6c;\">Preencha as informa\u00e7\u00f5es abaixo e <strong>receba o contato de nosso consultor<\/strong><\/span><\/h3>\n<p>[\/vc_column_text][vc_column_text]<script charset=\"utf-8\" type=\"text\/javascript\" src=\"\/\/js.hsforms.net\/forms\/embed\/v2.js\"><\/script><br \/>\n<script>\n  hbspt.forms.create({\n    region: \"na1\",\n    portalId: \"23585335\",\n    formId: \"ce7bbb7f-6b2f-4e31-bac0-d481952f177f\"\n  });\n<\/script>[\/vc_column_text][\/vc_column_inner][\/vc_row_inner][\/vc_column][\/vc_row][vc_row css_animation=&#8221;&#8221; row_type=&#8221;row&#8221; use_row_as_full_screen_section=&#8221;no&#8221; type=&#8221;full_width&#8221; angled_section=&#8221;no&#8221; text_align=&#8221;left&#8221; background_image_as_pattern=&#8221;without_pattern&#8221;][vc_column][action full_width=&#8221;yes&#8221; content_in_grid=&#8221;yes&#8221; type=&#8221;simple&#8221; text_font_weight=&#8221;400&#8243; show_button=&#8221;yes&#8221; button_text=&#8221;FALAR COM O CONSULTOR&#8221; button_hover_text_color=&#8221;#ffffff&#8221; background_color=&#8221;#174070&#8243; button_hover_background_color=&#8221;#a02121&#8243; button_link=&#8221;https:\/\/fernandesrinhel.com.br\/site\/valuation\/#simular&#8221; button_background_color=&#8221;#d12b2b&#8221;]<strong>SOLICITE UMA ANALISE GRATUITA, com nosso economista s\u00eanior<\/strong>[\/action][\/vc_column][\/vc_row][vc_row css_animation=&#8221;&#8221; row_type=&#8221;row&#8221; use_row_as_full_screen_section=&#8221;no&#8221; type=&#8221;grid&#8221; angled_section=&#8221;no&#8221; text_align=&#8221;left&#8221; background_image_as_pattern=&#8221;without_pattern&#8221; css=&#8221;.vc_custom_1667858594482{padding-top: 240px !important;padding-bottom: 240px !important;background-image: url(https:\/\/fernandesrinhel.com.br\/site\/wp-content\/uploads\/2022\/09\/2.jpg?id=751) !important;}&#8221; z_index=&#8221;&#8221;][vc_column width=&#8221;1\/2&#8243;][\/vc_column][vc_column width=&#8221;1\/2&#8243;][vc_empty_space][vc_column_text]<\/p>\n<h1><span style=\"color: #ffffff;\"><strong>O QUE FAZEMOS<\/strong><\/span><\/h1>\n<p>[\/vc_column_text][vc_column_text]<\/p>\n<h2 class=\"elementor-heading-title elementor-size-default\"><strong><span style=\"color: #ffffff;\">Estimamos o valor real da empresa<\/span><\/strong><\/h2>\n<p>[\/vc_column_text][vc_separator type=&#8221;small&#8221; position=&#8221;left&#8221; color=&#8221;#ffffff&#8221;][vc_column_text]<\/p>\n<h3><span style=\"color: #ffffff;\">Somos especialistas na Avalia\u00e7\u00e3o de Empresas cujo laudo objetiva apresentar o valor de mercado da companhia para fins de auxiliar s\u00f3cios, diretores, gestores e investidores nas decis\u00f5es de comprar e vender empresas, resolver conflitos societ\u00e1rios, investimentos, aquisi\u00e7\u00f5es de empresas, fus\u00f5es de empresas, cis\u00f5es, abertura de capital, consultoria financeira gerencial etc.<\/span><\/h3>\n<p>[\/vc_column_text][vc_empty_space][button target=&#8221;_self&#8221; hover_type=&#8221;default&#8221; text=&#8221;FALAR COM O CONSULTOR&#8221; link=&#8221;https:\/\/fernandesrinhel.com.br\/site\/valuation\/#simular&#8221;][\/vc_column][\/vc_row][vc_row css_animation=&#8221;&#8221; row_type=&#8221;row&#8221; use_row_as_full_screen_section=&#8221;no&#8221; type=&#8221;full_width&#8221; angled_section=&#8221;no&#8221; text_align=&#8221;left&#8221; background_image_as_pattern=&#8221;without_pattern&#8221; css=&#8221;.vc_custom_1669302151278{padding-top: 80px !important;padding-bottom: 60px !important;background-image: url(https:\/\/fernandesrinhel.com.br\/site\/wp-content\/uploads\/2022\/11\/afundo-1.jpg?id=910) !important;}&#8221; z_index=&#8221;&#8221;][vc_column][vc_row_inner row_type=&#8221;row&#8221; type=&#8221;full_width&#8221; text_align=&#8221;left&#8221; css_animation=&#8221;&#8221;][vc_column_inner width=&#8221;1\/4&#8243;][vc_column_text]<\/p>\n<p style=\"text-align: center;\"><img loading=\"lazy\" decoding=\"async\" class=\"alignnone wp-image-891\" src=\"https:\/\/fernandesrinhel.com.br\/site\/wp-content\/uploads\/2022\/11\/icon-mea-300x300.png\" alt=\"\" width=\"180\" height=\"180\" srcset=\"https:\/\/fernandesrinhel.com.br\/site\/wp-content\/uploads\/2022\/11\/icon-mea-300x300.png 300w, https:\/\/fernandesrinhel.com.br\/site\/wp-content\/uploads\/2022\/11\/icon-mea-150x150.png 150w, https:\/\/fernandesrinhel.com.br\/site\/wp-content\/uploads\/2022\/11\/icon-mea.png 350w\" sizes=\"(max-width: 180px) 100vw, 180px\" \/><\/p>\n<p>[\/vc_column_text][vc_column_text]<\/p>\n<h2 class=\"elementor-image-box-title\" style=\"text-align: center;\"><span style=\"color: #ffffff;\"><strong>M&amp;A<\/strong><\/span><\/h2>\n<p>[\/vc_column_text][vc_empty_space][\/vc_column_inner][vc_column_inner width=&#8221;1\/4&#8243;][vc_column_text]<\/p>\n<p style=\"text-align: center;\"><img loading=\"lazy\" decoding=\"async\" class=\"alignnone wp-image-894\" src=\"https:\/\/fernandesrinhel.com.br\/site\/wp-content\/uploads\/2022\/11\/icon-fusao-300x300.png\" alt=\"\" width=\"180\" height=\"180\" srcset=\"https:\/\/fernandesrinhel.com.br\/site\/wp-content\/uploads\/2022\/11\/icon-fusao-300x300.png 300w, https:\/\/fernandesrinhel.com.br\/site\/wp-content\/uploads\/2022\/11\/icon-fusao-150x150.png 150w, https:\/\/fernandesrinhel.com.br\/site\/wp-content\/uploads\/2022\/11\/icon-fusao.png 350w\" sizes=\"(max-width: 180px) 100vw, 180px\" \/><\/p>\n<p>[\/vc_column_text][vc_column_text]<\/p>\n<h2 class=\"elementor-image-box-title\" style=\"text-align: center;\"><span style=\"color: #ffffff;\"><strong>Fus\u00e3o de empresas<\/strong><\/span><\/h2>\n<p>[\/vc_column_text][vc_empty_space][\/vc_column_inner][vc_column_inner width=&#8221;1\/4&#8243;][vc_column_text]<\/p>\n<p style=\"text-align: center;\"><img loading=\"lazy\" decoding=\"async\" class=\"alignnone wp-image-902\" src=\"https:\/\/fernandesrinhel.com.br\/site\/wp-content\/uploads\/2022\/11\/laudo-300x300.png\" alt=\"\" width=\"180\" height=\"180\" srcset=\"https:\/\/fernandesrinhel.com.br\/site\/wp-content\/uploads\/2022\/11\/laudo-300x300.png 300w, https:\/\/fernandesrinhel.com.br\/site\/wp-content\/uploads\/2022\/11\/laudo-150x150.png 150w, https:\/\/fernandesrinhel.com.br\/site\/wp-content\/uploads\/2022\/11\/laudo.png 350w\" sizes=\"(max-width: 180px) 100vw, 180px\" \/><\/p>\n<p>[\/vc_column_text][vc_column_text]<\/p>\n<h2 class=\"elementor-image-box-title\" style=\"text-align: center;\"><span style=\"color: #ffffff;\"><strong>Servi\u00e7os Tribut\u00e1rios<\/strong><\/span><\/h2>\n<p>[\/vc_column_text][vc_empty_space][\/vc_column_inner][vc_column_inner width=&#8221;1\/4&#8243;][vc_column_text]<\/p>\n<p style=\"text-align: center;\"><img loading=\"lazy\" decoding=\"async\" class=\"alignnone wp-image-897\" src=\"https:\/\/fernandesrinhel.com.br\/site\/wp-content\/uploads\/2022\/11\/icon-societario-300x300.png\" alt=\"\" width=\"180\" height=\"180\" srcset=\"https:\/\/fernandesrinhel.com.br\/site\/wp-content\/uploads\/2022\/11\/icon-societario-300x300.png 300w, https:\/\/fernandesrinhel.com.br\/site\/wp-content\/uploads\/2022\/11\/icon-societario-150x150.png 150w, https:\/\/fernandesrinhel.com.br\/site\/wp-content\/uploads\/2022\/11\/icon-societario.png 350w\" sizes=\"(max-width: 180px) 100vw, 180px\" \/><\/p>\n<p>[\/vc_column_text][vc_column_text]<\/p>\n<h2 class=\"elementor-image-box-title\" style=\"text-align: center;\"><span style=\"color: #ffffff;\"><strong>Conflitos Societ\u00e1rios<\/strong><\/span><\/h2>\n<p>[\/vc_column_text][vc_empty_space][\/vc_column_inner][\/vc_row_inner][vc_row_inner row_type=&#8221;row&#8221; type=&#8221;full_width&#8221; text_align=&#8221;left&#8221; css_animation=&#8221;&#8221;][vc_column_inner width=&#8221;1\/4&#8243;][vc_column_text]<\/p>\n<p style=\"text-align: center;\"><img loading=\"lazy\" decoding=\"async\" class=\"alignnone wp-image-899\" src=\"https:\/\/fernandesrinhel.com.br\/site\/wp-content\/uploads\/2022\/11\/avalia-marca-300x300.png\" alt=\"\" width=\"180\" height=\"180\" srcset=\"https:\/\/fernandesrinhel.com.br\/site\/wp-content\/uploads\/2022\/11\/avalia-marca-300x300.png 300w, https:\/\/fernandesrinhel.com.br\/site\/wp-content\/uploads\/2022\/11\/avalia-marca-150x150.png 150w, https:\/\/fernandesrinhel.com.br\/site\/wp-content\/uploads\/2022\/11\/avalia-marca.png 350w\" sizes=\"(max-width: 180px) 100vw, 180px\" \/><\/p>\n<p>[\/vc_column_text][vc_column_text]<\/p>\n<h2 class=\"elementor-image-box-title\" style=\"text-align: center;\"><strong><span style=\"color: #ffffff;\">Invent\u00e1rio e Div\u00f3rcio<\/span><\/strong><\/h2>\n<p>[\/vc_column_text][vc_empty_space][\/vc_column_inner][vc_column_inner width=&#8221;1\/4&#8243;][vc_column_text]<\/p>\n<p style=\"text-align: center;\"><img loading=\"lazy\" decoding=\"async\" class=\"alignnone wp-image-903\" src=\"https:\/\/fernandesrinhel.com.br\/site\/wp-content\/uploads\/2022\/11\/startup-300x300.png\" alt=\"\" width=\"180\" height=\"180\" srcset=\"https:\/\/fernandesrinhel.com.br\/site\/wp-content\/uploads\/2022\/11\/startup-300x300.png 300w, https:\/\/fernandesrinhel.com.br\/site\/wp-content\/uploads\/2022\/11\/startup-150x150.png 150w, https:\/\/fernandesrinhel.com.br\/site\/wp-content\/uploads\/2022\/11\/startup.png 350w\" sizes=\"(max-width: 180px) 100vw, 180px\" \/><\/p>\n<p>[\/vc_column_text][vc_column_text]<\/p>\n<h2 class=\"elementor-image-box-title\" style=\"text-align: center;\"><span style=\"color: #ffffff;\"><strong>Valuation de Startups<\/strong><\/span><\/h2>\n<p>[\/vc_column_text][vc_empty_space][\/vc_column_inner][vc_column_inner width=&#8221;1\/4&#8243;][vc_column_text]<\/p>\n<p style=\"text-align: center;\"><img loading=\"lazy\" decoding=\"async\" class=\"alignnone wp-image-895\" src=\"https:\/\/fernandesrinhel.com.br\/site\/wp-content\/uploads\/2022\/11\/avalia-ativos-fusao-300x300.png\" alt=\"\" width=\"180\" height=\"180\" srcset=\"https:\/\/fernandesrinhel.com.br\/site\/wp-content\/uploads\/2022\/11\/avalia-ativos-fusao-300x300.png 300w, https:\/\/fernandesrinhel.com.br\/site\/wp-content\/uploads\/2022\/11\/avalia-ativos-fusao-150x150.png 150w, https:\/\/fernandesrinhel.com.br\/site\/wp-content\/uploads\/2022\/11\/avalia-ativos-fusao.png 350w\" sizes=\"(max-width: 180px) 100vw, 180px\" \/><\/p>\n<p>[\/vc_column_text][vc_column_text]<\/p>\n<h2 class=\"elementor-image-box-title\" style=\"text-align: center;\"><span style=\"color: #ffffff;\"><strong>Avalia\u00e7\u00e3o de Ativos<\/strong><\/span><\/h2>\n<p>[\/vc_column_text][vc_empty_space][\/vc_column_inner][vc_column_inner width=&#8221;1\/4&#8243;][vc_column_text]<\/p>\n<p style=\"text-align: center;\"><img loading=\"lazy\" decoding=\"async\" class=\"alignnone wp-image-905\" src=\"https:\/\/fernandesrinhel.com.br\/site\/wp-content\/uploads\/2022\/11\/joint-300x300.png\" alt=\"\" width=\"180\" height=\"180\" srcset=\"https:\/\/fernandesrinhel.com.br\/site\/wp-content\/uploads\/2022\/11\/joint-300x300.png 300w, https:\/\/fernandesrinhel.com.br\/site\/wp-content\/uploads\/2022\/11\/joint-150x150.png 150w, https:\/\/fernandesrinhel.com.br\/site\/wp-content\/uploads\/2022\/11\/joint.png 350w\" sizes=\"(max-width: 180px) 100vw, 180px\" \/><\/p>\n<p>[\/vc_column_text][vc_column_text]<\/p>\n<h2 class=\"elementor-image-box-title\" style=\"text-align: center;\"><span style=\"color: #ffffff;\"><strong>Joint Venture<\/strong><\/span><\/h2>\n<p>[\/vc_column_text][vc_empty_space][\/vc_column_inner][\/vc_row_inner][\/vc_column][\/vc_row][vc_row css_animation=&#8221;&#8221; row_type=&#8221;row&#8221; use_row_as_full_screen_section=&#8221;no&#8221; type=&#8221;grid&#8221; angled_section=&#8221;no&#8221; text_align=&#8221;left&#8221; background_image_as_pattern=&#8221;without_pattern&#8221; css=&#8221;.vc_custom_1669292326658{padding-top: 240px !important;padding-bottom: 240px !important;background-image: url(https:\/\/fernandesrinhel.com.br\/site\/wp-content\/uploads\/2022\/11\/escritorio.jpg?id=836) !important;}&#8221; z_index=&#8221;&#8221;][vc_column width=&#8221;1\/2&#8243;][vc_empty_space][vc_column_text]<\/p>\n<h1><span style=\"color: #ffffff;\"><strong>SOBRE N\u00d3S<\/strong><\/span><\/h1>\n<p>[\/vc_column_text][vc_column_text]<\/p>\n<h2 class=\"elementor-heading-title elementor-size-default\"><span style=\"color: #ffffff;\">Expertise multissetorial<\/span><\/h2>\n<p>[\/vc_column_text][vc_separator type=&#8221;small&#8221; position=&#8221;left&#8221; color=&#8221;#ffffff&#8221;][vc_column_text]<\/p>\n<h3><span style=\"color: #ffffff;\">Estamos localizados em Florian\u00f3polis e possu\u00edmos expertise multissetorial. Possu\u00edmos um portf\u00f3lio de clientes de m\u00e9dio e grande porte em todo o territ\u00f3rio nacional. Somos refer\u00eancias nos segmentos relacionados \u00e0 Contabilidade, Gest\u00e3o Financeira, Direito Empresarial e Economia.<\/span><\/h3>\n<p>[\/vc_column_text][vc_empty_space][button target=&#8221;_self&#8221; hover_type=&#8221;default&#8221; text=&#8221;FALAR COM O CONSULTOR&#8221; link=&#8221;https:\/\/fernandesrinhel.com.br\/site\/valuation\/#simular&#8221;][\/vc_column][vc_column width=&#8221;1\/2&#8243;][\/vc_column][\/vc_row][vc_row css_animation=&#8221;&#8221; row_type=&#8221;row&#8221; use_row_as_full_screen_section=&#8221;no&#8221; type=&#8221;full_width&#8221; angled_section=&#8221;no&#8221; text_align=&#8221;left&#8221; background_image_as_pattern=&#8221;without_pattern&#8221; css=&#8221;.vc_custom_1669731207730{background-color: #173763 !important;}&#8221; z_index=&#8221;&#8221;][vc_column][vc_empty_space][\/vc_column][\/vc_row]<\/p>\n<\/div>","protected":false},"excerpt":{"rendered":"<p>[vc_row css_animation=&#8221;&#8221; row_type=&#8221;row&#8221; use_row_as_full_screen_section=&#8221;no&#8221; type=&#8221;full_width&#8221; angled_section=&#8221;no&#8221; text_align=&#8221;left&#8221; background_image_as_pattern=&#8221;without_pattern&#8221; css=&#8221;.vc_custom_1669290355824{padding-top: 100px !important;background-image: url(https:\/\/fernandesrinhel.com.br\/site\/wp-content\/uploads\/2022\/09\/3.jpg?id=752) !important;}&#8221; z_index=&#8221;&#8221;][vc_column][vc_empty_space height=&#8221;90px&#8221;][vc_row_inner row_type=&#8221;row&#8221; type=&#8221;grid&#8221; anchor=&#8221;simular&#8221; text_align=&#8221;left&#8221; css_animation=&#8221;&#8221;][vc_column_inner [&hellip;]<\/p>\n","protected":false},"author":1,"featured_media":0,"parent":0,"menu_order":0,"comment_status":"closed","ping_status":"closed","template":"landing_page.php","meta":{"content-type":"","_uag_custom_page_level_css":"","site-sidebar-layout":"no-sidebar","site-content-layout":"plain-container","ast-site-content-layout":"","site-content-style":"default","site-sidebar-style":"default","ast-global-header-display":"","ast-banner-title-visibility":"","ast-main-header-display":"","ast-hfb-above-header-display":"","ast-hfb-below-header-display":"","ast-hfb-mobile-header-display":"","site-post-title":"disabled","ast-breadcrumbs-content":"","ast-featured-img":"disabled","footer-sml-layout":"","theme-transparent-header-meta":"","adv-header-id-meta":"","stick-header-meta":"","header-above-stick-meta":"","header-main-stick-meta":"","header-below-stick-meta":"","astra-migrate-meta-layouts":"default","ast-page-background-enabled":"default","ast-page-background-meta":{"desktop":{"background-color":"var(--ast-global-color-4)","background-image":"","background-repeat":"repeat","background-position":"center center","background-size":"auto","background-attachment":"scroll","background-type":"","background-media":"","overlay-type":"","overlay-color":"","overlay-opacity":"","overlay-gradient":""},"tablet":{"background-color":"","background-image":"","background-repeat":"repeat","background-position":"center center","background-size":"auto","background-attachment":"scroll","background-type":"","background-media":"","overlay-type":"","overlay-color":"","overlay-opacity":"","overlay-gradient":""},"mobile":{"background-color":"","background-image":"","background-repeat":"repeat","background-position":"center center","background-size":"auto","background-attachment":"scroll","background-type":"","background-media":"","overlay-type":"","overlay-color":"","overlay-opacity":"","overlay-gradient":""}},"ast-content-background-meta":{"desktop":{"background-color":"var(--ast-global-color-5)","background-image":"","background-repeat":"repeat","background-position":"center center","background-size":"auto","background-attachment":"scroll","background-type":"","background-media":"","overlay-type":"","overlay-color":"","overlay-opacity":"","overlay-gradient":""},"tablet":{"background-color":"var(--ast-global-color-5)","background-image":"","background-repeat":"repeat","background-position":"center center","background-size":"auto","background-attachment":"scroll","background-type":"","background-media":"","overlay-type":"","overlay-color":"","overlay-opacity":"","overlay-gradient":""},"mobile":{"background-color":"var(--ast-global-color-5)","background-image":"","background-repeat":"repeat","background-position":"center center","background-size":"auto","background-attachment":"scroll","background-type":"","background-media":"","overlay-type":"","overlay-color":"","overlay-opacity":"","overlay-gradient":""}},"footnotes":""},"class_list":["post-783","page","type-page","status-publish","hentry"],"uagb_featured_image_src":{"full":false,"thumbnail":false,"medium":false,"medium_large":false,"large":false,"1536x1536":false,"2048x2048":false},"uagb_author_info":{"display_name":"suporte","author_link":"https:\/\/fernandesrinhel.com.br\/site\/author\/suporte\/"},"uagb_comment_info":0,"uagb_excerpt":"[vc_row css_animation=&#8221;&#8221; row_type=&#8221;row&#8221; use_row_as_full_screen_section=&#8221;no&#8221; type=&#8221;full_width&#8221; angled_section=&#8221;no&#8221; text_align=&#8221;left&#8221; background_image_as_pattern=&#8221;without_pattern&#8221; css=&#8221;.vc_custom_1669290355824{padding-top: 100px !important;background-image: url(https:\/\/fernandesrinhel.com.br\/site\/wp-content\/uploads\/2022\/09\/3.jpg?id=752) !important;}&#8221; z_index=&#8221;&#8221;][vc_column][vc_empty_space height=&#8221;90px&#8221;][vc_row_inner row_type=&#8221;row&#8221; type=&#8221;grid&#8221; anchor=&#8221;simular&#8221; text_align=&#8221;left&#8221; css_animation=&#8221;&#8221;][vc_column_inner [&hellip;]","_links":{"self":[{"href":"https:\/\/fernandesrinhel.com.br\/site\/wp-json\/wp\/v2\/pages\/783"}],"collection":[{"href":"https:\/\/fernandesrinhel.com.br\/site\/wp-json\/wp\/v2\/pages"}],"about":[{"href":"https:\/\/fernandesrinhel.com.br\/site\/wp-json\/wp\/v2\/types\/page"}],"author":[{"embeddable":true,"href":"https:\/\/fernandesrinhel.com.br\/site\/wp-json\/wp\/v2\/users\/1"}],"replies":[{"embeddable":true,"href":"https:\/\/fernandesrinhel.com.br\/site\/wp-json\/wp\/v2\/comments?post=783"}],"version-history":[{"count":78,"href":"https:\/\/fernandesrinhel.com.br\/site\/wp-json\/wp\/v2\/pages\/783\/revisions"}],"predecessor-version":[{"id":1247,"href":"https:\/\/fernandesrinhel.com.br\/site\/wp-json\/wp\/v2\/pages\/783\/revisions\/1247"}],"wp:attachment":[{"href":"https:\/\/fernandesrinhel.com.br\/site\/wp-json\/wp\/v2\/media?parent=783"}],"curies":[{"name":"wp","href":"https:\/\/api.w.org\/{rel}","templated":true}]}}