{"id":757,"date":"2022-09-15T22:13:37","date_gmt":"2022-09-16T01:13:37","guid":{"rendered":"https:\/\/fernandesrinhel.com.br\/site\/?page_id=757"},"modified":"2023-01-19T12:29:34","modified_gmt":"2023-01-19T14:29:34","slug":"captacao-de-recursos","status":"publish","type":"page","link":"https:\/\/fernandesrinhel.com.br\/site\/captacao-de-recursos\/","title":{"rendered":"CAPTA\u00c7\u00c3O DE RECURSOS"},"content":{"rendered":"<div class=\"wpb-content-wrapper\"><p>[vc_row css_animation=&#8221;&#8221; row_type=&#8221;row&#8221; use_row_as_full_screen_section=&#8221;no&#8221; type=&#8221;full_width&#8221; angled_section=&#8221;no&#8221; text_align=&#8221;left&#8221; background_image_as_pattern=&#8221;without_pattern&#8221; css=&#8221;.vc_custom_1669290355824{padding-top: 100px !important;background-image: url(https:\/\/fernandesrinhel.com.br\/site\/wp-content\/uploads\/2022\/09\/3.jpg?id=752) !important;}&#8221; z_index=&#8221;&#8221;][vc_column][vc_empty_space height=&#8221;90px&#8221;][vc_column_text css=&#8221;.vc_custom_1669295817757{padding-right: 40px !important;padding-left: 40px !important;}&#8221;]<\/p>\n<p style=\"text-align: center;\"><img loading=\"lazy\" decoding=\"async\" class=\"alignnone wp-image-373 size-full\" src=\"https:\/\/fernandesrinhel.com.br\/site\/wp-content\/uploads\/2019\/11\/logo500-fernandes-rinhel-pb.png\" alt=\"\" width=\"500\" height=\"135\" srcset=\"https:\/\/fernandesrinhel.com.br\/site\/wp-content\/uploads\/2019\/11\/logo500-fernandes-rinhel-pb.png 500w, https:\/\/fernandesrinhel.com.br\/site\/wp-content\/uploads\/2019\/11\/logo500-fernandes-rinhel-pb-300x81.png 300w\" sizes=\"(max-width: 500px) 100vw, 500px\" \/><\/p>\n<p>[\/vc_column_text][vc_empty_space height=&#8221;100px&#8221;][vc_column_text css=&#8221;.vc_custom_1669731397502{padding-right: 30px !important;padding-left: 30px !important;}&#8221;]<\/p>\n<h1 style=\"text-align: center;\"><span style=\"color: #ffffff;\">Somos especialistas em <strong>capta\u00e7\u00e3o de recursos com ag\u00eancias de fomento <\/strong><\/span><\/h1>\n<p>[\/vc_column_text][vc_column_text]<\/p>\n<p style=\"text-align: center;\"><span style=\"color: #ffffff;\">Possu\u00edmos expertise multissetorial. Nosso diferencial \u00e9 o atendimento consultivo e sob medida para o perfil e necessidade de cada cliente.<\/span><\/p>\n<p>[\/vc_column_text][vc_empty_space height=&#8221;250px&#8221;][action full_width=&#8221;yes&#8221; content_in_grid=&#8221;yes&#8221; type=&#8221;simple&#8221; text_font_weight=&#8221;400&#8243; show_button=&#8221;yes&#8221; button_text=&#8221;FA\u00c7A UMA SIMULA\u00c7\u00c3O&#8221; button_hover_text_color=&#8221;#ffffff&#8221; background_color=&#8221;#212990&#8243; button_hover_background_color=&#8221;#2362aa&#8221; button_link=&#8221;https:\/\/fernandesrinhel.com.br\/site\/captacao-de-recursos\/#simular&#8221;]<strong>Solicite uma an\u00e1lise e simula\u00e7\u00e3o para sua empresa.<\/strong>[\/action][\/vc_column][\/vc_row][vc_row css_animation=&#8221;&#8221; row_type=&#8221;row&#8221; use_row_as_full_screen_section=&#8221;no&#8221; type=&#8221;grid&#8221; angled_section=&#8221;no&#8221; text_align=&#8221;left&#8221; background_image_as_pattern=&#8221;without_pattern&#8221; css=&#8221;.vc_custom_1669294721018{padding-top: 40px !important;padding-bottom: 40px !important;background-color: #ffffff !important;}&#8221; z_index=&#8221;&#8221;][vc_column width=&#8221;1\/2&#8243;][vc_empty_space height=&#8221;50px&#8221;][vc_column_text]<\/p>\n<h1>Ag\u00eancias de Fomento<\/h1>\n<p>[\/vc_column_text][vc_separator type=&#8221;small&#8221; position=&#8221;left&#8221; color=&#8221;#003e88&#8243;][vc_column_text]<\/p>\n<h3><strong>As ag\u00eancias de fomento possuem in\u00fameras linhas de cr\u00e9dito com juros subsidiados voltadas para investimento e capital de giro, al\u00e9m de linhas especificas para setores priorit\u00e1rios do Governo, como energias renov\u00e1veis, inova\u00e7\u00e3o, transportes ou turismo.<\/strong><br \/>\n<strong>\u00a0<\/strong><br \/>\n<strong>Estas institui\u00e7\u00f5es proporcionam condi\u00e7\u00f5es de taxas, prazos e car\u00eancias extremamente atrativas e n\u00e3o encontradas no mercado comercial.<\/strong><\/h3>\n<h3><strong>As taxas podem ser at\u00e9 50% menores que em bancos comerciais, de acordo com o rating da empresa.\u201d<\/strong><\/h3>\n<p>[\/vc_column_text][vc_empty_space height=&#8221;50px&#8221;][\/vc_column][vc_column width=&#8221;1\/2&#8243;][vc_empty_space][vc_column_text]<img loading=\"lazy\" decoding=\"async\" class=\"alignnone wp-image-931 size-full\" src=\"https:\/\/fernandesrinhel.com.br\/site\/wp-content\/uploads\/2022\/11\/bancos.png\" alt=\"\" width=\"1866\" height=\"707\" srcset=\"https:\/\/fernandesrinhel.com.br\/site\/wp-content\/uploads\/2022\/11\/bancos.png 1866w, https:\/\/fernandesrinhel.com.br\/site\/wp-content\/uploads\/2022\/11\/bancos-300x114.png 300w, https:\/\/fernandesrinhel.com.br\/site\/wp-content\/uploads\/2022\/11\/bancos-768x291.png 768w, https:\/\/fernandesrinhel.com.br\/site\/wp-content\/uploads\/2022\/11\/bancos-1024x388.png 1024w, https:\/\/fernandesrinhel.com.br\/site\/wp-content\/uploads\/2022\/11\/bancos-700x265.png 700w\" sizes=\"(max-width: 1866px) 100vw, 1866px\" \/>[\/vc_column_text][\/vc_column][\/vc_row][vc_row css_animation=&#8221;&#8221; row_type=&#8221;row&#8221; use_row_as_full_screen_section=&#8221;no&#8221; type=&#8221;grid&#8221; angled_section=&#8221;no&#8221; text_align=&#8221;left&#8221; background_image_as_pattern=&#8221;without_pattern&#8221; css=&#8221;.vc_custom_1667858594482{padding-top: 240px !important;padding-bottom: 240px !important;background-image: url(https:\/\/fernandesrinhel.com.br\/site\/wp-content\/uploads\/2022\/09\/2.jpg?id=751) !important;}&#8221; z_index=&#8221;&#8221;][vc_column width=&#8221;1\/2&#8243;][\/vc_column][vc_column width=&#8221;1\/2&#8243;][vc_empty_space][vc_column_text]<\/p>\n<h1><span style=\"color: #ffffff;\"><strong>O QUE FAZEMOS<\/strong><\/span><\/h1>\n<p>[\/vc_column_text][vc_column_text]<\/p>\n<h2 class=\"elementor-heading-title elementor-size-default\"><span style=\"color: #ffffff;\">Auxiliamos empresas a\u00a0<b>captar recursos<\/b><\/span><\/h2>\n<p>[\/vc_column_text][vc_separator type=&#8221;small&#8221; position=&#8221;left&#8221; color=&#8221;#ffffff&#8221;][vc_column_text]<\/p>\n<h3><span style=\"color: #ffffff;\">Somos especialistas na estrutura\u00e7\u00e3o de projetos de viabilidade econ\u00f4mico-financeiro para capta\u00e7\u00e3o de recursos junto ao BNDES e demais ag\u00eancias de fomento. Nossos projetos s\u00e3o voltados para investimentos, implanta\u00e7\u00f5es, expans\u00f5es, moderniza\u00e7\u00f5es e reposicionamento de d\u00edvidas.<\/span><\/h3>\n<p>[\/vc_column_text][vc_empty_space][button target=&#8221;_self&#8221; hover_type=&#8221;default&#8221; text=&#8221;Fa\u00e7a uma simula\u00e7\u00e3o&#8221; link=&#8221;https:\/\/fernandesrinhel.com.br\/site\/captacao-de-recursos\/#simular&#8221;][\/vc_column][\/vc_row][vc_row css_animation=&#8221;&#8221; row_type=&#8221;row&#8221; use_row_as_full_screen_section=&#8221;no&#8221; type=&#8221;full_width&#8221; angled_section=&#8221;no&#8221; text_align=&#8221;left&#8221; background_image_as_pattern=&#8221;without_pattern&#8221; css=&#8221;.vc_custom_1669295938872{padding-top: 50px !important;padding-bottom: 20px !important;background-color: #212990 !important;}&#8221; z_index=&#8221;&#8221;][vc_column width=&#8221;1\/3&#8243;][vc_column_text]<\/p>\n<h2 class=\"elementor-image-box-title\" style=\"text-align: center;\"><strong><span style=\"color: #ffffff;\">Taxas de juros<\/span><\/strong><\/h2>\n<p>[\/vc_column_text][vc_column_text css=&#8221;.vc_custom_1669733396704{margin-top: -9px !important;padding-top: -10px !important;}&#8221;]<\/p>\n<h1 class=\"elementor-image-box-title\" style=\"text-align: center;\"><span style=\"color: #ffffff;\">Diferenciadas<\/span><\/h1>\n<p>[\/vc_column_text][vc_empty_space][\/vc_column][vc_column width=&#8221;1\/3&#8243;][vc_column_text]<\/p>\n<h2 class=\"elementor-image-box-title\" style=\"text-align: center;\"><strong><span style=\"color: #ffffff;\">Maiores prazos de\u00a0<\/span><\/strong><\/h2>\n<p>[\/vc_column_text][vc_column_text css=&#8221;.vc_custom_1669733432315{margin-top: -9px !important;padding-top: -10px !important;}&#8221;]<\/p>\n<h1 class=\"elementor-image-box-title\" style=\"text-align: center;\"><span style=\"color: #ffffff;\">Car\u00eancia<\/span><\/h1>\n<p>[\/vc_column_text][vc_empty_space][\/vc_column][vc_column width=&#8221;1\/3&#8243;][vc_column_text]<\/p>\n<h2 class=\"elementor-image-box-title\" style=\"text-align: center;\"><strong><span style=\"color: #ffffff;\">Prazos de pagamentos<\/span><\/strong><\/h2>\n<p>[\/vc_column_text][vc_column_text css=&#8221;.vc_custom_1669733455831{margin-top: -9px !important;padding-top: -10px !important;}&#8221;]<\/p>\n<h1 class=\"elementor-image-box-title\" style=\"text-align: center;\"><span style=\"color: #ffffff;\">Prolongados<\/span><\/h1>\n<p>[\/vc_column_text][vc_empty_space][\/vc_column][\/vc_row][vc_row css_animation=&#8221;&#8221; row_type=&#8221;row&#8221; use_row_as_full_screen_section=&#8221;no&#8221; type=&#8221;grid&#8221; angled_section=&#8221;no&#8221; text_align=&#8221;left&#8221; background_image_as_pattern=&#8221;without_pattern&#8221; css=&#8221;.vc_custom_1669292326658{padding-top: 240px !important;padding-bottom: 240px !important;background-image: url(https:\/\/fernandesrinhel.com.br\/site\/wp-content\/uploads\/2022\/11\/escritorio.jpg?id=836) !important;}&#8221; z_index=&#8221;&#8221;][vc_column width=&#8221;1\/2&#8243;][vc_empty_space][vc_column_text]<\/p>\n<h1><span style=\"color: #ffffff;\"><strong>SOBRE N\u00d3S<\/strong><\/span><\/h1>\n<p>[\/vc_column_text][vc_column_text]<\/p>\n<h2 class=\"elementor-heading-title elementor-size-default\"><span style=\"color: #ffffff;\">Expertise multissetorial<\/span><\/h2>\n<p>[\/vc_column_text][vc_separator type=&#8221;small&#8221; position=&#8221;left&#8221; color=&#8221;#ffffff&#8221;][vc_column_text]<\/p>\n<h3><span style=\"color: #ffffff;\">Estamos localizados em Florian\u00f3polis e possu\u00edmos expertise multissetorial. Possu\u00edmos um portf\u00f3lio de clientes de m\u00e9dio e grande porte em todo o territ\u00f3rio nacional. Somos refer\u00eancias nos segmentos relacionados \u00e0 Contabilidade, Gest\u00e3o Financeira, Direito Empresarial e Economia.<\/span><\/h3>\n<p>[\/vc_column_text][vc_empty_space][button target=&#8221;_self&#8221; hover_type=&#8221;default&#8221; text=&#8221;Fa\u00e7a uma simula\u00e7\u00e3o&#8221; link=&#8221;https:\/\/fernandesrinhel.com.br\/site\/captacao-de-recursos\/#simular&#8221;][\/vc_column][vc_column width=&#8221;1\/2&#8243;][\/vc_column][\/vc_row][vc_row css_animation=&#8221;&#8221; row_type=&#8221;row&#8221; use_row_as_full_screen_section=&#8221;no&#8221; type=&#8221;grid&#8221; angled_section=&#8221;no&#8221; text_align=&#8221;left&#8221; background_image_as_pattern=&#8221;without_pattern&#8221; css=&#8221;.vc_custom_1663292617602{padding-top: 40px !important;padding-bottom: 40px !important;}&#8221; z_index=&#8221;&#8221;][vc_column width=&#8221;1\/2&#8243;][vc_empty_space][vc_column_text]<\/p>\n<p style=\"text-align: center;\"><img loading=\"lazy\" decoding=\"async\" class=\"alignnone size-medium wp-image-855\" src=\"https:\/\/fernandesrinhel.com.br\/site\/wp-content\/uploads\/2022\/11\/prerequisito-300x300.png\" alt=\"\" width=\"300\" height=\"300\" srcset=\"https:\/\/fernandesrinhel.com.br\/site\/wp-content\/uploads\/2022\/11\/prerequisito-300x300.png 300w, https:\/\/fernandesrinhel.com.br\/site\/wp-content\/uploads\/2022\/11\/prerequisito-150x150.png 150w, https:\/\/fernandesrinhel.com.br\/site\/wp-content\/uploads\/2022\/11\/prerequisito.png 500w\" sizes=\"(max-width: 300px) 100vw, 300px\" \/><\/p>\n<p>[\/vc_column_text][\/vc_column][vc_column width=&#8221;1\/2&#8243;][vc_empty_space height=&#8221;52px&#8221;][vc_column_text]<\/p>\n<h1><strong>CONHE\u00c7A OS PR\u00c9-REQUISITOS<\/strong><\/h1>\n<p>[\/vc_column_text][vc_separator type=&#8221;small&#8221; position=&#8221;left&#8221; color=&#8221;#171596&#8243;][vc_column_text]<\/p>\n<h3>\u2013 Ter um faturamento superior a 1 milh\u00e3o anual<\/h3>\n<h3>\u2013 Estar em dia com as obriga\u00e7\u00f5es fiscais, tribut\u00e1rias e sociais;<\/h3>\n<h3>\u2013 Ter Endividamento menor que 30% do faturamento;<\/h3>\n<h3>\u2013 Ter capacidade de pagamento;<\/h3>\n<h3>\u2013 Dispor de garantias suficientes para cobertura do risco da opera\u00e7\u00e3o;<\/h3>\n<h3>\u2013 N\u00e3o estar em regime de recupera\u00e7\u00e3o de cr\u00e9dito;<\/h3>\n<h3>\u2013 Cumprir a legisla\u00e7\u00e3o ambiental.<\/h3>\n<p>[\/vc_column_text][vc_empty_space height=&#8221;52px&#8221;][\/vc_column][\/vc_row][vc_row css_animation=&#8221;&#8221; row_type=&#8221;row&#8221; use_row_as_full_screen_section=&#8221;no&#8221; type=&#8221;grid&#8221; anchor=&#8221;simular&#8221; angled_section=&#8221;no&#8221; text_align=&#8221;left&#8221; background_image_as_pattern=&#8221;without_pattern&#8221; css=&#8221;.vc_custom_1673354287057{padding-top: 100px !important;padding-bottom: 100px !important;background-color: #f2f2f2 !important;}&#8221; z_index=&#8221;&#8221;][vc_column width=&#8221;1\/4&#8243;][\/vc_column][vc_column width=&#8221;1\/2&#8243;][vc_column_text]<\/p>\n<h1 style=\"text-align: center;\"><span style=\"color: #000000;\"><strong>FA\u00c7A UMA SIMULA\u00c7\u00c3O<\/strong><\/span><\/h1>\n<p>[\/vc_column_text][vc_column_text]<\/p>\n<h2 class=\"elementor-heading-title elementor-size-default\" style=\"text-align: center;\"><span style=\"color: #000000;\">Preencha as informa\u00e7\u00f5es abaixo e receba uma simula\u00e7\u00e3o<\/span><\/h2>\n<p>[\/vc_column_text][vc_empty_space][vc_column_text]<script charset=\"utf-8\" type=\"text\/javascript\" src=\"\/\/js.hsforms.net\/forms\/embed\/v2.js\"><\/script><br \/>\n<script>\n  hbspt.forms.create({\n    region: \"na1\",\n    portalId: \"23585335\",\n    formId: \"75902be9-8d6c-4d13-ae51-f0c5d1d1f611\"\n  });\n<\/script>[\/vc_column_text][\/vc_column][vc_column width=&#8221;1\/4&#8243;][\/vc_column][\/vc_row]<\/p>\n<p><!-- Event snippet for [Capta\u00e7\u00e3o de Recursos] - Formul\u00e1rio conversion page\nIn your html page, add the snippet and call gtag_report_conversion when someone clicks on the chosen link or button. --><br \/>\n<script>\nfunction gtag_report_conversion(url) {\n  var callback = function () {\n    if (typeof(url) != 'https:\/\/fernandesrinhel.com.br\/site\/captacao-de-recursos\/') {\n      window.location = url;\n    }\n  };\n  gtag('event', 'conversion', {\n      'send_to': 'AW-11031049766\/U7wPCLjVk4UYEKbsgYwp',\n      'event_callback': callback\n  });\n  return false;\n}\n<\/script><\/p>\n<\/div>","protected":false},"excerpt":{"rendered":"<p>[vc_row css_animation=&#8221;&#8221; row_type=&#8221;row&#8221; use_row_as_full_screen_section=&#8221;no&#8221; type=&#8221;full_width&#8221; angled_section=&#8221;no&#8221; text_align=&#8221;left&#8221; background_image_as_pattern=&#8221;without_pattern&#8221; css=&#8221;.vc_custom_1669290355824{padding-top: 100px !important;background-image: url(https:\/\/fernandesrinhel.com.br\/site\/wp-content\/uploads\/2022\/09\/3.jpg?id=752) !important;}&#8221; z_index=&#8221;&#8221;][vc_column][vc_empty_space height=&#8221;90px&#8221;][vc_column_text css=&#8221;.vc_custom_1669295817757{padding-right: 40px !important;padding-left: 40px !important;}&#8221;] [&hellip;]<\/p>\n","protected":false},"author":1,"featured_media":0,"parent":0,"menu_order":0,"comment_status":"closed","ping_status":"closed","template":"landing_page.php","meta":{"content-type":"","_uag_custom_page_level_css":"","site-sidebar-layout":"default","site-content-layout":"","ast-site-content-layout":"","site-content-style":"default","site-sidebar-style":"default","ast-global-header-display":"","ast-banner-title-visibility":"","ast-main-header-display":"","ast-hfb-above-header-display":"","ast-hfb-below-header-display":"","ast-hfb-mobile-header-display":"","site-post-title":"","ast-breadcrumbs-content":"","ast-featured-img":"","footer-sml-layout":"","theme-transparent-header-meta":"","adv-header-id-meta":"","stick-header-meta":"","header-above-stick-meta":"","header-main-stick-meta":"","header-below-stick-meta":"","astra-migrate-meta-layouts":"default","ast-page-background-enabled":"default","ast-page-background-meta":{"desktop":{"background-color":"var(--ast-global-color-4)","background-image":"","background-repeat":"repeat","background-position":"center center","background-size":"auto","background-attachment":"scroll","background-type":"","background-media":"","overlay-type":"","overlay-color":"","overlay-opacity":"","overlay-gradient":""},"tablet":{"background-color":"","background-image":"","background-repeat":"repeat","background-position":"center center","background-size":"auto","background-attachment":"scroll","background-type":"","background-media":"","overlay-type":"","overlay-color":"","overlay-opacity":"","overlay-gradient":""},"mobile":{"background-color":"","background-image":"","background-repeat":"repeat","background-position":"center center","background-size":"auto","background-attachment":"scroll","background-type":"","background-media":"","overlay-type":"","overlay-color":"","overlay-opacity":"","overlay-gradient":""}},"ast-content-background-meta":{"desktop":{"background-color":"var(--ast-global-color-5)","background-image":"","background-repeat":"repeat","background-position":"center center","background-size":"auto","background-attachment":"scroll","background-type":"","background-media":"","overlay-type":"","overlay-color":"","overlay-opacity":"","overlay-gradient":""},"tablet":{"background-color":"var(--ast-global-color-5)","background-image":"","background-repeat":"repeat","background-position":"center center","background-size":"auto","background-attachment":"scroll","background-type":"","background-media":"","overlay-type":"","overlay-color":"","overlay-opacity":"","overlay-gradient":""},"mobile":{"background-color":"var(--ast-global-color-5)","background-image":"","background-repeat":"repeat","background-position":"center center","background-size":"auto","background-attachment":"scroll","background-type":"","background-media":"","overlay-type":"","overlay-color":"","overlay-opacity":"","overlay-gradient":""}},"footnotes":""},"class_list":["post-757","page","type-page","status-publish","hentry"],"uagb_featured_image_src":{"full":false,"thumbnail":false,"medium":false,"medium_large":false,"large":false,"1536x1536":false,"2048x2048":false},"uagb_author_info":{"display_name":"suporte","author_link":"https:\/\/fernandesrinhel.com.br\/site\/author\/suporte\/"},"uagb_comment_info":0,"uagb_excerpt":"[vc_row css_animation=&#8221;&#8221; row_type=&#8221;row&#8221; use_row_as_full_screen_section=&#8221;no&#8221; type=&#8221;full_width&#8221; angled_section=&#8221;no&#8221; text_align=&#8221;left&#8221; background_image_as_pattern=&#8221;without_pattern&#8221; css=&#8221;.vc_custom_1669290355824{padding-top: 100px !important;background-image: url(https:\/\/fernandesrinhel.com.br\/site\/wp-content\/uploads\/2022\/09\/3.jpg?id=752) !important;}&#8221; z_index=&#8221;&#8221;][vc_column][vc_empty_space height=&#8221;90px&#8221;][vc_column_text css=&#8221;.vc_custom_1669295817757{padding-right: 40px !important;padding-left: 40px !important;}&#8221;] [&hellip;]","_links":{"self":[{"href":"https:\/\/fernandesrinhel.com.br\/site\/wp-json\/wp\/v2\/pages\/757"}],"collection":[{"href":"https:\/\/fernandesrinhel.com.br\/site\/wp-json\/wp\/v2\/pages"}],"about":[{"href":"https:\/\/fernandesrinhel.com.br\/site\/wp-json\/wp\/v2\/types\/page"}],"author":[{"embeddable":true,"href":"https:\/\/fernandesrinhel.com.br\/site\/wp-json\/wp\/v2\/users\/1"}],"replies":[{"embeddable":true,"href":"https:\/\/fernandesrinhel.com.br\/site\/wp-json\/wp\/v2\/comments?post=757"}],"version-history":[{"count":98,"href":"https:\/\/fernandesrinhel.com.br\/site\/wp-json\/wp\/v2\/pages\/757\/revisions"}],"predecessor-version":[{"id":1007,"href":"https:\/\/fernandesrinhel.com.br\/site\/wp-json\/wp\/v2\/pages\/757\/revisions\/1007"}],"wp:attachment":[{"href":"https:\/\/fernandesrinhel.com.br\/site\/wp-json\/wp\/v2\/media?parent=757"}],"curies":[{"name":"wp","href":"https:\/\/api.w.org\/{rel}","templated":true}]}}