{"id":711,"date":"2021-04-22T10:25:05","date_gmt":"2021-04-22T13:25:05","guid":{"rendered":"http:\/\/fernandesrinhel.com.br\/site\/?page_id=711"},"modified":"2021-04-22T10:30:23","modified_gmt":"2021-04-22T13:30:23","slug":"politica-de-lgpd","status":"publish","type":"page","link":"https:\/\/fernandesrinhel.com.br\/site\/politica-de-lgpd\/","title":{"rendered":"POL\u00cdTICA DE LGPD"},"content":{"rendered":"<div class=\"wpb-content-wrapper\"><p>[vc_row css_animation=&#8221;&#8221; row_type=&#8221;row&#8221; use_row_as_full_screen_section=&#8221;no&#8221; type=&#8221;full_width&#8221; angled_section=&#8221;no&#8221; text_align=&#8221;left&#8221; background_image_as_pattern=&#8221;without_pattern&#8221;][vc_column][vc_column_text]A Pol\u00edtica de Prote\u00e7\u00e3o de Dados Pessoais da Fernandes, Rinhel &amp; Consultores Associados visa, entre outros, fornecer transpar\u00eancia aos titulares e respeito \u00e0 privacidade e prote\u00e7\u00e3o de seus dados.<\/p>\n<p>&nbsp;<\/p>\n<p>Lutamos pela cultura de seguran\u00e7a e respeito ao tratamento dos dados pessoais e que toda atua\u00e7\u00e3o de nosso escrit\u00f3rio esteja em conformidade com a Lei Geral de Prote\u00e7\u00e3o de Dados.<\/p>\n<p>&nbsp;<\/p>\n<p>Em conson\u00e2ncia ao artigo 9\u00ba da LGPD, a Fernandes, Rinhel &amp; Consultores Associados informa que o titular dos dados pessoais tem direito a obter, em rela\u00e7\u00e3o aos dados do titular, a qualquer momento e mediante requisi\u00e7\u00e3o por e-mail (jailson@fernandesrinhel.com.br):<\/p>\n<p>&nbsp;<\/p>\n<p>a) confirma\u00e7\u00e3o da exist\u00eancia de tratamento;<\/p>\n<p>b) acesso aos dados;<\/p>\n<p>c) corre\u00e7\u00e3o de dados incompletos, inexatos ou desatualizados;<\/p>\n<p>d) anonimiza\u00e7\u00e3o, bloqueio ou elimina\u00e7\u00e3o de dados desnecess\u00e1rios, excessivos ou tratados em desconformidade com a LGPD;<\/p>\n<p>e) portabilidade dos dados a outro fornecedor de servi\u00e7o ou produto, mediante requisi\u00e7\u00e3o expressa, de acordo com a regulamenta\u00e7\u00e3o da autoridade nacional, observados os segredos comercial e industrial;<\/p>\n<p>f) elimina\u00e7\u00e3o dos dados pessoais tratados com o consentimento do titular, exceto nas hip\u00f3teses previstas no art. 16 da LGPD;<\/p>\n<p>g) informa\u00e7\u00e3o das entidades p\u00fablicas e privadas com as quais o Controlador realizou uso compartilhado de dados;<\/p>\n<p>h) informa\u00e7\u00e3o sobre a possibilidade de n\u00e3o fornecer consentimento e sobre as consequ\u00eancias da negativa; e<\/p>\n<p>i) revoga\u00e7\u00e3o do consentimento.<\/p>\n<p>&nbsp;<\/p>\n<p>Informamos, ainda, que todos os clientes que j\u00e1 tiveram seus processos finalizados (transitado em julgado) ter\u00e3o a op\u00e7\u00e3o de excluir toda e qualquer informa\u00e7\u00e3o constante em nosso banco de dados.<\/p>\n<p>&nbsp;<\/p>\n<p>Al\u00e9m disso, destacamos que o nosso sistema de transpar\u00eancia est\u00e1 em adequa\u00e7\u00e3o \u00e0 Lei Geral de Prote\u00e7\u00e3o de Dados e toda informa\u00e7\u00e3o inserida \u00e9 imprescind\u00edvel para melhor defesa dos interesses do cliente.<\/p>\n<p>&nbsp;<\/p>\n<p>Para tanto, caso algum titular tenha interesse em exercer qualquer dos direitos listados acima, favor entrar em contato diretamente com nosso Encarregado:<\/p>\n<p>Jailson Fernandes<\/p>\n<p>Cargo: S\u00f3cio<\/p>\n<p>E-mail: jailson@fernandesrinhel.com.br\u00a0 (favor acrescentar no t\u00edtulo: \u201cLGPD \u2013 DIREITO DO TITULAR\u201d)<\/p>\n<p>Telefone: +55 (48) 3222-9444[\/vc_column_text][vc_empty_space height=&#8221;72px&#8221;][\/vc_column][\/vc_row]<\/p>\n<\/div>","protected":false},"excerpt":{"rendered":"<p>[vc_row css_animation=&#8221;&#8221; row_type=&#8221;row&#8221; use_row_as_full_screen_section=&#8221;no&#8221; type=&#8221;full_width&#8221; angled_section=&#8221;no&#8221; text_align=&#8221;left&#8221; background_image_as_pattern=&#8221;without_pattern&#8221;][vc_column][vc_column_text]A Pol\u00edtica de Prote\u00e7\u00e3o de Dados Pessoais da Fernandes, Rinhel &amp; Consultores Associados [&hellip;]<\/p>\n","protected":false},"author":1,"featured_media":0,"parent":0,"menu_order":0,"comment_status":"closed","ping_status":"closed","template":"","meta":{"content-type":"","_uag_custom_page_level_css":"","site-sidebar-layout":"no-sidebar","site-content-layout":"plain-container","ast-site-content-layout":"","site-content-style":"default","site-sidebar-style":"default","ast-global-header-display":"","ast-banner-title-visibility":"","ast-main-header-display":"","ast-hfb-above-header-display":"","ast-hfb-below-header-display":"","ast-hfb-mobile-header-display":"","site-post-title":"disabled","ast-breadcrumbs-content":"","ast-featured-img":"disabled","footer-sml-layout":"","theme-transparent-header-meta":"","adv-header-id-meta":"","stick-header-meta":"","header-above-stick-meta":"","header-main-stick-meta":"","header-below-stick-meta":"","astra-migrate-meta-layouts":"default","ast-page-background-enabled":"default","ast-page-background-meta":{"desktop":{"background-color":"var(--ast-global-color-4)","background-image":"","background-repeat":"repeat","background-position":"center center","background-size":"auto","background-attachment":"scroll","background-type":"","background-media":"","overlay-type":"","overlay-color":"","overlay-opacity":"","overlay-gradient":""},"tablet":{"background-color":"","background-image":"","background-repeat":"repeat","background-position":"center center","background-size":"auto","background-attachment":"scroll","background-type":"","background-media":"","overlay-type":"","overlay-color":"","overlay-opacity":"","overlay-gradient":""},"mobile":{"background-color":"","background-image":"","background-repeat":"repeat","background-position":"center center","background-size":"auto","background-attachment":"scroll","background-type":"","background-media":"","overlay-type":"","overlay-color":"","overlay-opacity":"","overlay-gradient":""}},"ast-content-background-meta":{"desktop":{"background-color":"var(--ast-global-color-5)","background-image":"","background-repeat":"repeat","background-position":"center center","background-size":"auto","background-attachment":"scroll","background-type":"","background-media":"","overlay-type":"","overlay-color":"","overlay-opacity":"","overlay-gradient":""},"tablet":{"background-color":"var(--ast-global-color-5)","background-image":"","background-repeat":"repeat","background-position":"center center","background-size":"auto","background-attachment":"scroll","background-type":"","background-media":"","overlay-type":"","overlay-color":"","overlay-opacity":"","overlay-gradient":""},"mobile":{"background-color":"var(--ast-global-color-5)","background-image":"","background-repeat":"repeat","background-position":"center center","background-size":"auto","background-attachment":"scroll","background-type":"","background-media":"","overlay-type":"","overlay-color":"","overlay-opacity":"","overlay-gradient":""}},"footnotes":""},"class_list":["post-711","page","type-page","status-publish","hentry"],"uagb_featured_image_src":{"full":false,"thumbnail":false,"medium":false,"medium_large":false,"large":false,"1536x1536":false,"2048x2048":false},"uagb_author_info":{"display_name":"suporte","author_link":"https:\/\/fernandesrinhel.com.br\/site\/author\/suporte\/"},"uagb_comment_info":0,"uagb_excerpt":"[vc_row css_animation=&#8221;&#8221; row_type=&#8221;row&#8221; use_row_as_full_screen_section=&#8221;no&#8221; type=&#8221;full_width&#8221; angled_section=&#8221;no&#8221; text_align=&#8221;left&#8221; background_image_as_pattern=&#8221;without_pattern&#8221;][vc_column][vc_column_text]A Pol\u00edtica de Prote\u00e7\u00e3o de Dados Pessoais da Fernandes, Rinhel &amp; Consultores Associados [&hellip;]","_links":{"self":[{"href":"https:\/\/fernandesrinhel.com.br\/site\/wp-json\/wp\/v2\/pages\/711"}],"collection":[{"href":"https:\/\/fernandesrinhel.com.br\/site\/wp-json\/wp\/v2\/pages"}],"about":[{"href":"https:\/\/fernandesrinhel.com.br\/site\/wp-json\/wp\/v2\/types\/page"}],"author":[{"embeddable":true,"href":"https:\/\/fernandesrinhel.com.br\/site\/wp-json\/wp\/v2\/users\/1"}],"replies":[{"embeddable":true,"href":"https:\/\/fernandesrinhel.com.br\/site\/wp-json\/wp\/v2\/comments?post=711"}],"version-history":[{"count":7,"href":"https:\/\/fernandesrinhel.com.br\/site\/wp-json\/wp\/v2\/pages\/711\/revisions"}],"predecessor-version":[{"id":719,"href":"https:\/\/fernandesrinhel.com.br\/site\/wp-json\/wp\/v2\/pages\/711\/revisions\/719"}],"wp:attachment":[{"href":"https:\/\/fernandesrinhel.com.br\/site\/wp-json\/wp\/v2\/media?parent=711"}],"curies":[{"name":"wp","href":"https:\/\/api.w.org\/{rel}","templated":true}]}}