{"id":7,"date":"2018-01-24T11:36:30","date_gmt":"2018-01-24T11:36:30","guid":{"rendered":"http:\/\/bridge139.qodeinteractive.com\/?page_id=7"},"modified":"2024-05-15T15:12:41","modified_gmt":"2024-05-15T18:12:41","slug":"home","status":"publish","type":"page","link":"https:\/\/fernandesrinhel.com.br\/site\/home\/","title":{"rendered":"Home"},"content":{"rendered":"<div class=\"wpb-content-wrapper\"><p>[vc_row css_animation=&#8221;&#8221; row_type=&#8221;row&#8221; use_row_as_full_screen_section=&#8221;no&#8221; type=&#8221;grid&#8221; angled_section=&#8221;no&#8221; text_align=&#8221;left&#8221; background_image_as_pattern=&#8221;without_pattern&#8221; z_index=&#8221;&#8221; css=&#8221;.vc_custom_1683134216921{padding-top: 80px !important;padding-bottom: 80px !important;}&#8221;][vc_column width=&#8221;2\/3&#8243;][vc_column_text]<\/p>\n<h1 class=\"av-special-heading-tag \" style=\"text-align: left;\"><span style=\"color: #000000;\">Fernandes, Rinhel\u00a0<span class=\"special_amp\">&amp;<\/span>\u00a0Consultores Associados<\/span><\/h1>\n<p>[\/vc_column_text][vc_empty_space height=&#8221;9px&#8221;][vc_separator type=&#8221;small&#8221; position=&#8221;left&#8221; color=&#8221;#012975&#8243; thickness=&#8221;10&#8243; width=&#8221;57&#8243;][vc_column_text]<\/p>\n<h3><span style=\"color: #000000;\">O nosso objetivo \u00e9 prover solu\u00e7\u00f5es \u00e1geis e completas para servi\u00e7os<b>\u00a0tribut\u00e1rios,<\/b>\u00a0<b>financeiros e Compliance<\/b>\u00a0das empresas compreendendo as necessidades espec\u00edficas de cada cliente com precis\u00e3o t\u00e9cnica, \u00e9tica e transpar\u00eancia para otimizar seus resultados.<\/span><\/h3>\n<p>[\/vc_column_text][\/vc_column][vc_column width=&#8221;1\/3&#8243;][vc_column_text]<\/p>\n<p style=\"text-align: center;\"><img loading=\"lazy\" decoding=\"async\" class=\"alignnone wp-image-1130\" src=\"https:\/\/fernandesrinhel.com.br\/site\/wp-content\/uploads\/2023\/05\/selo-gptw-300x233.png\" alt=\"\" width=\"273\" height=\"212\" srcset=\"https:\/\/fernandesrinhel.com.br\/site\/wp-content\/uploads\/2023\/05\/selo-gptw-300x233.png 300w, https:\/\/fernandesrinhel.com.br\/site\/wp-content\/uploads\/2023\/05\/selo-gptw.png 400w\" sizes=\"(max-width: 273px) 100vw, 273px\" \/><\/p>\n<p>[\/vc_column_text][\/vc_column][\/vc_row][vc_row css_animation=&#8221;&#8221; row_type=&#8221;row&#8221; use_row_as_full_screen_section=&#8221;no&#8221; type=&#8221;full_width&#8221; angled_section=&#8221;no&#8221; text_align=&#8221;left&#8221; background_image_as_pattern=&#8221;without_pattern&#8221; el_class=&#8221;content-slider-row-1&#8243; z_index=&#8221;&#8221;][vc_column][qode_content_slider auto_rotate=&#8221;10&#8243; enable_drag=&#8221;yes&#8221; direction_nav=&#8221;no&#8221; control_nav=&#8221;yes&#8221;][qode_content_slider_item][vc_row_inner row_type=&#8221;row&#8221; type=&#8221;full_width&#8221; text_align=&#8221;left&#8221; css_animation=&#8221;&#8221;][vc_column_inner offset=&#8221;vc_col-lg-6 vc_col-md-6&#8243;][qode_elements_holder number_of_columns=&#8221;one_column&#8221;][qode_elements_holder_item background_image=&#8221;463&#8243; item_padding=&#8221;46.7% 0 20% 0&#8243; advanced_animations=&#8221;no&#8221; item_padding_1024_1280=&#8221;46.7% 0 38.7% 0&#8243; item_padding_768_1024=&#8221;62.7% 0 48.9% 0&#8243; item_padding_600_768=&#8221;9.7% 0 56.9% 0&#8243;][\/qode_elements_holder_item][\/qode_elements_holder][\/vc_column_inner][vc_column_inner css=&#8221;.vc_custom_1516890213232{margin-left: -15px !important;background-color: #ffffff !important;}&#8221; offset=&#8221;vc_col-lg-6 vc_col-md-6&#8243;][qode_elements_holder number_of_columns=&#8221;one_column&#8221;][qode_elements_holder_item background_color=&#8221;#ffffff&#8221; item_padding=&#8221;81px 184px 116px 126px&#8221; advanced_animations=&#8221;no&#8221; item_padding_1280_1440=&#8221;1px 71px 36px 104px&#8221; item_padding_1024_1280=&#8221;19px 54px 80px 46px&#8221; item_padding_600_768=&#8221;89px 124px 124px 126px&#8221; item_padding_480=&#8221;38px 43px 89px 72px&#8221;][vc_column_text]<\/p>\n<h1>Solu\u00e7\u00f5es Tribut\u00e1rias<\/h1>\n<p>[\/vc_column_text][vc_empty_space height=&#8221;13px&#8221;][vc_separator type=&#8221;small&#8221; position=&#8221;left&#8221; color=&#8221;#012975&#8243; thickness=&#8221;10&#8243; width=&#8221;57&#8243;][vc_empty_space height=&#8221;4px&#8221;][vc_column_text]<\/p>\n<h3>Disponibilizamos especialistas altamente capacitados\u00a0em assuntos de natureza fiscal.<\/h3>\n<p>[\/vc_column_text][vc_empty_space height=&#8221;40px&#8221;][icon_list_item icon=&#8221;fa-square&#8221; icon_type=&#8221;transparent&#8221; title_font_weight=&#8221;300&#8243; title_size=&#8221;14&#8243; icon_size=&#8221;7&#8243; icon_color=&#8221;#dfdfe0&#8243; title=&#8221;An\u00e1lises e Revis\u00f5es Tribut\u00e1rias&#8221; title_color=&#8221;#1e1e1e&#8221;][icon_list_item icon=&#8221;fa-square&#8221; icon_type=&#8221;transparent&#8221; title_font_weight=&#8221;300&#8243; title_size=&#8221;14&#8243; icon_size=&#8221;7&#8243; icon_color=&#8221;#dfdfe0&#8243; title=&#8221;Recupera\u00e7\u00e3o de Tributos&#8221; title_color=&#8221;#1e1e1e&#8221;][icon_list_item icon=&#8221;fa-square&#8221; icon_type=&#8221;transparent&#8221; title_font_weight=&#8221;300&#8243; title_size=&#8221;14&#8243; icon_size=&#8221;7&#8243; icon_color=&#8221;#dfdfe0&#8243; title=&#8221;Consultoria Tribut\u00e1ria em reestrutura\u00e7\u00f5es operacionais&#8221; title_color=&#8221;#1e1e1e&#8221;][vc_empty_space height=&#8221;36px&#8221;][button target=&#8221;_self&#8221; hover_type=&#8221;default&#8221; text=&#8221;Saber Mais&#8221; link=&#8221;http:\/\/fernandesrinhel.com.br\/site\/servicos-tributarios\/&#8221;][\/qode_elements_holder_item][\/qode_elements_holder][\/vc_column_inner][\/vc_row_inner][\/qode_content_slider_item][qode_content_slider_item][vc_row_inner row_type=&#8221;row&#8221; type=&#8221;full_width&#8221; text_align=&#8221;left&#8221; css_animation=&#8221;&#8221;][vc_column_inner offset=&#8221;vc_col-lg-6 vc_col-md-6&#8243;][qode_elements_holder number_of_columns=&#8221;one_column&#8221;][qode_elements_holder_item background_image=&#8221;458&#8243; item_padding=&#8221;46.7% 0 20% 0&#8243; advanced_animations=&#8221;no&#8221; item_padding_1024_1280=&#8221;46.7% 0 38.7% 0&#8243; item_padding_768_1024=&#8221;62.7% 0 48.9% 0&#8243; item_padding_600_768=&#8221;9.7% 0 56.9% 0&#8243;][\/qode_elements_holder_item][\/qode_elements_holder][\/vc_column_inner][vc_column_inner css=&#8221;.vc_custom_1516890213232{margin-left: -15px !important;background-color: #ffffff !important;}&#8221; offset=&#8221;vc_col-lg-6 vc_col-md-6&#8243;][qode_elements_holder number_of_columns=&#8221;one_column&#8221;][qode_elements_holder_item background_color=&#8221;#ffffff&#8221; item_padding=&#8221;81px 184px 116px 126px&#8221; advanced_animations=&#8221;no&#8221; item_padding_1280_1440=&#8221;1px 71px 36px 104px&#8221; item_padding_1024_1280=&#8221;19px 54px 80px 46px&#8221; item_padding_600_768=&#8221;89px 124px 124px 126px&#8221; item_padding_480=&#8221;38px 43px 89px 72px&#8221;][vc_column_text]<\/p>\n<h1>Solu\u00e7\u00f5es Financeiras<\/h1>\n<p>[\/vc_column_text][vc_empty_space height=&#8221;13px&#8221;][vc_separator type=&#8221;small&#8221; position=&#8221;left&#8221; color=&#8221;#012975&#8243; thickness=&#8221;10&#8243; width=&#8221;57&#8243;][vc_empty_space height=&#8221;4px&#8221;][vc_column_text]<\/p>\n<h3>Consultoria especializada na confec\u00e7\u00e3o de projetos para Capta\u00e7\u00e3o de Recursos e Valuation<\/h3>\n<p>[\/vc_column_text][vc_empty_space height=&#8221;40px&#8221;][icon_list_item icon=&#8221;fa-square&#8221; icon_type=&#8221;transparent&#8221; title_font_weight=&#8221;300&#8243; title_size=&#8221;14&#8243; icon_size=&#8221;7&#8243; icon_color=&#8221;#dfdfe0&#8243; title=&#8221;Valuation&#8221; title_color=&#8221;#1e1e1e&#8221;][vc_empty_space height=&#8221;36px&#8221;][button target=&#8221;_self&#8221; hover_type=&#8221;default&#8221; text=&#8221;Saber Mais&#8221; link=&#8221;http:\/\/fernandesrinhel.com.br\/site\/servicos-financeiros\/&#8221;][\/qode_elements_holder_item][\/qode_elements_holder][\/vc_column_inner][\/vc_row_inner][\/qode_content_slider_item][qode_content_slider_item][vc_row_inner row_type=&#8221;row&#8221; type=&#8221;full_width&#8221; text_align=&#8221;left&#8221; css_animation=&#8221;&#8221;][vc_column_inner offset=&#8221;vc_col-lg-6 vc_col-md-6&#8243;][qode_elements_holder number_of_columns=&#8221;one_column&#8221;][qode_elements_holder_item background_image=&#8221;461&#8243; item_padding=&#8221;46.7% 0 20% 0&#8243; advanced_animations=&#8221;no&#8221; item_padding_1024_1280=&#8221;46.7% 0 38.7% 0&#8243; item_padding_768_1024=&#8221;62.7% 0 48.9% 0&#8243; item_padding_600_768=&#8221;9.7% 0 56.9% 0&#8243;][\/qode_elements_holder_item][\/qode_elements_holder][\/vc_column_inner][vc_column_inner css=&#8221;.vc_custom_1516890213232{margin-left: -15px !important;background-color: #ffffff !important;}&#8221; offset=&#8221;vc_col-lg-6 vc_col-md-6&#8243;][qode_elements_holder number_of_columns=&#8221;one_column&#8221;][qode_elements_holder_item background_color=&#8221;#ffffff&#8221; item_padding=&#8221;81px 184px 116px 126px&#8221; advanced_animations=&#8221;no&#8221; item_padding_1280_1440=&#8221;1px 71px 36px 104px&#8221; item_padding_1024_1280=&#8221;19px 54px 80px 46px&#8221; item_padding_600_768=&#8221;89px 124px 124px 126px&#8221; item_padding_480=&#8221;38px 43px 89px 72px&#8221;][vc_column_text]<\/p>\n<h1>Compliance<\/h1>\n<p>[\/vc_column_text][vc_empty_space height=&#8221;13px&#8221;][vc_separator type=&#8221;small&#8221; position=&#8221;left&#8221; color=&#8221;#012975&#8243; thickness=&#8221;10&#8243; width=&#8221;57&#8243;][vc_empty_space height=&#8221;4px&#8221;][vc_column_text]<\/p>\n<h3>Especialistas em solu\u00e7\u00f5es jur\u00eddicas e compliance<\/h3>\n<p>[\/vc_column_text][vc_empty_space height=&#8221;40px&#8221;][icon_list_item icon=&#8221;fa-square&#8221; icon_type=&#8221;transparent&#8221; title_font_weight=&#8221;300&#8243; title_size=&#8221;14&#8243; icon_size=&#8221;7&#8243; icon_color=&#8221;#dfdfe0&#8243; title=&#8221;Apoio Legal&#8221; title_color=&#8221;#1e1e1e&#8221;][icon_list_item icon=&#8221;fa-square&#8221; icon_type=&#8221;transparent&#8221; title_font_weight=&#8221;300&#8243; title_size=&#8221;14&#8243; icon_size=&#8221;7&#8243; icon_color=&#8221;#dfdfe0&#8243; title=&#8221;Recupera\u00e7\u00e3o Judicial&#8221; title_color=&#8221;#1e1e1e&#8221;][icon_list_item icon=&#8221;fa-square&#8221; icon_type=&#8221;transparent&#8221; title_font_weight=&#8221;300&#8243; title_size=&#8221;14&#8243; icon_size=&#8221;7&#8243; icon_color=&#8221;#dfdfe0&#8243; title=&#8221;Compliance&#8221; title_color=&#8221;#1e1e1e&#8221;][vc_empty_space height=&#8221;36px&#8221;][button target=&#8221;_self&#8221; hover_type=&#8221;default&#8221; text=&#8221;Saber Mais&#8221; link=&#8221;http:\/\/fernandesrinhel.com.br\/site\/apoio-legal-compliance\/&#8221;][\/qode_elements_holder_item][\/qode_elements_holder][\/vc_column_inner][\/vc_row_inner][\/qode_content_slider_item][\/qode_content_slider][\/vc_column][\/vc_row][vc_row css_animation=&#8221;&#8221; row_type=&#8221;row&#8221; use_row_as_full_screen_section=&#8221;no&#8221; type=&#8221;grid&#8221; angled_section=&#8221;no&#8221; text_align=&#8221;left&#8221; background_image_as_pattern=&#8221;without_pattern&#8221; css=&#8221;.vc_custom_1573830874539{padding-top: 90px !important;}&#8221; z_index=&#8221;&#8221;][vc_column][vc_column_text]<\/p>\n<h1 class=\"av-special-heading-tag \" style=\"text-align: center;\">Conte\u00fados<\/h1>\n<p>[\/vc_column_text][vc_empty_space height=&#8221;9px&#8221;][vc_separator type=&#8221;small&#8221; position=&#8221;center&#8221; color=&#8221;#012975&#8243; thickness=&#8221;10&#8243; width=&#8221;57&#8243;][vc_column_text]<\/p>\n<h3 style=\"text-align: center;\">Informativos, artigos, eventos e not\u00edcias.<\/h3>\n<p>[\/vc_column_text][vc_empty_space height=&#8221;30px&#8221;][masonry_blog order_by=&#8221;date&#8221; order=&#8221;DESC&#8221; display_time=&#8221;0&#8243; display_comments=&#8221;0&#8243; number_of_posts=&#8221;3&#8243;][\/vc_column][\/vc_row][vc_row css_animation=&#8221;&#8221; row_type=&#8221;row&#8221; use_row_as_full_screen_section=&#8221;no&#8221; type=&#8221;full_width&#8221; angled_section=&#8221;no&#8221; text_align=&#8221;left&#8221; background_image_as_pattern=&#8221;without_pattern&#8221; css=&#8221;.vc_custom_1573831022899{margin-top: 35px !important;padding-top: 74px !important;padding-bottom: 38px !important;background-color: #ffffff !important;}&#8221; z_index=&#8221;&#8221;][vc_column][qode_elements_holder number_of_columns=&#8221;one_column&#8221;][qode_elements_holder_item item_padding=&#8221;0 12.5% 0 14.5%&#8221; advanced_animations=&#8221;no&#8221;][qode_clients columns=&#8221;five_columns&#8221; hover_effect=&#8221;switch_img&#8221; switch_effect=&#8221;switch_roll&#8221; disable_separators=&#8221;yes&#8221;][qode_client link_target=&#8221;_self&#8221; image=&#8221;601&#8243; hover_image=&#8221;602&#8243; link=&#8221;https:\/\/www.abat.adv.br\/&#8221;][qode_client link_target=&#8221;_self&#8221; image=&#8221;699&#8243; hover_image=&#8221;700&#8243; link=&#8221;http:\/\/www.bompratodos.com.br&#8221;][\/qode_clients][\/qode_elements_holder_item][\/qode_elements_holder][\/vc_column][\/vc_row]<\/p>\n<\/div>","protected":false},"excerpt":{"rendered":"<p>[vc_row css_animation=&#8221;&#8221; row_type=&#8221;row&#8221; use_row_as_full_screen_section=&#8221;no&#8221; type=&#8221;grid&#8221; angled_section=&#8221;no&#8221; text_align=&#8221;left&#8221; background_image_as_pattern=&#8221;without_pattern&#8221; z_index=&#8221;&#8221; css=&#8221;.vc_custom_1683134216921{padding-top: 80px !important;padding-bottom: 80px !important;}&#8221;][vc_column width=&#8221;2\/3&#8243;][vc_column_text] Fernandes, Rinhel\u00a0&amp;\u00a0Consultores Associados [\/vc_column_text][vc_empty_space height=&#8221;9px&#8221;][vc_separator [&hellip;]<\/p>\n","protected":false},"author":1,"featured_media":0,"parent":0,"menu_order":0,"comment_status":"closed","ping_status":"closed","template":"full_width.php","meta":{"content-type":"","_uag_custom_page_level_css":"","site-sidebar-layout":"no-sidebar","site-content-layout":"plain-container","ast-site-content-layout":"","site-content-style":"default","site-sidebar-style":"default","ast-global-header-display":"","ast-banner-title-visibility":"","ast-main-header-display":"","ast-hfb-above-header-display":"","ast-hfb-below-header-display":"","ast-hfb-mobile-header-display":"","site-post-title":"disabled","ast-breadcrumbs-content":"","ast-featured-img":"disabled","footer-sml-layout":"","theme-transparent-header-meta":"","adv-header-id-meta":"","stick-header-meta":"","header-above-stick-meta":"","header-main-stick-meta":"","header-below-stick-meta":"","astra-migrate-meta-layouts":"default","ast-page-background-enabled":"default","ast-page-background-meta":{"desktop":{"background-color":"var(--ast-global-color-4)","background-image":"","background-repeat":"repeat","background-position":"center center","background-size":"auto","background-attachment":"scroll","background-type":"","background-media":"","overlay-type":"","overlay-color":"","overlay-opacity":"","overlay-gradient":""},"tablet":{"background-color":"","background-image":"","background-repeat":"repeat","background-position":"center center","background-size":"auto","background-attachment":"scroll","background-type":"","background-media":"","overlay-type":"","overlay-color":"","overlay-opacity":"","overlay-gradient":""},"mobile":{"background-color":"","background-image":"","background-repeat":"repeat","background-position":"center center","background-size":"auto","background-attachment":"scroll","background-type":"","background-media":"","overlay-type":"","overlay-color":"","overlay-opacity":"","overlay-gradient":""}},"ast-content-background-meta":{"desktop":{"background-color":"var(--ast-global-color-5)","background-image":"","background-repeat":"repeat","background-position":"center center","background-size":"auto","background-attachment":"scroll","background-type":"","background-media":"","overlay-type":"","overlay-color":"","overlay-opacity":"","overlay-gradient":""},"tablet":{"background-color":"var(--ast-global-color-5)","background-image":"","background-repeat":"repeat","background-position":"center center","background-size":"auto","background-attachment":"scroll","background-type":"","background-media":"","overlay-type":"","overlay-color":"","overlay-opacity":"","overlay-gradient":""},"mobile":{"background-color":"var(--ast-global-color-5)","background-image":"","background-repeat":"repeat","background-position":"center center","background-size":"auto","background-attachment":"scroll","background-type":"","background-media":"","overlay-type":"","overlay-color":"","overlay-opacity":"","overlay-gradient":""}},"footnotes":""},"class_list":["post-7","page","type-page","status-publish","hentry"],"uagb_featured_image_src":{"full":false,"thumbnail":false,"medium":false,"medium_large":false,"large":false,"1536x1536":false,"2048x2048":false},"uagb_author_info":{"display_name":"suporte","author_link":"https:\/\/fernandesrinhel.com.br\/site\/author\/suporte\/"},"uagb_comment_info":0,"uagb_excerpt":"[vc_row css_animation=&#8221;&#8221; row_type=&#8221;row&#8221; use_row_as_full_screen_section=&#8221;no&#8221; type=&#8221;grid&#8221; angled_section=&#8221;no&#8221; text_align=&#8221;left&#8221; background_image_as_pattern=&#8221;without_pattern&#8221; z_index=&#8221;&#8221; css=&#8221;.vc_custom_1683134216921{padding-top: 80px !important;padding-bottom: 80px !important;}&#8221;][vc_column width=&#8221;2\/3&#8243;][vc_column_text] Fernandes, Rinhel\u00a0&amp;\u00a0Consultores Associados [\/vc_column_text][vc_empty_space height=&#8221;9px&#8221;][vc_separator [&hellip;]","_links":{"self":[{"href":"https:\/\/fernandesrinhel.com.br\/site\/wp-json\/wp\/v2\/pages\/7"}],"collection":[{"href":"https:\/\/fernandesrinhel.com.br\/site\/wp-json\/wp\/v2\/pages"}],"about":[{"href":"https:\/\/fernandesrinhel.com.br\/site\/wp-json\/wp\/v2\/types\/page"}],"author":[{"embeddable":true,"href":"https:\/\/fernandesrinhel.com.br\/site\/wp-json\/wp\/v2\/users\/1"}],"replies":[{"embeddable":true,"href":"https:\/\/fernandesrinhel.com.br\/site\/wp-json\/wp\/v2\/comments?post=7"}],"version-history":[{"count":61,"href":"https:\/\/fernandesrinhel.com.br\/site\/wp-json\/wp\/v2\/pages\/7\/revisions"}],"predecessor-version":[{"id":1466,"href":"https:\/\/fernandesrinhel.com.br\/site\/wp-json\/wp\/v2\/pages\/7\/revisions\/1466"}],"wp:attachment":[{"href":"https:\/\/fernandesrinhel.com.br\/site\/wp-json\/wp\/v2\/media?parent=7"}],"curies":[{"name":"wp","href":"https:\/\/api.w.org\/{rel}","templated":true}]}}