{"id":577,"date":"2019-11-21T14:25:49","date_gmt":"2019-11-21T17:25:49","guid":{"rendered":"http:\/\/fernandesrinhel.com.br\/site\/?page_id=577"},"modified":"2023-04-05T22:28:37","modified_gmt":"2023-04-06T01:28:37","slug":"compliance","status":"publish","type":"page","link":"https:\/\/fernandesrinhel.com.br\/site\/compliance\/","title":{"rendered":"Compliance"},"content":{"rendered":"<div class=\"wpb-content-wrapper\"><p>[vc_row css_animation=&#8221;&#8221; row_type=&#8221;row&#8221; use_row_as_full_screen_section=&#8221;no&#8221; type=&#8221;grid&#8221; anchor=&#8221;3&#8243; angled_section=&#8221;no&#8221; text_align=&#8221;left&#8221; background_image_as_pattern=&#8221;without_pattern&#8221; z_index=&#8221;&#8221; css=&#8221;.vc_custom_1573915643911{padding-top: 100px !important;}&#8221;][vc_column css=&#8221;.vc_custom_1516958384989{padding-right: 0px !important;padding-left: 0px !important;}&#8221; offset=&#8221;vc_col-lg-6 vc_col-md-12&#8243;][qode_elements_holder number_of_columns=&#8221;one_column&#8221;][qode_elements_holder_item background_image=&#8221;486&#8243; item_padding=&#8221;28% 0 46.4% 0&#8243; advanced_animations=&#8221;no&#8221; item_padding_1024_1280=&#8221;28% 0 46.8% 0&#8243; item_padding_768_1024=&#8221;33.7% 0 31.9% 0&#8243; item_padding_600_768=&#8221;57.7% 0 37.9% 0&#8243; item_padding_480=&#8221;100% 0 80% 0&#8243;][\/qode_elements_holder_item][\/qode_elements_holder][\/vc_column][vc_column css=&#8221;.vc_custom_1516958388835{background-color: #ffffff !important;}&#8221; offset=&#8221;vc_col-lg-6 vc_col-md-12&#8243;][qode_elements_holder number_of_columns=&#8221;one_column&#8221;][qode_elements_holder_item item_padding=&#8221;54px 66px 38px 72px&#8221; advanced_animations=&#8221;no&#8221; item_padding_1024_1280=&#8221;34px 66px 38px 72px&#8221; item_padding_600_768=&#8221;45px 66px 22px 72px&#8221; item_padding_480=&#8221;35px 25px 38px 25px&#8221;][vc_column_text]<\/p>\n<h1>Compliance<\/h1>\n<p>[\/vc_column_text][vc_empty_space height=&#8221;9px&#8221;][vc_separator type=&#8221;small&#8221; position=&#8221;left&#8221; color=&#8221;#3c309b&#8221; thickness=&#8221;10&#8243; width=&#8221;57&#8243;][vc_column_text]Na \u00e1rea do compliance e com a finalidade de proteger a integridade da empresa, bem como previni-la com ferramentas de erradica\u00e7\u00e3o de conflitos internos, prezando pela coer\u00eancia entre pensamento, discurso e a\u00e7\u00e3o.<\/p>\n<p>Al\u00e9m do fortalecimento da cultura e reputa\u00e7\u00e3o da organiza\u00e7\u00e3o, oferecemos ampla gama de servi\u00e7os em Compliance, Consultoria, Planejamento Estrat\u00e9gico e suporte para auxiliar nossos clientes identificando fragilidades, riscos e oportunidades de melhoria.<\/p>\n<p><strong>Programa de Compliance<\/strong><\/p>\n<ul>\n<li>Desenvolvimento e suporte na implementa\u00e7\u00e3o integral de Programa de Compliance.<\/li>\n<li>Consultoria e assist\u00eancia para desenvolvimento e melhorias de Programas de Compliance j\u00e1 existentes.<\/li>\n<li>Programa desenvolvido conforme melhorias pr\u00e1ticas e legisla\u00e7\u00f5es vigentes.<\/li>\n<\/ul>\n<p><strong>C\u00f3digo de Conduta e Pol\u00edticas<\/strong><\/p>\n<ul>\n<li>Reda\u00e7\u00e3o, revis\u00e3o, atualiza\u00e7\u00e3o e implementa\u00e7\u00e3o de c\u00f3digos de conduta, \u00e9tica e pol\u00edticas internas.<\/li>\n<li>Documentos personalizados de acordo com a realidade do neg\u00f3cio, sua cultura, seus valores e seus riscos espec\u00edficos.<\/li>\n<\/ul>\n<p><strong>Compliance Tribut\u00e1rio, Trabalhista e Financeiro<\/strong><\/p>\n<ul>\n<li>Aplica\u00e7\u00e3o das t\u00e9cnicas e ferramentas de Compliance \u00e0 \u00e1rea tribut\u00e1ria, trabalhista e financeira\u00a0 da empresa propiciando maior efici\u00eancia, produtividade e prevenindo passivos judiciais e multas administrativas.<\/li>\n<li>Revis\u00e3o e adequa\u00e7\u00e3o de processos e pr\u00e1ticas internas.<\/li>\n<\/ul>\n<p><strong>Consultoria e Pareceres<\/strong><\/p>\n<ul>\n<li>Suporte e assessoria personalizada, acess\u00edvel e eficiente oferecendo respostas e solu\u00e7\u00f5es para os casos pr\u00e1ticos do dia-a-dia de neg\u00f3cios.<\/li>\n<li>Trabalho em parceria pr\u00f3xima com as \u00e1reas de neg\u00f3cio da empresa e com a \u00e1rea jur\u00eddica.<\/li>\n<\/ul>\n<p><strong>Implementa\u00e7\u00e3o de Comit\u00ea de \u00c9tica<\/strong><\/p>\n<ul>\n<li>Estrutura\u00e7\u00e3o do Comit\u00ea de \u00c9tica.<\/li>\n<li>Elabora\u00e7\u00e3o de ata de constitui\u00e7\u00e3o e regulamento interno.<\/li>\n<li>Treinamento e consultoria sobre funcionamento, atribui\u00e7\u00f5es e independ\u00eancia.<\/li>\n<\/ul>\n<p><strong>Comunica\u00e7\u00e3o Interna<\/strong><\/p>\n<ul>\n<li>Desenvolvimento de estrat\u00e9gias eficazes de comunica\u00e7\u00e3o interna para refor\u00e7ar e divulgar o c\u00f3digo de conduta e as pol\u00edticas internas, desestimular o comportamento inadequado e difundir a cultura de integridade na empresa.<\/li>\n<\/ul>\n<p><strong>Participa\u00e7\u00e3o em Comit\u00eas e Conselhos de Integridade\/Compliance\/\u00c9tica<\/strong><\/p>\n<ul>\n<li>Atua\u00e7\u00e3o de um dos s\u00f3cios como membro Independente do Comit\u00ea de Integridade\/Compliance.<\/li>\n<li>Suporte nas defini\u00e7\u00f5es estrat\u00e9gicas da empresa.<\/li>\n<li>An\u00e1lise e avalia\u00e7\u00e3o dos casos de desvio de condutas submetidos ao Comit\u00ea.<\/li>\n<li>Assessoria \u00e0 diretoria e alta administra\u00e7\u00e3o na tomada de decis\u00f5es.<\/li>\n<\/ul>\n<p>[\/vc_column_text][\/qode_elements_holder_item][\/qode_elements_holder][\/vc_column][\/vc_row]<\/p>\n<\/div>","protected":false},"excerpt":{"rendered":"<p>[vc_row css_animation=&#8221;&#8221; row_type=&#8221;row&#8221; use_row_as_full_screen_section=&#8221;no&#8221; type=&#8221;grid&#8221; anchor=&#8221;3&#8243; angled_section=&#8221;no&#8221; text_align=&#8221;left&#8221; background_image_as_pattern=&#8221;without_pattern&#8221; z_index=&#8221;&#8221; css=&#8221;.vc_custom_1573915643911{padding-top: 100px !important;}&#8221;][vc_column css=&#8221;.vc_custom_1516958384989{padding-right: 0px !important;padding-left: 0px !important;}&#8221; offset=&#8221;vc_col-lg-6 vc_col-md-12&#8243;][qode_elements_holder [&hellip;]<\/p>\n","protected":false},"author":1,"featured_media":0,"parent":0,"menu_order":0,"comment_status":"closed","ping_status":"closed","template":"full_width.php","meta":{"content-type":"","_uag_custom_page_level_css":"","site-sidebar-layout":"no-sidebar","site-content-layout":"plain-container","ast-site-content-layout":"","site-content-style":"default","site-sidebar-style":"default","ast-global-header-display":"","ast-banner-title-visibility":"","ast-main-header-display":"","ast-hfb-above-header-display":"","ast-hfb-below-header-display":"","ast-hfb-mobile-header-display":"","site-post-title":"disabled","ast-breadcrumbs-content":"","ast-featured-img":"disabled","footer-sml-layout":"","theme-transparent-header-meta":"","adv-header-id-meta":"","stick-header-meta":"","header-above-stick-meta":"","header-main-stick-meta":"","header-below-stick-meta":"","astra-migrate-meta-layouts":"default","ast-page-background-enabled":"default","ast-page-background-meta":{"desktop":{"background-color":"var(--ast-global-color-4)","background-image":"","background-repeat":"repeat","background-position":"center center","background-size":"auto","background-attachment":"scroll","background-type":"","background-media":"","overlay-type":"","overlay-color":"","overlay-opacity":"","overlay-gradient":""},"tablet":{"background-color":"","background-image":"","background-repeat":"repeat","background-position":"center center","background-size":"auto","background-attachment":"scroll","background-type":"","background-media":"","overlay-type":"","overlay-color":"","overlay-opacity":"","overlay-gradient":""},"mobile":{"background-color":"","background-image":"","background-repeat":"repeat","background-position":"center center","background-size":"auto","background-attachment":"scroll","background-type":"","background-media":"","overlay-type":"","overlay-color":"","overlay-opacity":"","overlay-gradient":""}},"ast-content-background-meta":{"desktop":{"background-color":"var(--ast-global-color-5)","background-image":"","background-repeat":"repeat","background-position":"center center","background-size":"auto","background-attachment":"scroll","background-type":"","background-media":"","overlay-type":"","overlay-color":"","overlay-opacity":"","overlay-gradient":""},"tablet":{"background-color":"var(--ast-global-color-5)","background-image":"","background-repeat":"repeat","background-position":"center center","background-size":"auto","background-attachment":"scroll","background-type":"","background-media":"","overlay-type":"","overlay-color":"","overlay-opacity":"","overlay-gradient":""},"mobile":{"background-color":"var(--ast-global-color-5)","background-image":"","background-repeat":"repeat","background-position":"center center","background-size":"auto","background-attachment":"scroll","background-type":"","background-media":"","overlay-type":"","overlay-color":"","overlay-opacity":"","overlay-gradient":""}},"footnotes":""},"class_list":["post-577","page","type-page","status-publish","hentry"],"uagb_featured_image_src":{"full":false,"thumbnail":false,"medium":false,"medium_large":false,"large":false,"1536x1536":false,"2048x2048":false},"uagb_author_info":{"display_name":"suporte","author_link":"https:\/\/fernandesrinhel.com.br\/site\/author\/suporte\/"},"uagb_comment_info":0,"uagb_excerpt":"[vc_row css_animation=&#8221;&#8221; row_type=&#8221;row&#8221; use_row_as_full_screen_section=&#8221;no&#8221; type=&#8221;grid&#8221; anchor=&#8221;3&#8243; angled_section=&#8221;no&#8221; text_align=&#8221;left&#8221; background_image_as_pattern=&#8221;without_pattern&#8221; z_index=&#8221;&#8221; css=&#8221;.vc_custom_1573915643911{padding-top: 100px !important;}&#8221;][vc_column css=&#8221;.vc_custom_1516958384989{padding-right: 0px !important;padding-left: 0px !important;}&#8221; offset=&#8221;vc_col-lg-6 vc_col-md-12&#8243;][qode_elements_holder [&hellip;]","_links":{"self":[{"href":"https:\/\/fernandesrinhel.com.br\/site\/wp-json\/wp\/v2\/pages\/577"}],"collection":[{"href":"https:\/\/fernandesrinhel.com.br\/site\/wp-json\/wp\/v2\/pages"}],"about":[{"href":"https:\/\/fernandesrinhel.com.br\/site\/wp-json\/wp\/v2\/types\/page"}],"author":[{"embeddable":true,"href":"https:\/\/fernandesrinhel.com.br\/site\/wp-json\/wp\/v2\/users\/1"}],"replies":[{"embeddable":true,"href":"https:\/\/fernandesrinhel.com.br\/site\/wp-json\/wp\/v2\/comments?post=577"}],"version-history":[{"count":2,"href":"https:\/\/fernandesrinhel.com.br\/site\/wp-json\/wp\/v2\/pages\/577\/revisions"}],"predecessor-version":[{"id":1097,"href":"https:\/\/fernandesrinhel.com.br\/site\/wp-json\/wp\/v2\/pages\/577\/revisions\/1097"}],"wp:attachment":[{"href":"https:\/\/fernandesrinhel.com.br\/site\/wp-json\/wp\/v2\/media?parent=577"}],"curies":[{"name":"wp","href":"https:\/\/api.w.org\/{rel}","templated":true}]}}