{"id":276,"date":"2018-01-26T08:36:25","date_gmt":"2018-01-26T10:36:25","guid":{"rendered":"http:\/\/bridge139.qodeinteractive.com\/?page_id=276"},"modified":"2023-04-05T21:53:16","modified_gmt":"2023-04-06T00:53:16","slug":"quem-somos","status":"publish","type":"page","link":"https:\/\/fernandesrinhel.com.br\/site\/quem-somos\/","title":{"rendered":"Quem Somos"},"content":{"rendered":"<div class=\"wpb-content-wrapper\"><p>[vc_row css_animation=&#8221;&#8221; row_type=&#8221;row&#8221; use_row_as_full_screen_section=&#8221;no&#8221; type=&#8221;grid&#8221; angled_section=&#8221;no&#8221; text_align=&#8221;left&#8221; background_image_as_pattern=&#8221;without_pattern&#8221; z_index=&#8221;&#8221; css=&#8221;.vc_custom_1573856579934{padding-top: 60px !important;padding-bottom: 60px !important;}&#8221;][vc_column][vc_column_text css=&#8221;.vc_custom_1573909465883{padding-top: 30px !important;padding-bottom: 10px !important;}&#8221;]<\/p>\n<h1>Fernandes, Rinhel &amp; Consultores Associados<\/h1>\n<p>[\/vc_column_text][vc_separator type=&#8221;small&#8221; position=&#8221;left&#8221; color=&#8221;#034890&#8243; thickness=&#8221;10&#8243; width=&#8221;57&#8243;][vc_column_text]O nosso objetivo \u00e9 prover solu\u00e7\u00f5es \u00e1geis e completas para servi\u00e7os<b> Tribut\u00e1rios,<\/b>\u00a0<b>Financeiros e Compliance<\/b>\u00a0das empresas compreendendo as necessidades espec\u00edficas de cada cliente com precis\u00e3o t\u00e9cnica, \u00e9tica e transpar\u00eancia para otimizar seus resultados.<\/p>\n<p>&nbsp;<\/p>\n<p>Temos uma equipe capacitada, com conhecimento multidisciplinar nos segmentos relacionados \u00e0 Contabilidade, Gest\u00e3o Financeira e em Direito Empresarial e Tribut\u00e1rio.<\/p>\n<p>&nbsp;<\/p>\n<p>Para somar \u00e0s nossas experi\u00eancias e para a execu\u00e7\u00e3o dos servi\u00e7os jur\u00eddicos que lhes s\u00e3o pr\u00f3prios e privativos, contamos com o apoio t\u00e9cnico do escrit\u00f3rio<strong> Duarte Fernandes Sociedade de Advogados<\/strong>\u00a0, escrit\u00f3rio em que um de nossos s\u00f3cios \u00e9 integrante do quadro societ\u00e1rio. Assim, nossa estrutura abrange todas as necessidades empresariais inerentes aos servi\u00e7os e solu\u00e7\u00f5es oferecidos.<\/p>\n<p>&nbsp;<\/p>\n<p>Temos como compromisso entregar credibilidade aos nossos clientes, respeitando os valores, cren\u00e7as e necessidades de seus colaboradores, atuando sempre com muita responsabilidade, compet\u00eancia, transpar\u00eancia e efic\u00e1cia.[\/vc_column_text][vc_empty_space][vc_column_text]<\/p>\n<h3><strong><span style=\"color: #000080;\">&gt;<\/span><\/strong> <a href=\"http:\/\/fernandesrinhel.com.br\/site\/profissionais\/\"><strong>Nossos profissionais<\/strong><\/a><\/h3>\n<h3><strong><span style=\"color: #000080;\">&gt;<\/span><\/strong> <a href=\"http:\/\/fernandesrinhel.com.br\/site\/principios\/\"><strong>Carta de Princ\u00edpios<\/strong><\/a><\/h3>\n<p>[\/vc_column_text][\/vc_column][\/vc_row]<\/p>\n<\/div>","protected":false},"excerpt":{"rendered":"<p>[vc_row css_animation=&#8221;&#8221; row_type=&#8221;row&#8221; use_row_as_full_screen_section=&#8221;no&#8221; type=&#8221;grid&#8221; angled_section=&#8221;no&#8221; text_align=&#8221;left&#8221; background_image_as_pattern=&#8221;without_pattern&#8221; z_index=&#8221;&#8221; css=&#8221;.vc_custom_1573856579934{padding-top: 60px !important;padding-bottom: 60px !important;}&#8221;][vc_column][vc_column_text css=&#8221;.vc_custom_1573909465883{padding-top: 30px !important;padding-bottom: 10px !important;}&#8221;] Fernandes, [&hellip;]<\/p>\n","protected":false},"author":1,"featured_media":0,"parent":0,"menu_order":0,"comment_status":"closed","ping_status":"closed","template":"full_width.php","meta":{"content-type":"","_uag_custom_page_level_css":"","site-sidebar-layout":"no-sidebar","site-content-layout":"plain-container","ast-site-content-layout":"","site-content-style":"default","site-sidebar-style":"default","ast-global-header-display":"","ast-banner-title-visibility":"","ast-main-header-display":"","ast-hfb-above-header-display":"","ast-hfb-below-header-display":"","ast-hfb-mobile-header-display":"","site-post-title":"disabled","ast-breadcrumbs-content":"","ast-featured-img":"disabled","footer-sml-layout":"","theme-transparent-header-meta":"","adv-header-id-meta":"","stick-header-meta":"","header-above-stick-meta":"","header-main-stick-meta":"","header-below-stick-meta":"","astra-migrate-meta-layouts":"default","ast-page-background-enabled":"default","ast-page-background-meta":{"desktop":{"background-color":"var(--ast-global-color-4)","background-image":"","background-repeat":"repeat","background-position":"center center","background-size":"auto","background-attachment":"scroll","background-type":"","background-media":"","overlay-type":"","overlay-color":"","overlay-opacity":"","overlay-gradient":""},"tablet":{"background-color":"","background-image":"","background-repeat":"repeat","background-position":"center center","background-size":"auto","background-attachment":"scroll","background-type":"","background-media":"","overlay-type":"","overlay-color":"","overlay-opacity":"","overlay-gradient":""},"mobile":{"background-color":"","background-image":"","background-repeat":"repeat","background-position":"center center","background-size":"auto","background-attachment":"scroll","background-type":"","background-media":"","overlay-type":"","overlay-color":"","overlay-opacity":"","overlay-gradient":""}},"ast-content-background-meta":{"desktop":{"background-color":"var(--ast-global-color-5)","background-image":"","background-repeat":"repeat","background-position":"center center","background-size":"auto","background-attachment":"scroll","background-type":"","background-media":"","overlay-type":"","overlay-color":"","overlay-opacity":"","overlay-gradient":""},"tablet":{"background-color":"var(--ast-global-color-5)","background-image":"","background-repeat":"repeat","background-position":"center center","background-size":"auto","background-attachment":"scroll","background-type":"","background-media":"","overlay-type":"","overlay-color":"","overlay-opacity":"","overlay-gradient":""},"mobile":{"background-color":"var(--ast-global-color-5)","background-image":"","background-repeat":"repeat","background-position":"center center","background-size":"auto","background-attachment":"scroll","background-type":"","background-media":"","overlay-type":"","overlay-color":"","overlay-opacity":"","overlay-gradient":""}},"footnotes":""},"class_list":["post-276","page","type-page","status-publish","hentry"],"uagb_featured_image_src":{"full":false,"thumbnail":false,"medium":false,"medium_large":false,"large":false,"1536x1536":false,"2048x2048":false},"uagb_author_info":{"display_name":"suporte","author_link":"https:\/\/fernandesrinhel.com.br\/site\/author\/suporte\/"},"uagb_comment_info":0,"uagb_excerpt":"[vc_row css_animation=&#8221;&#8221; row_type=&#8221;row&#8221; use_row_as_full_screen_section=&#8221;no&#8221; type=&#8221;grid&#8221; angled_section=&#8221;no&#8221; text_align=&#8221;left&#8221; background_image_as_pattern=&#8221;without_pattern&#8221; z_index=&#8221;&#8221; css=&#8221;.vc_custom_1573856579934{padding-top: 60px !important;padding-bottom: 60px !important;}&#8221;][vc_column][vc_column_text css=&#8221;.vc_custom_1573909465883{padding-top: 30px !important;padding-bottom: 10px !important;}&#8221;] Fernandes, [&hellip;]","_links":{"self":[{"href":"https:\/\/fernandesrinhel.com.br\/site\/wp-json\/wp\/v2\/pages\/276"}],"collection":[{"href":"https:\/\/fernandesrinhel.com.br\/site\/wp-json\/wp\/v2\/pages"}],"about":[{"href":"https:\/\/fernandesrinhel.com.br\/site\/wp-json\/wp\/v2\/types\/page"}],"author":[{"embeddable":true,"href":"https:\/\/fernandesrinhel.com.br\/site\/wp-json\/wp\/v2\/users\/1"}],"replies":[{"embeddable":true,"href":"https:\/\/fernandesrinhel.com.br\/site\/wp-json\/wp\/v2\/comments?post=276"}],"version-history":[{"count":15,"href":"https:\/\/fernandesrinhel.com.br\/site\/wp-json\/wp\/v2\/pages\/276\/revisions"}],"predecessor-version":[{"id":1084,"href":"https:\/\/fernandesrinhel.com.br\/site\/wp-json\/wp\/v2\/pages\/276\/revisions\/1084"}],"wp:attachment":[{"href":"https:\/\/fernandesrinhel.com.br\/site\/wp-json\/wp\/v2\/media?parent=276"}],"curies":[{"name":"wp","href":"https:\/\/api.w.org\/{rel}","templated":true}]}}