{"id":2373,"date":"2024-10-30T16:20:14","date_gmt":"2024-10-30T19:20:14","guid":{"rendered":"https:\/\/fernandesrinhel.com.br\/site\/?page_id=2373"},"modified":"2024-10-30T17:23:55","modified_gmt":"2024-10-30T20:23:55","slug":"finance","status":"publish","type":"page","link":"https:\/\/fernandesrinhel.com.br\/site\/finance\/","title":{"rendered":"Finance"},"content":{"rendered":"\n<div data-aos= \"flip-down\" data-aos-duration=\"400\" data-aos-delay=\"0\" data-aos-easing=\"ease\" data-aos-once=\"true\" class=\"wp-block-uagb-container uagb-block-8e900e2a alignfull uagb-is-root-container\"><div class=\"uagb-container-inner-blocks-wrap\">\n<div class=\"wp-block-uagb-advanced-heading uagb-block-eae04d3f\"><div class=\"uagb-separator\"><\/div><h1 class=\"uagb-heading-text\">N\u00facleo finance: Capta\u00e7\u00e3o de Recursos e Valuation<\/h1><p class=\"uagb-desc-text\">O <strong>N\u00facleo Finance<\/strong> da Fernandes Rinhel oferece uma consultoria especializada em <strong>capta\u00e7\u00e3o de recursos e avalia\u00e7\u00e3o de empresas (valuation)<\/strong>, proporcionando a base financeira necess\u00e1ria para o crescimento e a sustentabilidade dos neg\u00f3cios. Com uma equipe multidisciplinar de contadores, economistas e consultores financeiros, com vasta experi\u00eancia em grandes empresas de investimento e consultoria, desenvolvemos solu\u00e7\u00f5es robustas para as necessidades espec\u00edficas de cada cliente.<\/p><\/div>\n<\/div><\/div>\n\n\n\n<div class=\"wp-block-uagb-container uagb-block-509524e3 alignfull uagb-is-root-container\"><div class=\"uagb-container-inner-blocks-wrap\">\n<div class=\"wp-block-uagb-container uagb-block-feb2dc6e\">\n<div data-aos= \"slide-up\" data-aos-duration=\"400\" data-aos-delay=\"0\" data-aos-easing=\"ease\" data-aos-once=\"true\" class=\"wp-block-uagb-advanced-heading uagb-block-07c07b52\"><h2 class=\"uagb-heading-text\"><strong>Capta\u00e7\u00e3o de Recursos: Acesso a Ag\u00eancias de Fomento<\/strong><\/h2><p class=\"uagb-desc-text\">Com uma atua\u00e7\u00e3o t\u00e9cnica e experi\u00eancia pr\u00e1tica na elabora\u00e7\u00e3o de <strong>projetos de viabilidade econ\u00f4mico-financeira<\/strong>, nossa equipe proporciona um diferencial \u00fanico na capta\u00e7\u00e3o de recursos. Com profundo conhecimento sobre os requisitos e procedimentos das principais ag\u00eancias de fomento, como BNDES e BRDE, desenvolvemos projetos que <strong>maximizam as chances de aprova\u00e7\u00e3o<\/strong> e tornam o processo mais \u00e1gil e seguro.<\/p><\/div>\n\n\n\n<div data-aos= \"slide-up\" data-aos-duration=\"400\" data-aos-delay=\"0\" data-aos-easing=\"ease\" data-aos-once=\"true\" class=\"wp-block-uagb-icon-list uagb-block-a733287c\"><div class=\"uagb-icon-list__wrap\">\n<div class=\"wp-block-uagb-icon-list-child uagb-block-252f94b5\"><span class=\"uagb-icon-list__source-wrap\"><svg xmlns=\"https:\/\/www.w3.org\/2000\/svg\" viewBox=\"0 0 448 512\"><path d=\"M438.6 105.4C451.1 117.9 451.1 138.1 438.6 150.6L182.6 406.6C170.1 419.1 149.9 419.1 137.4 406.6L9.372 278.6C-3.124 266.1-3.124 245.9 9.372 233.4C21.87 220.9 42.13 220.9 54.63 233.4L159.1 338.7L393.4 105.4C405.9 92.88 426.1 92.88 438.6 105.4H438.6z\"><\/path><\/svg><\/span><span class=\"uagb-icon-list__label\"><strong>An\u00e1lise e Planejamento Financeiro Detalhado<\/strong>: Realizamos um diagn\u00f3stico financeiro completo, identificando as melhores fontes de financiamento para o perfil e objetivo da empresa.<\/span><\/div>\n\n\n\n<div class=\"wp-block-uagb-icon-list-child uagb-block-40afc628\"><span class=\"uagb-icon-list__source-wrap\"><svg xmlns=\"https:\/\/www.w3.org\/2000\/svg\" viewBox=\"0 0 448 512\"><path d=\"M438.6 105.4C451.1 117.9 451.1 138.1 438.6 150.6L182.6 406.6C170.1 419.1 149.9 419.1 137.4 406.6L9.372 278.6C-3.124 266.1-3.124 245.9 9.372 233.4C21.87 220.9 42.13 220.9 54.63 233.4L159.1 338.7L393.4 105.4C405.9 92.88 426.1 92.88 438.6 105.4H438.6z\"><\/path><\/svg><\/span><span class=\"uagb-icon-list__label\"><strong>Elabora\u00e7\u00e3o de Projetos de Viabilidade<\/strong>: Nossos economistas e consultores elaboram estudos detalhados de viabilidade, considerando proje\u00e7\u00f5es financeiras, an\u00e1lise de riscos e indicadores de performance. Esse n\u00edvel de precis\u00e3o \u00e9 essencial para atender aos rigorosos crit\u00e9rios das ag\u00eancias de fomento.<\/span><\/div>\n\n\n\n<div class=\"wp-block-uagb-icon-list-child uagb-block-b3034762\"><span class=\"uagb-icon-list__source-wrap\"><svg xmlns=\"https:\/\/www.w3.org\/2000\/svg\" viewBox=\"0 0 448 512\"><path d=\"M438.6 105.4C451.1 117.9 451.1 138.1 438.6 150.6L182.6 406.6C170.1 419.1 149.9 419.1 137.4 406.6L9.372 278.6C-3.124 266.1-3.124 245.9 9.372 233.4C21.87 220.9 42.13 220.9 54.63 233.4L159.1 338.7L393.4 105.4C405.9 92.88 426.1 92.88 438.6 105.4H438.6z\"><\/path><\/svg><\/span><span class=\"uagb-icon-list__label\"><strong>Expertise e Alta Taxa de Aprova\u00e7\u00e3o<\/strong>: Com uma vasta experi\u00eancia em capta\u00e7\u00f5es anteriores, conhecemos profundamente os processos das ag\u00eancias de fomento e sabemos como otimizar o projeto para obter aprova\u00e7\u00e3o. A nossa equipe trabalha para garantir que cada projeto esteja alinhado aos requisitos espec\u00edficos de cada linha de cr\u00e9dito, aumentando significativamente as chances de sucesso.<\/span><\/div>\n<\/div><\/div>\n<\/div>\n\n\n\n<div class=\"wp-block-uagb-container uagb-block-5eadc4a6\">\n<div data-aos= \"slide-up\" data-aos-duration=\"400\" data-aos-delay=\"0\" data-aos-easing=\"ease\" data-aos-once=\"true\" class=\"wp-block-uagb-image alignright uagb-block-126815f6 wp-block-uagb-image--layout-default wp-block-uagb-image--effect-static wp-block-uagb-image--align-right\"><figure class=\"wp-block-uagb-image__figure\"><img decoding=\"async\" srcset=\"https:\/\/fernandesrinhel.com.br\/site\/wp-content\/uploads\/2024\/10\/dsc00230.webp ,https:\/\/fernandesrinhel.com.br\/site\/wp-content\/uploads\/2024\/10\/dsc00230.webp 780w, https:\/\/fernandesrinhel.com.br\/site\/wp-content\/uploads\/2024\/10\/dsc00230.webp 360w\" sizes=\"(max-width: 480px) 150px\" src=\"https:\/\/fernandesrinhel.com.br\/site\/wp-content\/uploads\/2024\/10\/dsc00230.webp\" alt=\"\" class=\"uag-image-2375\" width=\"600\" height=\"450\" title=\"\" loading=\"lazy\" role=\"presentation\"\/><\/figure><\/div>\n<\/div>\n<\/div><\/div>\n\n\n\n<div class=\"wp-block-uagb-container uagb-layout-grid uagb-block-e5c50d49 alignfull uagb-is-root-container\"><div class=\"uagb-container-inner-blocks-wrap\">\n<div data-aos= \"fade-right\" data-aos-duration=\"400\" data-aos-delay=\"0\" data-aos-easing=\"ease\" data-aos-once=\"true\" class=\"wp-block-uagb-image aligncenter uagb-block-0420b850 wp-block-uagb-image--layout-default wp-block-uagb-image--effect-static wp-block-uagb-image--align-center uag-hide-mob\"><figure class=\"wp-block-uagb-image__figure\"><img decoding=\"async\" srcset=\"https:\/\/fernandesrinhel.com.br\/site\/wp-content\/uploads\/2024\/10\/two-business-teamwork-calculating-a-business-valua-2023-11-27-05-27-51-utc-1024x545.jpg ,https:\/\/fernandesrinhel.com.br\/site\/wp-content\/uploads\/2024\/10\/two-business-teamwork-calculating-a-business-valua-2023-11-27-05-27-51-utc-scaled.jpg 780w, https:\/\/fernandesrinhel.com.br\/site\/wp-content\/uploads\/2024\/10\/two-business-teamwork-calculating-a-business-valua-2023-11-27-05-27-51-utc-scaled.jpg 360w\" sizes=\"(max-width: 480px) 150px\" src=\"https:\/\/fernandesrinhel.com.br\/site\/wp-content\/uploads\/2024\/10\/two-business-teamwork-calculating-a-business-valua-2023-11-27-05-27-51-utc-1024x545.jpg\" alt=\"\" class=\"uag-image-2376\" width=\"600\" height=\"358\" title=\"Two business teamwork calculating a business valuation in workpl\" loading=\"lazy\" role=\"img\"\/><\/figure><\/div>\n\n\n\n<div class=\"wp-block-uagb-container uagb-block-633f4776\">\n<div class=\"wp-block-uagb-container uagb-block-51f4b123\">\n<div data-aos= \"fade-left\" data-aos-duration=\"400\" data-aos-delay=\"0\" data-aos-easing=\"ease\" data-aos-once=\"true\" class=\"wp-block-uagb-advanced-heading uagb-block-175f2774\"><h2 class=\"uagb-heading-text\">Valuation: Avalia\u00e7\u00e3o Estrat\u00e9gica para Decis\u00f5es de Crescimento<\/h2><p class=\"uagb-desc-text\">A avalia\u00e7\u00e3o de uma empresa \u00e9 crucial para decis\u00f5es estrat\u00e9gicas, seja para atrair investidores, planejar uma expans\u00e3o ou uma venda. Nossa equipe \u00e9 capaz de elaborar <strong>Valuations detalhados e fundamentados<\/strong>, que refletem o valor real da empresa e servem como base s\u00f3lida para tomadas de decis\u00e3o.<br><\/p><\/div>\n\n\n\n<div data-aos= \"fade-left\" data-aos-duration=\"400\" data-aos-delay=\"0\" data-aos-easing=\"ease\" data-aos-once=\"true\" class=\"wp-block-uagb-icon-list uagb-block-d5702c85\"><div class=\"uagb-icon-list__wrap\">\n<div class=\"wp-block-uagb-icon-list-child uagb-block-a1c57954\"><span class=\"uagb-icon-list__source-wrap\"><svg xmlns=\"https:\/\/www.w3.org\/2000\/svg\" viewBox=\"0 0 512 512\"><path d=\"M502.6 278.6l-128 128c-12.51 12.51-32.76 12.49-45.25 0c-12.5-12.5-12.5-32.75 0-45.25L402.8 288H32C14.31 288 0 273.7 0 255.1S14.31 224 32 224h370.8l-73.38-73.38c-12.5-12.5-12.5-32.75 0-45.25s32.75-12.5 45.25 0l128 128C515.1 245.9 515.1 266.1 502.6 278.6z\"><\/path><\/svg><\/span><span class=\"uagb-icon-list__label\"><strong>Equipe Altamente Qualificada em Avalia\u00e7\u00e3o de Ativos:<\/strong> Utilizamos metodologias avan\u00e7adas de valuation, adaptadas ao setor e \u00e0 realidade financeira da empresa, assegurando uma an\u00e1lise precisa e realista.<\/span><\/div>\n\n\n\n<div class=\"wp-block-uagb-icon-list-child uagb-block-16a90715\"><span class=\"uagb-icon-list__source-wrap\"><svg xmlns=\"https:\/\/www.w3.org\/2000\/svg\" viewBox=\"0 0 512 512\"><path d=\"M502.6 278.6l-128 128c-12.51 12.51-32.76 12.49-45.25 0c-12.5-12.5-12.5-32.75 0-45.25L402.8 288H32C14.31 288 0 273.7 0 255.1S14.31 224 32 224h370.8l-73.38-73.38c-12.5-12.5-12.5-32.75 0-45.25s32.75-12.5 45.25 0l128 128C515.1 245.9 515.1 266.1 502.6 278.6z\"><\/path><\/svg><\/span><span class=\"uagb-icon-list__label\"><strong>Relat\u00f3rios Estrat\u00e9gicos para Decis\u00f5es Financeiras<\/strong>: Cada valuation \u00e9 acompanhado de um relat\u00f3rio abrangente, que fornece uma vis\u00e3o clara do valor e do potencial de crescimento da empresa, facilitando decis\u00f5es de investimento e estrat\u00e9gias de mercado.<\/span><\/div>\n<\/div><\/div>\n<\/div>\n<\/div>\n<\/div><\/div>\n\n\n\n<div class=\"wp-block-uagb-container uagb-block-2049a507 alignfull uagb-is-root-container\"><div class=\"uagb-container-inner-blocks-wrap\">\n<div data-aos= \"fade-up\" data-aos-duration=\"400\" data-aos-delay=\"0\" data-aos-easing=\"ease\" data-aos-once=\"true\" class=\"wp-block-uagb-advanced-heading uagb-block-46ba2779\"><h2 class=\"uagb-heading-text\"><strong>Por Que Escolher o N\u00facleo Finance da Fernandes Rinhel?<\/strong><\/h2><p class=\"uagb-desc-text\">Escolher o N\u00facleo Finance da Fernandes Rinhel significa optar por uma consultoria que une <strong>conhecimento t\u00e9cnico e experi\u00eancia pr\u00e1tica<\/strong> no mercado financeiro. Nossa equipe multidisciplinar, com profissionais que j\u00e1 atuaram em grandes empresas de consultoria e investimento, oferece:<\/p><\/div>\n\n\n\n<div data-aos= \"fade-up\" data-aos-duration=\"400\" data-aos-delay=\"0\" data-aos-easing=\"ease\" data-aos-once=\"true\" class=\"wp-block-uagb-icon-list uagb-block-b429b0c0\"><div class=\"uagb-icon-list__wrap\">\n<div class=\"wp-block-uagb-icon-list-child uagb-block-64c88197\"><span class=\"uagb-icon-list__source-wrap\"><svg xmlns=\"https:\/\/www.w3.org\/2000\/svg\" viewBox=\"0 0 512 512\"><path d=\"M502.6 278.6l-128 128c-12.51 12.51-32.76 12.49-45.25 0c-12.5-12.5-12.5-32.75 0-45.25L402.8 288H32C14.31 288 0 273.7 0 255.1S14.31 224 32 224h370.8l-73.38-73.38c-12.5-12.5-12.5-32.75 0-45.25s32.75-12.5 45.25 0l128 128C515.1 245.9 515.1 266.1 502.6 278.6z\"><\/path><\/svg><\/span><span class=\"uagb-icon-list__label\"><strong>Experi\u00eancia Comprovada em Capta\u00e7\u00e3o e Valuation<\/strong>: Sabemos como navegar nos processos de ag\u00eancias de fomento e realizar valuations precisos que maximizam o valor dos neg\u00f3cios.<\/span><\/div>\n\n\n\n<div class=\"wp-block-uagb-icon-list-child uagb-block-d8041482\"><span class=\"uagb-icon-list__source-wrap\"><svg xmlns=\"https:\/\/www.w3.org\/2000\/svg\" viewBox=\"0 0 512 512\"><path d=\"M502.6 278.6l-128 128c-12.51 12.51-32.76 12.49-45.25 0c-12.5-12.5-12.5-32.75 0-45.25L402.8 288H32C14.31 288 0 273.7 0 255.1S14.31 224 32 224h370.8l-73.38-73.38c-12.5-12.5-12.5-32.75 0-45.25s32.75-12.5 45.25 0l128 128C515.1 245.9 515.1 266.1 502.6 278.6z\"><\/path><\/svg><\/span><span class=\"uagb-icon-list__label\"><strong>Projetos Personalizados e Alta Credibilidade<\/strong>: Cada projeto de capta\u00e7\u00e3o e valuation \u00e9 desenvolvido com rigor e personaliza\u00e7\u00e3o, garantindo que atenda \u00e0s necessidades exclusivas do cliente e inspire confian\u00e7a.<\/span><\/div>\n\n\n\n<div class=\"wp-block-uagb-icon-list-child uagb-block-5bcc5903\"><span class=\"uagb-icon-list__source-wrap\"><svg xmlns=\"https:\/\/www.w3.org\/2000\/svg\" viewBox=\"0 0 512 512\"><path d=\"M502.6 278.6l-128 128c-12.51 12.51-32.76 12.49-45.25 0c-12.5-12.5-12.5-32.75 0-45.25L402.8 288H32C14.31 288 0 273.7 0 255.1S14.31 224 32 224h370.8l-73.38-73.38c-12.5-12.5-12.5-32.75 0-45.25s32.75-12.5 45.25 0l128 128C515.1 245.9 515.1 266.1 502.6 278.6z\"><\/path><\/svg><\/span><span class=\"uagb-icon-list__label\">Solu\u00e7\u00f5es Estrat\u00e9gicas para Crescimento e Sustentabilidade: Atuamos como parceiros estrat\u00e9gicos, assegurando que cada cliente tenha os recursos financeiros e a clareza necess\u00e1rios para tomar decis\u00f5es que impulsionem o crescimento de forma sustent\u00e1vel.<\/span><\/div>\n<\/div><\/div>\n<\/div><\/div>\n\n\n\n<p><\/p>\n","protected":false},"excerpt":{"rendered":"<p>N\u00facleo finance: Capta\u00e7\u00e3o de Recursos e Valuation O N\u00facleo Finance da Fernandes Rinhel oferece uma consultoria especializada em capta\u00e7\u00e3o de [&hellip;]<\/p>\n","protected":false},"author":3,"featured_media":0,"parent":0,"menu_order":0,"comment_status":"closed","ping_status":"closed","template":"","meta":{"content-type":"","_uag_custom_page_level_css":"","site-sidebar-layout":"default","site-content-layout":"","ast-site-content-layout":"","site-content-style":"default","site-sidebar-style":"default","ast-global-header-display":"","ast-banner-title-visibility":"disabled","ast-main-header-display":"","ast-hfb-above-header-display":"","ast-hfb-below-header-display":"","ast-hfb-mobile-header-display":"","site-post-title":"","ast-breadcrumbs-content":"","ast-featured-img":"","footer-sml-layout":"","theme-transparent-header-meta":"enabled","adv-header-id-meta":"","stick-header-meta":"","header-above-stick-meta":"","header-main-stick-meta":"","header-below-stick-meta":"","astra-migrate-meta-layouts":"default","ast-page-background-enabled":"default","ast-page-background-meta":{"desktop":{"background-color":"var(--ast-global-color-4)","background-image":"","background-repeat":"repeat","background-position":"center center","background-size":"auto","background-attachment":"scroll","background-type":"","background-media":"","overlay-type":"","overlay-color":"","overlay-opacity":"","overlay-gradient":""},"tablet":{"background-color":"","background-image":"","background-repeat":"repeat","background-position":"center center","background-size":"auto","background-attachment":"scroll","background-type":"","background-media":"","overlay-type":"","overlay-color":"","overlay-opacity":"","overlay-gradient":""},"mobile":{"background-color":"","background-image":"","background-repeat":"repeat","background-position":"center center","background-size":"auto","background-attachment":"scroll","background-type":"","background-media":"","overlay-type":"","overlay-color":"","overlay-opacity":"","overlay-gradient":""}},"ast-content-background-meta":{"desktop":{"background-color":"var(--ast-global-color-5)","background-image":"","background-repeat":"repeat","background-position":"center center","background-size":"auto","background-attachment":"scroll","background-type":"","background-media":"","overlay-type":"","overlay-color":"","overlay-opacity":"","overlay-gradient":""},"tablet":{"background-color":"var(--ast-global-color-5)","background-image":"","background-repeat":"repeat","background-position":"center center","background-size":"auto","background-attachment":"scroll","background-type":"","background-media":"","overlay-type":"","overlay-color":"","overlay-opacity":"","overlay-gradient":""},"mobile":{"background-color":"var(--ast-global-color-5)","background-image":"","background-repeat":"repeat","background-position":"center center","background-size":"auto","background-attachment":"scroll","background-type":"","background-media":"","overlay-type":"","overlay-color":"","overlay-opacity":"","overlay-gradient":""}},"footnotes":""},"class_list":["post-2373","page","type-page","status-publish","hentry"],"uagb_featured_image_src":{"full":false,"thumbnail":false,"medium":false,"medium_large":false,"large":false,"1536x1536":false,"2048x2048":false},"uagb_author_info":{"display_name":"Comercial","author_link":"https:\/\/fernandesrinhel.com.br\/site\/author\/comercial\/"},"uagb_comment_info":0,"uagb_excerpt":"N\u00facleo finance: Capta\u00e7\u00e3o de Recursos e Valuation O N\u00facleo Finance da Fernandes Rinhel oferece uma consultoria especializada em capta\u00e7\u00e3o de [&hellip;]","_links":{"self":[{"href":"https:\/\/fernandesrinhel.com.br\/site\/wp-json\/wp\/v2\/pages\/2373"}],"collection":[{"href":"https:\/\/fernandesrinhel.com.br\/site\/wp-json\/wp\/v2\/pages"}],"about":[{"href":"https:\/\/fernandesrinhel.com.br\/site\/wp-json\/wp\/v2\/types\/page"}],"author":[{"embeddable":true,"href":"https:\/\/fernandesrinhel.com.br\/site\/wp-json\/wp\/v2\/users\/3"}],"replies":[{"embeddable":true,"href":"https:\/\/fernandesrinhel.com.br\/site\/wp-json\/wp\/v2\/comments?post=2373"}],"version-history":[{"count":2,"href":"https:\/\/fernandesrinhel.com.br\/site\/wp-json\/wp\/v2\/pages\/2373\/revisions"}],"predecessor-version":[{"id":2416,"href":"https:\/\/fernandesrinhel.com.br\/site\/wp-json\/wp\/v2\/pages\/2373\/revisions\/2416"}],"wp:attachment":[{"href":"https:\/\/fernandesrinhel.com.br\/site\/wp-json\/wp\/v2\/media?parent=2373"}],"curies":[{"name":"wp","href":"https:\/\/api.w.org\/{rel}","templated":true}]}}