{"id":2355,"date":"2024-10-30T14:38:52","date_gmt":"2024-10-30T17:38:52","guid":{"rendered":"https:\/\/fernandesrinhel.com.br\/site\/?page_id=2355"},"modified":"2024-11-07T13:49:15","modified_gmt":"2024-11-07T16:49:15","slug":"tributario","status":"publish","type":"page","link":"https:\/\/fernandesrinhel.com.br\/site\/tributario\/","title":{"rendered":"Revis\u00e3o e planejamento fiscal"},"content":{"rendered":"\n<div data-aos= \"flip-down\" data-aos-duration=\"400\" data-aos-delay=\"0\" data-aos-easing=\"ease\" data-aos-once=\"true\" class=\"wp-block-uagb-container uagb-block-8e900e2a alignfull uagb-is-root-container\"><div class=\"uagb-container-inner-blocks-wrap\">\n<div class=\"wp-block-uagb-advanced-heading uagb-block-eae04d3f\"><div class=\"uagb-separator\"><\/div><h1 class=\"uagb-heading-text\">Revis\u00e3o, Recupera\u00e7\u00e3o e planejamento fiscal<\/h1><p class=\"uagb-desc-text\">Entendemos que a efici\u00eancia tribut\u00e1ria \u00e9 essencial para a sa\u00fade financeira de qualquer empresa. Com uma equipe formada por advogados, contadores e economistas experientes, aliada a tecnologias avan\u00e7adas, oferecemos uma abordagem completa para a <strong>revis\u00e3o fiscal<\/strong>, <strong>recupera\u00e7\u00e3o de cr\u00e9ditos<\/strong> e <strong>planejamento tribut\u00e1rio<\/strong>, assegurando que nossos clientes se beneficiem ao m\u00e1ximo das oportunidades fiscais existentes e operem em plena conformidade com a legisla\u00e7\u00e3o.<\/p><\/div>\n<\/div><\/div>\n\n\n\n<div class=\"wp-block-uagb-container uagb-layout-grid uagb-block-163bac79 alignfull uagb-is-root-container\"><div class=\"uagb-container-inner-blocks-wrap\">\n<div class=\"wp-block-uagb-container uagb-block-eef5a706\">\n<div class=\"wp-block-uagb-container uagb-block-7b3e7335\">\n<div data-aos= \"fade-right\" data-aos-duration=\"400\" data-aos-delay=\"0\" data-aos-easing=\"ease\" data-aos-once=\"true\" class=\"wp-block-uagb-advanced-heading uagb-block-3ef56a51\"><h2 class=\"uagb-heading-text\"><strong>Revis\u00e3o Fiscal: Identificando Oportunidades e otimizando Riscos<\/strong><\/h2><p class=\"uagb-desc-text\">O sistema tribut\u00e1rio brasileiro \u00e9 complexo, extenso e din\u00e2mico, exigindo uma an\u00e1lise detalhada e estrat\u00e9gica sobre a sua inser\u00e7\u00e3o na realidade de cada empresa. Idealizada e operacionalizada por profissionais de renome, junto a tecnologias de \u00faltima gera\u00e7\u00e3o, nossa revis\u00e3o fiscal combina expertise t\u00e9cnica e especificidade no trabalho, nos permitindo identificar oportunidades de compensa\u00e7\u00e3o e restitui\u00e7\u00e3o de tributos com agilidade e personaliza\u00e7\u00e3o, se distanciando das an\u00e1lises gerais, popularmente conhecidas pela maioria dos empres\u00e1rios, e adentrando no cerne da atividade de cada contribuinte.<\/p><\/div>\n<\/div>\n<\/div>\n\n\n\n<div data-aos= \"fade-left\" data-aos-duration=\"400\" data-aos-delay=\"0\" data-aos-easing=\"ease\" data-aos-once=\"true\" class=\"wp-block-uagb-image alignright uagb-block-3084b03a wp-block-uagb-image--layout-default wp-block-uagb-image--effect-static wp-block-uagb-image--align-right uag-hide-mob\"><figure class=\"wp-block-uagb-image__figure\"><img decoding=\"async\" srcset=\"https:\/\/fernandesrinhel.com.br\/site\/wp-content\/uploads\/2024\/10\/professional-businessman-checking-finances-and-cou-2024-01-12-18-31-30-utc-1024x683.jpg ,https:\/\/fernandesrinhel.com.br\/site\/wp-content\/uploads\/2024\/10\/professional-businessman-checking-finances-and-cou-2024-01-12-18-31-30-utc-scaled.jpg 780w, https:\/\/fernandesrinhel.com.br\/site\/wp-content\/uploads\/2024\/10\/professional-businessman-checking-finances-and-cou-2024-01-12-18-31-30-utc-scaled.jpg 360w\" sizes=\"(max-width: 480px) 150px\" src=\"https:\/\/fernandesrinhel.com.br\/site\/wp-content\/uploads\/2024\/10\/professional-businessman-checking-finances-and-cou-2024-01-12-18-31-30-utc-1024x683.jpg\" alt=\"\" class=\"uag-image-2358\" width=\"697\" height=\"410\" title=\"Professional businessman checking finances and counting bills or taxes at office desk\" loading=\"lazy\" role=\"img\"\/><\/figure><\/div>\n<\/div><\/div>\n\n\n\n<div class=\"wp-block-uagb-container uagb-layout-grid uagb-block-e5c50d49 alignfull uagb-is-root-container\"><div class=\"uagb-container-inner-blocks-wrap\">\n<div data-aos= \"fade-up\" data-aos-duration=\"400\" data-aos-delay=\"0\" data-aos-easing=\"ease\" data-aos-once=\"true\" class=\"wp-block-uagb-image alignright uagb-block-0420b850 wp-block-uagb-image--layout-default wp-block-uagb-image--effect-static wp-block-uagb-image--align-right uag-hide-mob\"><figure class=\"wp-block-uagb-image__figure\"><img decoding=\"async\" srcset=\"https:\/\/fernandesrinhel.com.br\/site\/wp-content\/uploads\/2024\/10\/top-view-image-of-money-calculator-and-increase-p-2023-11-27-18-53-40-utc-1024x683.jpeg ,https:\/\/fernandesrinhel.com.br\/site\/wp-content\/uploads\/2024\/10\/top-view-image-of-money-calculator-and-increase-p-2023-11-27-18-53-40-utc-scaled.jpeg 780w, https:\/\/fernandesrinhel.com.br\/site\/wp-content\/uploads\/2024\/10\/top-view-image-of-money-calculator-and-increase-p-2023-11-27-18-53-40-utc-scaled.jpeg 360w\" sizes=\"(max-width: 480px) 150px\" src=\"https:\/\/fernandesrinhel.com.br\/site\/wp-content\/uploads\/2024\/10\/top-view-image-of-money-calculator-and-increase-p-2023-11-27-18-53-40-utc-1024x683.jpeg\" alt=\"\" class=\"uag-image-2359\" width=\"697\" height=\"410\" title=\"top-view-image-of-money-calculator-and-increase-p-2023-11-27-18-53-40-utc\" loading=\"lazy\" role=\"img\"\/><\/figure><\/div>\n\n\n\n<div class=\"wp-block-uagb-container uagb-block-633f4776\">\n<div class=\"wp-block-uagb-container uagb-block-51f4b123\">\n<div data-aos= \"fade-up\" data-aos-duration=\"400\" data-aos-delay=\"0\" data-aos-easing=\"ease\" data-aos-once=\"true\" class=\"wp-block-uagb-advanced-heading uagb-block-175f2774\"><h2 class=\"uagb-heading-text\">Recupera\u00e7\u00e3o de Cr\u00e9ditos Fiscais: Convertendo Oportunidades em Caixa<\/h2><p class=\"uagb-desc-text\">Para muitas empresas, a recupera\u00e7\u00e3o de cr\u00e9ditos fiscais \u00e9 um ponto estrat\u00e9gico de incremento de caixa. Nossa tecnologia aliada a expertise cont\u00e1bil permite rastrear dados tribut\u00e1rios e hist\u00f3ricos de pagamento, garantindo que nenhum cr\u00e9dito seja perdido. Identificamos cr\u00e9ditos provenientes de <strong>pagamentos indevidos<\/strong> ou <strong>excessivos<\/strong> e conduzimos o processo de recupera\u00e7\u00e3o com transpar\u00eancia e efici\u00eancia, assegurando que cada oportunidade se converta em vantagem financeira para o cliente.<\/p><\/div>\n<\/div>\n<\/div>\n<\/div><\/div>\n\n\n\n<div class=\"wp-block-uagb-container uagb-layout-grid uagb-block-98794cb1 alignfull uagb-is-root-container\"><div class=\"uagb-container-inner-blocks-wrap\">\n<div class=\"wp-block-uagb-container uagb-block-e677c6b4\">\n<div class=\"wp-block-uagb-container uagb-block-e566e81c\">\n<div data-aos= \"slide-right\" data-aos-duration=\"400\" data-aos-delay=\"0\" data-aos-easing=\"ease\" data-aos-once=\"true\" class=\"wp-block-uagb-advanced-heading uagb-block-438e7829\"><h2 class=\"uagb-heading-text\"><strong>Planejamento Tribut\u00e1rio: Estrat\u00e9gia para Crescimento e Sustentabilidade<\/strong><\/h2><p class=\"uagb-desc-text\">Combinando <strong>an\u00e1lise estrat\u00e9gica<\/strong> e tecnologia, nosso planejamento tribut\u00e1rio \u00e9 elaborado para minimizar a carga fiscal, viabilizando o crescimento sustent\u00e1vel da empresa. Nossas ferramentas de an\u00e1lise fiscal permitem simular cen\u00e1rios, avaliar alternativas tribut\u00e1rias e otimizar recursos de forma personalizada. Essa abordagem garante que nossos clientes operem dentro de uma estrutura fiscal que favorece o reinvestimento e o crescimento a longo prazo.<\/p><\/div>\n<\/div>\n<\/div>\n\n\n\n<div data-aos= \"slide-left\" data-aos-duration=\"400\" data-aos-delay=\"0\" data-aos-easing=\"ease\" data-aos-once=\"true\" class=\"wp-block-uagb-image alignright uagb-block-a3bcf695 wp-block-uagb-image--layout-default wp-block-uagb-image--effect-static wp-block-uagb-image--align-right uag-hide-mob\"><figure class=\"wp-block-uagb-image__figure\"><img decoding=\"async\" srcset=\"https:\/\/fernandesrinhel.com.br\/site\/wp-content\/uploads\/2024\/10\/business-people-meeting-for-business-planning-bra-2023-11-27-05-08-45-utc-1024x683.jpg ,https:\/\/fernandesrinhel.com.br\/site\/wp-content\/uploads\/2024\/10\/business-people-meeting-for-business-planning-bra-2023-11-27-05-08-45-utc-scaled.jpg 780w, https:\/\/fernandesrinhel.com.br\/site\/wp-content\/uploads\/2024\/10\/business-people-meeting-for-business-planning-bra-2023-11-27-05-08-45-utc-scaled.jpg 360w\" sizes=\"(max-width: 480px) 150px\" src=\"https:\/\/fernandesrinhel.com.br\/site\/wp-content\/uploads\/2024\/10\/business-people-meeting-for-business-planning-bra-2023-11-27-05-08-45-utc-1024x683.jpg\" alt=\"\" class=\"uag-image-2360\" width=\"697\" height=\"410\" title=\"business-people-meeting-for-business-planning-bra-2023-11-27-05-08-45-utc\" loading=\"lazy\" role=\"img\"\/><\/figure><\/div>\n<\/div><\/div>\n\n\n\n<div class=\"wp-block-uagb-container uagb-layout-grid uagb-block-275462c6 alignfull uagb-is-root-container\"><div class=\"uagb-container-inner-blocks-wrap\">\n<div data-aos= \"flip-left\" data-aos-duration=\"400\" data-aos-delay=\"0\" data-aos-easing=\"ease\" data-aos-once=\"true\" class=\"wp-block-uagb-image aligncenter uagb-block-f1fab7de wp-block-uagb-image--layout-default wp-block-uagb-image--effect-static wp-block-uagb-image--align-center uag-hide-mob\"><figure class=\"wp-block-uagb-image__figure\"><img decoding=\"async\" srcset=\"https:\/\/fernandesrinhel.com.br\/site\/wp-content\/uploads\/2019\/11\/cropped-logo500-fernandes-rinhel.png ,https:\/\/fernandesrinhel.com.br\/site\/wp-content\/uploads\/2019\/11\/cropped-logo500-fernandes-rinhel.png 780w, https:\/\/fernandesrinhel.com.br\/site\/wp-content\/uploads\/2019\/11\/cropped-logo500-fernandes-rinhel.png 360w\" sizes=\"(max-width: 480px) 150px\" src=\"https:\/\/fernandesrinhel.com.br\/site\/wp-content\/uploads\/2019\/11\/cropped-logo500-fernandes-rinhel.png\" alt=\"\" class=\"uag-image-2102\" width=\"459\" height=\"109\" title=\"cropped-logo500-fernandes-rinhel.png\" loading=\"lazy\" role=\"img\"\/><\/figure><\/div>\n\n\n\n<div class=\"wp-block-uagb-container uagb-block-0e5f5a3a\">\n<div class=\"wp-block-uagb-container uagb-block-997e5daf\">\n<div data-aos= \"slide-right\" data-aos-duration=\"400\" data-aos-delay=\"0\" data-aos-easing=\"ease\" data-aos-once=\"true\" class=\"wp-block-uagb-advanced-heading uagb-block-fdf20f6a\"><h2 class=\"uagb-heading-text\"><strong>Por Que Escolher a Fernandes Rinhel para sua Gest\u00e3o Fiscal?<\/strong><\/h2><p class=\"uagb-desc-text\">Optar pela Fernandes Rinhel significa contar com uma consultoria que une <strong>expertise t\u00e9cnica<\/strong> e <strong>inova\u00e7\u00e3o tecnol\u00f3gica<\/strong> para resultados concretos. Nossos diferenciais incluem:<\/p><\/div>\n\n\n\n<div data-aos= \"slide-left\" data-aos-duration=\"400\" data-aos-delay=\"0\" data-aos-easing=\"ease\" data-aos-once=\"true\" class=\"wp-block-uagb-icon-list uagb-block-d5702c85\"><div class=\"uagb-icon-list__wrap\">\n<div class=\"wp-block-uagb-icon-list-child uagb-block-a1c57954\"><span class=\"uagb-icon-list__source-wrap\"><svg xmlns=\"https:\/\/www.w3.org\/2000\/svg\" viewBox=\"0 0 256 512\"><path d=\"M256 448c0 17.67-14.33 32-32 32H32c-17.67 0-32-14.33-32-32s14.33-32 32-32h64V123.8L49.75 154.6C35.02 164.5 15.19 160.4 5.375 145.8C-4.422 131.1-.4531 111.2 14.25 101.4l96-64c9.828-6.547 22.45-7.187 32.84-1.594C153.5 41.37 160 52.22 160 64.01v352h64C241.7 416 256 430.3 256 448z\"><\/path><\/svg><\/span><span class=\"uagb-icon-list__label\"><strong>Equipe Multidisciplinar e Tecnologia de Ponta:<\/strong> Contadores, economistas e advogados especializados, apoiados por ferramentas tecnol\u00f3gicas que elevam a precis\u00e3o das an\u00e1lises.<\/span><\/div>\n\n\n\n<div class=\"wp-block-uagb-icon-list-child uagb-block-16a90715\"><span class=\"uagb-icon-list__source-wrap\"><svg xmlns=\"https:\/\/www.w3.org\/2000\/svg\" viewBox=\"0 0 320 512\"><path d=\"M320 448c0 17.67-14.33 32-32 32H32c-13.08 0-24.83-7.953-29.7-20.09c-4.859-12.12-1.859-26 7.594-35.03l193.6-185.1c31.36-30.17 33.95-80 5.812-113.4c-14.91-17.69-35.86-28.12-58.97-29.38C127.4 95.83 105.3 103.9 88.53 119.9L53.52 151.7c-13.08 11.91-33.33 10.89-45.2-2.172C-3.563 136.5-2.594 116.2 10.48 104.3l34.45-31.3c28.67-27.34 68.39-42.11 108.9-39.88c40.33 2.188 78.39 21.16 104.4 52.03c49.8 59.05 45.2 147.3-10.45 200.8l-136 130H288C305.7 416 320 430.3 320 448z\"><\/path><\/svg><\/span><span class=\"uagb-icon-list__label\"><strong>Atendimento Personalizado e Integrado<\/strong>: Nossas solu\u00e7\u00f5es s\u00e3o desenhadas para responder \u00e0s necessidades exclusivas de cada cliente.<\/span><\/div>\n\n\n\n<div class=\"wp-block-uagb-icon-list-child uagb-block-5a850b30\"><span class=\"uagb-icon-list__source-wrap\"><svg xmlns=\"https:\/\/www.w3.org\/2000\/svg\" viewBox=\"0 0 320 512\"><path d=\"M320 344c0 74.98-61.02 136-136 136H103.6c-46.34 0-87.31-29.53-101.1-73.48c-5.594-16.77 3.484-34.88 20.25-40.47c16.75-5.609 34.89 3.484 40.47 20.25c5.922 17.77 22.48 29.7 41.23 29.7H184c39.7 0 72-32.3 72-72s-32.3-72-72-72H80c-13.2 0-25.05-8.094-29.83-20.41C45.39 239.3 48.66 225.3 58.38 216.4l131.4-120.4H32c-17.67 0-32-14.33-32-32s14.33-32 32-32h240c13.2 0 25.05 8.094 29.83 20.41c4.781 12.3 1.516 26.27-8.203 35.19l-131.4 120.4H184C258.1 208 320 269 320 344z\"><\/path><\/svg><\/span><span class=\"uagb-icon-list__label\"><strong>Foco em Conformidade e Performance Financeira<\/strong>: A tecnologia nos permite atuar com seguran\u00e7a e efici\u00eancia, sempre em conformidade com as exig\u00eancias regulat\u00f3rias.<\/span><\/div>\n<\/div><\/div>\n<\/div>\n<\/div>\n<\/div><\/div>\n\n\n\n<p><\/p>\n","protected":false},"excerpt":{"rendered":"<p>Revis\u00e3o, Recupera\u00e7\u00e3o e planejamento fiscal Entendemos que a efici\u00eancia tribut\u00e1ria \u00e9 essencial para a sa\u00fade financeira de qualquer empresa. Com [&hellip;]<\/p>\n","protected":false},"author":3,"featured_media":0,"parent":0,"menu_order":0,"comment_status":"closed","ping_status":"closed","template":"","meta":{"content-type":"","_uag_custom_page_level_css":"","site-sidebar-layout":"default","site-content-layout":"","ast-site-content-layout":"default","site-content-style":"default","site-sidebar-style":"default","ast-global-header-display":"","ast-banner-title-visibility":"disabled","ast-main-header-display":"","ast-hfb-above-header-display":"","ast-hfb-below-header-display":"","ast-hfb-mobile-header-display":"","site-post-title":"","ast-breadcrumbs-content":"","ast-featured-img":"","footer-sml-layout":"","theme-transparent-header-meta":"enabled","adv-header-id-meta":"","stick-header-meta":"","header-above-stick-meta":"","header-main-stick-meta":"","header-below-stick-meta":"","astra-migrate-meta-layouts":"set","ast-page-background-enabled":"default","ast-page-background-meta":{"desktop":{"background-color":"var(--ast-global-color-4)","background-image":"","background-repeat":"repeat","background-position":"center center","background-size":"auto","background-attachment":"scroll","background-type":"","background-media":"","overlay-type":"","overlay-color":"","overlay-opacity":"","overlay-gradient":""},"tablet":{"background-color":"","background-image":"","background-repeat":"repeat","background-position":"center center","background-size":"auto","background-attachment":"scroll","background-type":"","background-media":"","overlay-type":"","overlay-color":"","overlay-opacity":"","overlay-gradient":""},"mobile":{"background-color":"","background-image":"","background-repeat":"repeat","background-position":"center center","background-size":"auto","background-attachment":"scroll","background-type":"","background-media":"","overlay-type":"","overlay-color":"","overlay-opacity":"","overlay-gradient":""}},"ast-content-background-meta":{"desktop":{"background-color":"var(--ast-global-color-5)","background-image":"","background-repeat":"repeat","background-position":"center center","background-size":"auto","background-attachment":"scroll","background-type":"","background-media":"","overlay-type":"","overlay-color":"","overlay-opacity":"","overlay-gradient":""},"tablet":{"background-color":"var(--ast-global-color-5)","background-image":"","background-repeat":"repeat","background-position":"center center","background-size":"auto","background-attachment":"scroll","background-type":"","background-media":"","overlay-type":"","overlay-color":"","overlay-opacity":"","overlay-gradient":""},"mobile":{"background-color":"var(--ast-global-color-5)","background-image":"","background-repeat":"repeat","background-position":"center center","background-size":"auto","background-attachment":"scroll","background-type":"","background-media":"","overlay-type":"","overlay-color":"","overlay-opacity":"","overlay-gradient":""}},"footnotes":""},"class_list":["post-2355","page","type-page","status-publish","hentry"],"uagb_featured_image_src":{"full":false,"thumbnail":false,"medium":false,"medium_large":false,"large":false,"1536x1536":false,"2048x2048":false},"uagb_author_info":{"display_name":"Comercial","author_link":"https:\/\/fernandesrinhel.com.br\/site\/author\/comercial\/"},"uagb_comment_info":0,"uagb_excerpt":"Revis\u00e3o, Recupera\u00e7\u00e3o e planejamento fiscal Entendemos que a efici\u00eancia tribut\u00e1ria \u00e9 essencial para a sa\u00fade financeira de qualquer empresa. Com [&hellip;]","_links":{"self":[{"href":"https:\/\/fernandesrinhel.com.br\/site\/wp-json\/wp\/v2\/pages\/2355"}],"collection":[{"href":"https:\/\/fernandesrinhel.com.br\/site\/wp-json\/wp\/v2\/pages"}],"about":[{"href":"https:\/\/fernandesrinhel.com.br\/site\/wp-json\/wp\/v2\/types\/page"}],"author":[{"embeddable":true,"href":"https:\/\/fernandesrinhel.com.br\/site\/wp-json\/wp\/v2\/users\/3"}],"replies":[{"embeddable":true,"href":"https:\/\/fernandesrinhel.com.br\/site\/wp-json\/wp\/v2\/comments?post=2355"}],"version-history":[{"count":4,"href":"https:\/\/fernandesrinhel.com.br\/site\/wp-json\/wp\/v2\/pages\/2355\/revisions"}],"predecessor-version":[{"id":2485,"href":"https:\/\/fernandesrinhel.com.br\/site\/wp-json\/wp\/v2\/pages\/2355\/revisions\/2485"}],"wp:attachment":[{"href":"https:\/\/fernandesrinhel.com.br\/site\/wp-json\/wp\/v2\/media?parent=2355"}],"curies":[{"name":"wp","href":"https:\/\/api.w.org\/{rel}","templated":true}]}}