{"id":2302,"date":"2024-10-29T14:19:23","date_gmt":"2024-10-29T17:19:23","guid":{"rendered":"https:\/\/fernandesrinhel.com.br\/site\/?page_id=2302"},"modified":"2024-10-30T17:20:47","modified_gmt":"2024-10-30T20:20:47","slug":"holding-e-planejamento-patrimonial-2","status":"publish","type":"page","link":"https:\/\/fernandesrinhel.com.br\/site\/holding-e-planejamento-patrimonial-2\/","title":{"rendered":"Holding e planejamento patrimonial"},"content":{"rendered":"\n<div data-aos= \"flip-down\" data-aos-duration=\"400\" data-aos-delay=\"0\" data-aos-easing=\"ease\" data-aos-once=\"true\" class=\"wp-block-uagb-container uagb-block-8e900e2a alignfull uagb-is-root-container\"><div class=\"uagb-container-inner-blocks-wrap\">\n<div class=\"wp-block-uagb-advanced-heading uagb-block-eae04d3f\"><div class=\"uagb-separator\"><\/div><h1 class=\"uagb-heading-text\">Holding e planejamento patrimonial<\/h1><p class=\"uagb-desc-text\">Oferecemos <strong>solu\u00e7\u00f5es completas para a estrutura\u00e7\u00e3o de holdings  e estrat\u00e9gias societ\u00e1rias e patrimoniais<\/strong>, ajudando empresas e fam\u00edlias a<strong> proteger seu patrim\u00f4nio e otimizar a gest\u00e3o de seus ativos e da sucess\u00e3o dos bens<\/strong>. Nossa abordagem personalizada e equipe t\u00e9cnica multidisciplinar leva em considera\u00e7\u00e3o as necessidades e <strong>objetivos espec\u00edficos de cada cliente<\/strong>, possibilitando a cria\u00e7\u00e3o de uma <strong>estrutura de holding<\/strong> que centraliza a administra\u00e7\u00e3o de bens e empresas sob uma gest\u00e3o estrat\u00e9gica.<\/p><\/div>\n<\/div><\/div>\n\n\n\n<div class=\"wp-block-uagb-container uagb-block-509524e3 alignfull uagb-is-root-container\"><div class=\"uagb-container-inner-blocks-wrap\">\n<div class=\"wp-block-uagb-container uagb-block-feb2dc6e\">\n<div data-aos= \"fade-up\" data-aos-duration=\"400\" data-aos-delay=\"0\" data-aos-easing=\"ease\" data-aos-once=\"true\" class=\"wp-block-uagb-advanced-heading uagb-block-07c07b52\"><h1 class=\"uagb-heading-text\"><strong>Benef\u00edcios <\/strong><\/h1><p class=\"uagb-desc-text\">A elabora\u00e7\u00e3o de um planejamento patrimonial estrat\u00e9tigco atrav\u00e9s de estruturas societ\u00e1rias como holdings patrimoniais n\u00e3o \u00e9 apenas uma formalidade, mais sim,  uma estrat\u00e9gia fundamental para fortalecer e <strong>proteger o patrim\u00f4nio<\/strong> familiar ou empresarial, <strong>simplificar a sucess\u00e3o<\/strong> dos bens e <strong>otimizar a carga tribut\u00e1ria<\/strong>. Com uma holding, \u00e9 poss\u00edvel alcan\u00e7ar:<\/p><\/div>\n\n\n\n<div data-aos= \"fade-up\" data-aos-duration=\"400\" data-aos-delay=\"0\" data-aos-easing=\"ease\" data-aos-once=\"true\" class=\"wp-block-uagb-icon-list uagb-block-a733287c\"><div class=\"uagb-icon-list__wrap\">\n<div class=\"wp-block-uagb-icon-list-child uagb-block-252f94b5\"><span class=\"uagb-icon-list__source-wrap\"><svg xmlns=\"https:\/\/www.w3.org\/2000\/svg\" viewBox=\"0 0 448 512\"><path d=\"M438.6 105.4C451.1 117.9 451.1 138.1 438.6 150.6L182.6 406.6C170.1 419.1 149.9 419.1 137.4 406.6L9.372 278.6C-3.124 266.1-3.124 245.9 9.372 233.4C21.87 220.9 42.13 220.9 54.63 233.4L159.1 338.7L393.4 105.4C405.9 92.88 426.1 92.88 438.6 105.4H438.6z\"><\/path><\/svg><\/span><span class=\"uagb-icon-list__label\"><strong>Planejamento Sucess\u00f3rio Eficiente<\/strong>: Evita conflitos familiares, ao definir claramente as regras de transfer\u00eancia e distribui\u00e7\u00e3o do patrim\u00f4nio, trazendo seguran\u00e7a para o futuro. Al\u00e9m de minimizar significativamente a carga tribut\u00e1ria envolvida na transmiss\u00e3o dos bens.<\/span><\/div>\n\n\n\n<div class=\"wp-block-uagb-icon-list-child uagb-block-40afc628\"><span class=\"uagb-icon-list__source-wrap\"><svg xmlns=\"https:\/\/www.w3.org\/2000\/svg\" viewBox=\"0 0 448 512\"><path d=\"M438.6 105.4C451.1 117.9 451.1 138.1 438.6 150.6L182.6 406.6C170.1 419.1 149.9 419.1 137.4 406.6L9.372 278.6C-3.124 266.1-3.124 245.9 9.372 233.4C21.87 220.9 42.13 220.9 54.63 233.4L159.1 338.7L393.4 105.4C405.9 92.88 426.1 92.88 438.6 105.4H438.6z\"><\/path><\/svg><\/span><span class=\"uagb-icon-list__label\"><strong>Prote\u00e7\u00e3o Patrimonial<\/strong>: A separa\u00e7\u00e3o entre bens pessoais e atividades empresariais protege os ativos familiares contra lit\u00edgios comerciais e poss\u00edveis credores, mantendo o patrim\u00f4nio seguro.<\/span><\/div>\n\n\n\n<div class=\"wp-block-uagb-icon-list-child uagb-block-b3034762\"><span class=\"uagb-icon-list__source-wrap\"><svg xmlns=\"https:\/\/www.w3.org\/2000\/svg\" viewBox=\"0 0 448 512\"><path d=\"M438.6 105.4C451.1 117.9 451.1 138.1 438.6 150.6L182.6 406.6C170.1 419.1 149.9 419.1 137.4 406.6L9.372 278.6C-3.124 266.1-3.124 245.9 9.372 233.4C21.87 220.9 42.13 220.9 54.63 233.4L159.1 338.7L393.4 105.4C405.9 92.88 426.1 92.88 438.6 105.4H438.6z\"><\/path><\/svg><\/span><span class=\"uagb-icon-list__label\"><strong>Redu\u00e7\u00e3o da Carga Tribut\u00e1ria<\/strong>: Com um planejamento tribut\u00e1rio bem estruturado, a holding pode reduzir a carga fiscal sobre os rendimentos como alugu\u00e9is ou outras receitas, promovendo maior efici\u00eancia fiscal.<\/span><\/div>\n\n\n\n<div class=\"wp-block-uagb-icon-list-child uagb-block-b9ca38c1\"><span class=\"uagb-icon-list__source-wrap\"><svg xmlns=\"https:\/\/www.w3.org\/2000\/svg\" viewBox=\"0 0 448 512\"><path d=\"M438.6 105.4C451.1 117.9 451.1 138.1 438.6 150.6L182.6 406.6C170.1 419.1 149.9 419.1 137.4 406.6L9.372 278.6C-3.124 266.1-3.124 245.9 9.372 233.4C21.87 220.9 42.13 220.9 54.63 233.4L159.1 338.7L393.4 105.4C405.9 92.88 426.1 92.88 438.6 105.4H438.6z\"><\/path><\/svg><\/span><span class=\"uagb-icon-list__label\"><strong>Gest\u00e3o Profissionalizada<\/strong>: A cria\u00e7\u00e3o de uma holding permite a profissionaliza\u00e7\u00e3o da gest\u00e3o dos neg\u00f3cios familiares, assegurando uma administra\u00e7\u00e3o eficiente e capacitada para decis\u00f5es estrat\u00e9gicas.<\/span><\/div>\n\n\n\n<div class=\"wp-block-uagb-icon-list-child uagb-block-06d8f858\"><span class=\"uagb-icon-list__source-wrap\"><svg xmlns=\"https:\/\/www.w3.org\/2000\/svg\" viewBox=\"0 0 448 512\"><path d=\"M438.6 105.4C451.1 117.9 451.1 138.1 438.6 150.6L182.6 406.6C170.1 419.1 149.9 419.1 137.4 406.6L9.372 278.6C-3.124 266.1-3.124 245.9 9.372 233.4C21.87 220.9 42.13 220.9 54.63 233.4L159.1 338.7L393.4 105.4C405.9 92.88 426.1 92.88 438.6 105.4H438.6z\"><\/path><\/svg><\/span><span class=\"uagb-icon-list__label\"><strong>Facilita\u00e7\u00e3o de Investimentos e Crescimento<\/strong>: Estruturas de holding favorecem novas oportunidades de expans\u00e3o e diversifica\u00e7\u00e3o de ativos, facilitando o acesso a investimentos estrat\u00e9gicos.<\/span><\/div>\n<\/div><\/div>\n<\/div>\n\n\n\n<div class=\"wp-block-uagb-container uagb-block-5eadc4a6\">\n<div data-aos= \"fade-up\" data-aos-duration=\"400\" data-aos-delay=\"0\" data-aos-easing=\"ease\" data-aos-once=\"true\" class=\"wp-block-uagb-image aligncenter uagb-block-126815f6 wp-block-uagb-image--layout-default wp-block-uagb-image--effect-static wp-block-uagb-image--align-center\"><figure class=\"wp-block-uagb-image__figure\"><img decoding=\"async\" srcset=\"https:\/\/fernandesrinhel.com.br\/site\/wp-content\/uploads\/2024\/10\/DALL\u00b7E-2024-10-28-16.10.19-A-clean-professional-and-elegant-image-representing-a-holding-company-or-patrimonial-structure.-The-image-shows-a-modern-and-minimalist-setup-with-a.webp ,https:\/\/fernandesrinhel.com.br\/site\/wp-content\/uploads\/2024\/10\/DALL\u00b7E-2024-10-28-16.10.19-A-clean-professional-and-elegant-image-representing-a-holding-company-or-patrimonial-structure.-The-image-shows-a-modern-and-minimalist-setup-with-a.webp 780w, https:\/\/fernandesrinhel.com.br\/site\/wp-content\/uploads\/2024\/10\/DALL\u00b7E-2024-10-28-16.10.19-A-clean-professional-and-elegant-image-representing-a-holding-company-or-patrimonial-structure.-The-image-shows-a-modern-and-minimalist-setup-with-a.webp 360w\" sizes=\"(max-width: 480px) 150px\" src=\"https:\/\/fernandesrinhel.com.br\/site\/wp-content\/uploads\/2024\/10\/DALL\u00b7E-2024-10-28-16.10.19-A-clean-professional-and-elegant-image-representing-a-holding-company-or-patrimonial-structure.-The-image-shows-a-modern-and-minimalist-setup-with-a.webp\" alt=\"\" class=\"uag-image-2260\" width=\"600\" height=\"358\" title=\"\" loading=\"lazy\" role=\"presentation\"\/><\/figure><\/div>\n<\/div>\n<\/div><\/div>\n\n\n\n<div class=\"wp-block-uagb-container uagb-layout-grid uagb-block-e5c50d49 alignfull uagb-is-root-container\"><div class=\"uagb-container-inner-blocks-wrap\">\n<div data-aos= \"slide-right\" data-aos-duration=\"400\" data-aos-delay=\"0\" data-aos-easing=\"ease\" data-aos-once=\"true\" class=\"wp-block-uagb-image aligncenter uagb-block-0420b850 wp-block-uagb-image--layout-default wp-block-uagb-image--effect-static wp-block-uagb-image--align-center uag-hide-mob\"><figure class=\"wp-block-uagb-image__figure\"><img decoding=\"async\" srcset=\"https:\/\/fernandesrinhel.com.br\/site\/wp-content\/uploads\/2024\/10\/DSC_2888-1024x683.jpg ,https:\/\/fernandesrinhel.com.br\/site\/wp-content\/uploads\/2024\/10\/DSC_2888-scaled.jpg 780w, https:\/\/fernandesrinhel.com.br\/site\/wp-content\/uploads\/2024\/10\/DSC_2888-scaled.jpg 360w\" sizes=\"(max-width: 480px) 150px\" src=\"https:\/\/fernandesrinhel.com.br\/site\/wp-content\/uploads\/2024\/10\/DSC_2888-1024x683.jpg\" alt=\"\" class=\"uag-image-2158\" width=\"600\" height=\"358\" title=\"DSC_2888\" loading=\"lazy\" role=\"img\"\/><\/figure><\/div>\n\n\n\n<div class=\"wp-block-uagb-container uagb-block-633f4776\">\n<div class=\"wp-block-uagb-container uagb-block-51f4b123\">\n<div data-aos= \"slide-left\" data-aos-duration=\"400\" data-aos-delay=\"0\" data-aos-easing=\"ease\" data-aos-once=\"true\" class=\"wp-block-uagb-advanced-heading uagb-block-175f2774\"><h1 class=\"uagb-heading-text\">Nosso Escopo de trabalho<\/h1><p class=\"uagb-desc-text\">A equipe da Fernandes Rinhel oferece um servi\u00e7o completo e personalizado para a constitui\u00e7\u00e3o de holdings e reestrutura\u00e7\u00f5es societ\u00e1rias. Nosso escopo de atua\u00e7\u00e3o inclui:<br><\/p><\/div>\n\n\n\n<div data-aos= \"slide-left\" data-aos-duration=\"400\" data-aos-delay=\"0\" data-aos-easing=\"ease\" data-aos-once=\"true\" class=\"wp-block-uagb-icon-list uagb-block-d5702c85\"><div class=\"uagb-icon-list__wrap\">\n<div class=\"wp-block-uagb-icon-list-child uagb-block-a1c57954\"><span class=\"uagb-icon-list__source-wrap\"><svg xmlns=\"https:\/\/www.w3.org\/2000\/svg\" viewBox=\"0 0 256 512\"><path d=\"M256 448c0 17.67-14.33 32-32 32H32c-17.67 0-32-14.33-32-32s14.33-32 32-32h64V123.8L49.75 154.6C35.02 164.5 15.19 160.4 5.375 145.8C-4.422 131.1-.4531 111.2 14.25 101.4l96-64c9.828-6.547 22.45-7.187 32.84-1.594C153.5 41.37 160 52.22 160 64.01v352h64C241.7 416 256 430.3 256 448z\"><\/path><\/svg><\/span><span class=\"uagb-icon-list__label\"><strong>Estudo Estrat\u00e9gico do Tipo de Holding<\/strong>: Avaliamos o melhor tipo de holding para atender \u00e0s necessidades espec\u00edficas do cliente.<\/span><\/div>\n\n\n\n<div class=\"wp-block-uagb-icon-list-child uagb-block-16a90715\"><span class=\"uagb-icon-list__source-wrap\"><svg xmlns=\"https:\/\/www.w3.org\/2000\/svg\" viewBox=\"0 0 320 512\"><path d=\"M320 448c0 17.67-14.33 32-32 32H32c-13.08 0-24.83-7.953-29.7-20.09c-4.859-12.12-1.859-26 7.594-35.03l193.6-185.1c31.36-30.17 33.95-80 5.812-113.4c-14.91-17.69-35.86-28.12-58.97-29.38C127.4 95.83 105.3 103.9 88.53 119.9L53.52 151.7c-13.08 11.91-33.33 10.89-45.2-2.172C-3.563 136.5-2.594 116.2 10.48 104.3l34.45-31.3c28.67-27.34 68.39-42.11 108.9-39.88c40.33 2.188 78.39 21.16 104.4 52.03c49.8 59.05 45.2 147.3-10.45 200.8l-136 130H288C305.7 416 320 430.3 320 448z\"><\/path><\/svg><\/span><span class=\"uagb-icon-list__label\"><strong>An\u00e1lise Financeira<\/strong>: Realizamos um estudo detalhado do caso para garantir que a estrutura societ\u00e1ria seja vantajosa e sustent\u00e1vel.<\/span><\/div>\n\n\n\n<div class=\"wp-block-uagb-icon-list-child uagb-block-5a850b30\"><span class=\"uagb-icon-list__source-wrap\"><svg xmlns=\"https:\/\/www.w3.org\/2000\/svg\" viewBox=\"0 0 320 512\"><path d=\"M320 344c0 74.98-61.02 136-136 136H103.6c-46.34 0-87.31-29.53-101.1-73.48c-5.594-16.77 3.484-34.88 20.25-40.47c16.75-5.609 34.89 3.484 40.47 20.25c5.922 17.77 22.48 29.7 41.23 29.7H184c39.7 0 72-32.3 72-72s-32.3-72-72-72H80c-13.2 0-25.05-8.094-29.83-20.41C45.39 239.3 48.66 225.3 58.38 216.4l131.4-120.4H32c-17.67 0-32-14.33-32-32s14.33-32 32-32h240c13.2 0 25.05 8.094 29.83 20.41c4.781 12.3 1.516 26.27-8.203 35.19l-131.4 120.4H184C258.1 208 320 269 320 344z\"><\/path><\/svg><\/span><span class=\"uagb-icon-list__label\"><strong>Elabora\u00e7\u00e3o do Contrato Social e Acordo de S\u00f3cios<\/strong>: Preparamos os documentos necess\u00e1rios para assegurar transpar\u00eancia e governan\u00e7a.<\/span><\/div>\n\n\n\n<div class=\"wp-block-uagb-icon-list-child uagb-block-c318c53d\"><span class=\"uagb-icon-list__source-wrap\"><svg xmlns=\"https:\/\/www.w3.org\/2000\/svg\" viewBox=\"0 0 384 512\"><path d=\"M384 334.2c0 17.67-14.33 32-32 32h-32v81.78c0 17.67-14.33 32-32 32s-32-14.33-32-32v-81.78H32c-10.97 0-21.17-5.625-27.05-14.89c-5.859-9.266-6.562-20.89-1.875-30.81l128-270.2C138.6 34.33 157.8 27.56 173.7 35.09c15.97 7.562 22.78 26.66 15.22 42.63L82.56 302.2H256V160c0-17.67 14.33-32 32-32s32 14.33 32 32v142.2h32C369.7 302.2 384 316.6 384 334.2z\"><\/path><\/svg><\/span><span class=\"uagb-icon-list__label\"><strong>Registro e Regulariza\u00e7\u00e3o<\/strong>: Cuidamos de todo o processo burocr\u00e1tico, incluindo o registro na Junta Comercial e eventuais isen\u00e7\u00f5es de ITBI.<\/span><\/div>\n\n\n\n<div class=\"wp-block-uagb-icon-list-child uagb-block-5b440732\"><span class=\"uagb-icon-list__source-wrap\"><svg xmlns=\"https:\/\/www.w3.org\/2000\/svg\" viewBox=\"0 0 320 512\"><path d=\"M320 344.6c0 74.66-60.73 135.4-135.4 135.4H104.7c-46.81 0-88.22-29.83-103-74.23c-5.594-16.77 3.469-34.89 20.23-40.48c16.83-5.625 34.91 3.469 40.48 20.23c6.078 18.23 23.08 30.48 42.3 30.48h79.95c39.36 0 71.39-32.03 71.39-71.39s-32.03-71.38-71.39-71.38H32c-9.484 0-18.47-4.203-24.56-11.48C1.359 254.5-1.172 244.9 .5156 235.6l32-177.2C35.27 43.09 48.52 32.01 64 32.01l192 .0049c17.67 0 32 14.33 32 32s-14.33 32-32 32H90.73L70.3 209.2h114.3C259.3 209.2 320 269.1 320 344.6z\"><\/path><\/svg><\/span><span class=\"uagb-icon-list__label\"><strong>Transfer\u00eancia de Ativos<\/strong>: Assessoramos na transfer\u00eancia de bens e im\u00f3veis para a pessoa jur\u00eddica, protegendo o patrim\u00f4nio e otimizando o processo.<\/span><\/div>\n<\/div><\/div>\n<\/div>\n<\/div>\n<\/div><\/div>\n\n\n\n<p><\/p>\n","protected":false},"excerpt":{"rendered":"<p>Holding e planejamento patrimonial Oferecemos solu\u00e7\u00f5es completas para a estrutura\u00e7\u00e3o de holdings e estrat\u00e9gias societ\u00e1rias e patrimoniais, ajudando empresas e [&hellip;]<\/p>\n","protected":false},"author":3,"featured_media":0,"parent":0,"menu_order":0,"comment_status":"closed","ping_status":"closed","template":"","meta":{"content-type":"","_uag_custom_page_level_css":"","site-sidebar-layout":"default","site-content-layout":"","ast-site-content-layout":"","site-content-style":"default","site-sidebar-style":"default","ast-global-header-display":"","ast-banner-title-visibility":"disabled","ast-main-header-display":"","ast-hfb-above-header-display":"","ast-hfb-below-header-display":"","ast-hfb-mobile-header-display":"","site-post-title":"","ast-breadcrumbs-content":"","ast-featured-img":"","footer-sml-layout":"","theme-transparent-header-meta":"enabled","adv-header-id-meta":"","stick-header-meta":"","header-above-stick-meta":"","header-main-stick-meta":"","header-below-stick-meta":"","astra-migrate-meta-layouts":"default","ast-page-background-enabled":"default","ast-page-background-meta":{"desktop":{"background-color":"var(--ast-global-color-4)","background-image":"","background-repeat":"repeat","background-position":"center center","background-size":"auto","background-attachment":"scroll","background-type":"","background-media":"","overlay-type":"","overlay-color":"","overlay-opacity":"","overlay-gradient":""},"tablet":{"background-color":"","background-image":"","background-repeat":"repeat","background-position":"center center","background-size":"auto","background-attachment":"scroll","background-type":"","background-media":"","overlay-type":"","overlay-color":"","overlay-opacity":"","overlay-gradient":""},"mobile":{"background-color":"","background-image":"","background-repeat":"repeat","background-position":"center center","background-size":"auto","background-attachment":"scroll","background-type":"","background-media":"","overlay-type":"","overlay-color":"","overlay-opacity":"","overlay-gradient":""}},"ast-content-background-meta":{"desktop":{"background-color":"var(--ast-global-color-5)","background-image":"","background-repeat":"repeat","background-position":"center center","background-size":"auto","background-attachment":"scroll","background-type":"","background-media":"","overlay-type":"","overlay-color":"","overlay-opacity":"","overlay-gradient":""},"tablet":{"background-color":"var(--ast-global-color-5)","background-image":"","background-repeat":"repeat","background-position":"center center","background-size":"auto","background-attachment":"scroll","background-type":"","background-media":"","overlay-type":"","overlay-color":"","overlay-opacity":"","overlay-gradient":""},"mobile":{"background-color":"var(--ast-global-color-5)","background-image":"","background-repeat":"repeat","background-position":"center center","background-size":"auto","background-attachment":"scroll","background-type":"","background-media":"","overlay-type":"","overlay-color":"","overlay-opacity":"","overlay-gradient":""}},"footnotes":""},"class_list":["post-2302","page","type-page","status-publish","hentry"],"uagb_featured_image_src":{"full":false,"thumbnail":false,"medium":false,"medium_large":false,"large":false,"1536x1536":false,"2048x2048":false},"uagb_author_info":{"display_name":"Comercial","author_link":"https:\/\/fernandesrinhel.com.br\/site\/author\/comercial\/"},"uagb_comment_info":0,"uagb_excerpt":"Holding e planejamento patrimonial Oferecemos solu\u00e7\u00f5es completas para a estrutura\u00e7\u00e3o de holdings e estrat\u00e9gias societ\u00e1rias e patrimoniais, ajudando empresas e [&hellip;]","_links":{"self":[{"href":"https:\/\/fernandesrinhel.com.br\/site\/wp-json\/wp\/v2\/pages\/2302"}],"collection":[{"href":"https:\/\/fernandesrinhel.com.br\/site\/wp-json\/wp\/v2\/pages"}],"about":[{"href":"https:\/\/fernandesrinhel.com.br\/site\/wp-json\/wp\/v2\/types\/page"}],"author":[{"embeddable":true,"href":"https:\/\/fernandesrinhel.com.br\/site\/wp-json\/wp\/v2\/users\/3"}],"replies":[{"embeddable":true,"href":"https:\/\/fernandesrinhel.com.br\/site\/wp-json\/wp\/v2\/comments?post=2302"}],"version-history":[{"count":11,"href":"https:\/\/fernandesrinhel.com.br\/site\/wp-json\/wp\/v2\/pages\/2302\/revisions"}],"predecessor-version":[{"id":2412,"href":"https:\/\/fernandesrinhel.com.br\/site\/wp-json\/wp\/v2\/pages\/2302\/revisions\/2412"}],"wp:attachment":[{"href":"https:\/\/fernandesrinhel.com.br\/site\/wp-json\/wp\/v2\/media?parent=2302"}],"curies":[{"name":"wp","href":"https:\/\/api.w.org\/{rel}","templated":true}]}}