{"id":2082,"date":"2024-10-22T16:09:08","date_gmt":"2024-10-22T19:09:08","guid":{"rendered":"https:\/\/fernandesrinhel.com.br\/site\/services\/"},"modified":"2024-10-30T17:13:30","modified_gmt":"2024-10-30T20:13:30","slug":"servicos-2","status":"publish","type":"page","link":"https:\/\/fernandesrinhel.com.br\/site\/servicos-2\/","title":{"rendered":"Servi\u00e7os"},"content":{"rendered":"\n<div data-aos= \"flip-down\" data-aos-duration=\"400\" data-aos-delay=\"0\" data-aos-easing=\"ease\" data-aos-once=\"true\" class=\"wp-block-uagb-container uagb-block-8e900e2a alignfull uagb-is-root-container\"><div class=\"uagb-container-inner-blocks-wrap\">\n<div class=\"wp-block-uagb-advanced-heading uagb-block-eae04d3f\"><div class=\"uagb-separator\"><\/div><h1 class=\"uagb-heading-text\">nossas solu\u00e7\u00f5es<\/h1><p class=\"uagb-desc-text\">A Fernandes Rinhel \u00e9 uma consultoria especializada em solu\u00e7\u00f5es fiscais, patrimoniais e financeiras, oferecendo uma abordagem estrat\u00e9gica e integrada para garantir que nossos clientes tenham seguran\u00e7a e efici\u00eancia em suas opera\u00e7\u00f5es. Conhe\u00e7a nossos principais servi\u00e7os:<\/p><\/div>\n<\/div><\/div>\n\n\n\n<div class=\"wp-block-uagb-container uagb-layout-grid uagb-block-e5c50d49 alignfull uagb-is-root-container\"><div class=\"uagb-container-inner-blocks-wrap\">\n<div data-aos= \"slide-right\" data-aos-duration=\"400\" data-aos-delay=\"0\" data-aos-easing=\"ease\" data-aos-once=\"true\" class=\"wp-block-uagb-image alignright uagb-block-0420b850 wp-block-uagb-image--layout-default wp-block-uagb-image--effect-static wp-block-uagb-image--align-right uag-hide-mob\"><figure class=\"wp-block-uagb-image__figure\"><img decoding=\"async\" srcset=\"https:\/\/fernandesrinhel.com.br\/site\/wp-content\/uploads\/2024\/10\/asian-accountant-working-and-analyzing-financial-r-2023-11-27-05-31-11-utc-1024x562.jpg ,https:\/\/fernandesrinhel.com.br\/site\/wp-content\/uploads\/2024\/10\/asian-accountant-working-and-analyzing-financial-r-2023-11-27-05-31-11-utc-scaled.jpg 780w, https:\/\/fernandesrinhel.com.br\/site\/wp-content\/uploads\/2024\/10\/asian-accountant-working-and-analyzing-financial-r-2023-11-27-05-31-11-utc-scaled.jpg 360w\" sizes=\"(max-width: 480px) 150px\" src=\"https:\/\/fernandesrinhel.com.br\/site\/wp-content\/uploads\/2024\/10\/asian-accountant-working-and-analyzing-financial-r-2023-11-27-05-31-11-utc-1024x562.jpg\" alt=\"\" class=\"uag-image-2391\" width=\"697\" height=\"424\" title=\"Asian accountant working and analyzing financial reports project accounting with chart graph and calculator in modern office, finance and business concept.\" loading=\"lazy\" role=\"img\"\/><\/figure><\/div>\n\n\n\n<div class=\"wp-block-uagb-container uagb-block-633f4776\">\n<div class=\"wp-block-uagb-container uagb-block-51f4b123\">\n<div data-aos= \"slide-left\" data-aos-duration=\"400\" data-aos-delay=\"0\" data-aos-easing=\"ease\" data-aos-once=\"true\" class=\"wp-block-uagb-advanced-heading uagb-block-175f2774\"><h1 class=\"uagb-heading-text\"><strong>Revis\u00e3o Fiscal<\/strong><\/h1><p class=\"uagb-desc-text\">Nossa revis\u00e3o fiscal minuciosa visa identificar oportunidades de economia e garantir que as opera\u00e7\u00f5es estejam totalmente em conformidade com a legisla\u00e7\u00e3o tribut\u00e1ria. Utilizando tecnologia de ponta, revisamos toda a escritura\u00e7\u00e3o fiscal, analisando os tributos e procedimentos para corrigir inconsist\u00eancias e recuperar cr\u00e9ditos fiscais aplic\u00e1veis. Esse servi\u00e7o \u00e9 essencial para empresas que desejam evitar passivos futuros e aproveitar ao m\u00e1ximo os benef\u00edcios fiscais dispon\u00edveis.<\/p><\/div>\n\n\n\n<div class=\"wp-block-group is-nowrap is-layout-flex wp-container-core-group-is-layout-1 wp-block-group-is-layout-flex\">\n<div class=\"wp-block-uagb-buttons uagb-buttons__outer-wrap uagb-btn__default-btn uagb-btn-tablet__default-btn uagb-btn-mobile__default-btn uagb-block-a514d2fc\"><div class=\"uagb-buttons__wrap uagb-buttons-layout-wrap \">\n<div data-aos= \"flip-left\" data-aos-duration=\"400\" data-aos-delay=\"0\" data-aos-easing=\"ease\" data-aos-once=\"true\" class=\"wp-block-uagb-buttons-child uagb-buttons__outer-wrap uagb-block-a4696267 wp-block-button\"><div class=\"uagb-button__wrapper\"><a class=\"uagb-buttons-repeater ast-outline-button\" aria-label=\"\" style=\"border-width:revert-layer\" href=\"\/\/fernandesrinhel.com.br\/site\/tributario\/\" rel=\"follow noopener\" target=\"_blank\" role=\"button\"><div class=\"uagb-button__link\">Saiba MAIS<\/div><\/a><\/div><\/div>\n<\/div><\/div>\n<\/div>\n<\/div>\n<\/div>\n<\/div><\/div>\n\n\n\n<div class=\"wp-block-uagb-container uagb-layout-grid uagb-block-46460dac alignfull uagb-is-root-container\"><div class=\"uagb-container-inner-blocks-wrap\">\n<div class=\"wp-block-uagb-container uagb-block-99dde243\">\n<div class=\"wp-block-uagb-container uagb-block-27dd56ae\">\n<div data-aos= \"slide-right\" data-aos-duration=\"400\" data-aos-delay=\"0\" data-aos-easing=\"ease\" data-aos-once=\"true\" class=\"wp-block-uagb-advanced-heading uagb-block-3c51b346\"><h1 class=\"uagb-heading-text\"><strong>Planejamento Tribut\u00e1rio<\/strong><\/h1><p class=\"uagb-desc-text\">Um planejamento tribut\u00e1rio bem estruturado permite \u00e0 empresa operar de maneira mais competitiva e sustent\u00e1vel, minimizando a carga fiscal e aumentando a efici\u00eancia financeira. Nossa equipe desenvolve planos personalizados para cada cliente, baseados em an\u00e1lises estrat\u00e9gicas das opera\u00e7\u00f5es e na legisla\u00e7\u00e3o vigente, incluindo a identifica\u00e7\u00e3o de incentivos fiscais aplic\u00e1veis. Trabalhamos para que nossos clientes operem com seguran\u00e7a e aproveitem todas as oportunidades de redu\u00e7\u00e3o tribut\u00e1ria.<\/p><\/div>\n\n\n\n<div class=\"wp-block-group is-nowrap is-layout-flex wp-container-core-group-is-layout-2 wp-block-group-is-layout-flex\">\n<div class=\"wp-block-uagb-buttons uagb-buttons__outer-wrap uagb-btn__default-btn uagb-btn-tablet__default-btn uagb-btn-mobile__default-btn uagb-block-748d577f\"><div class=\"uagb-buttons__wrap uagb-buttons-layout-wrap \">\n<div data-aos= \"flip-right\" data-aos-duration=\"400\" data-aos-delay=\"0\" data-aos-easing=\"ease\" data-aos-once=\"true\" class=\"wp-block-uagb-buttons-child uagb-buttons__outer-wrap uagb-block-fc13fe2f wp-block-button\"><div class=\"uagb-button__wrapper\"><a class=\"uagb-buttons-repeater ast-outline-button\" aria-label=\"\" style=\"border-width:revert-layer\" href=\"\/\/fernandesrinhel.com.br\/site\/tributario\/\" rel=\"follow noopener\" target=\"_blank\" role=\"button\"><div class=\"uagb-button__link\">Saiba MAIS<\/div><\/a><\/div><\/div>\n<\/div><\/div>\n<\/div>\n<\/div>\n<\/div>\n\n\n\n<div data-aos= \"slide-left\" data-aos-duration=\"400\" data-aos-delay=\"0\" data-aos-easing=\"ease\" data-aos-once=\"true\" class=\"wp-block-uagb-image alignright uagb-block-231c2226 wp-block-uagb-image--layout-default wp-block-uagb-image--effect-static wp-block-uagb-image--align-right uag-hide-mob\"><figure class=\"wp-block-uagb-image__figure\"><img decoding=\"async\" srcset=\"https:\/\/fernandesrinhel.com.br\/site\/wp-content\/uploads\/2024\/10\/team-of-business-accounting-analyzing-and-calculat-2023-11-27-05-13-16-utc-1024x683.jpg ,https:\/\/fernandesrinhel.com.br\/site\/wp-content\/uploads\/2024\/10\/team-of-business-accounting-analyzing-and-calculat-2023-11-27-05-13-16-utc-scaled.jpg 780w, https:\/\/fernandesrinhel.com.br\/site\/wp-content\/uploads\/2024\/10\/team-of-business-accounting-analyzing-and-calculat-2023-11-27-05-13-16-utc-scaled.jpg 360w\" sizes=\"(max-width: 480px) 150px\" src=\"https:\/\/fernandesrinhel.com.br\/site\/wp-content\/uploads\/2024\/10\/team-of-business-accounting-analyzing-and-calculat-2023-11-27-05-13-16-utc-1024x683.jpg\" alt=\"\" class=\"uag-image-2380\" width=\"697\" height=\"424\" title=\"Wealth Management and financial concept, Team of Business accoun\" loading=\"lazy\" role=\"img\"\/><\/figure><\/div>\n<\/div><\/div>\n\n\n\n<div class=\"wp-block-uagb-container uagb-layout-grid uagb-block-d6073424 alignfull uagb-is-root-container\"><div class=\"uagb-container-inner-blocks-wrap\">\n<div data-aos= \"fade-up\" data-aos-duration=\"400\" data-aos-delay=\"0\" data-aos-easing=\"ease\" data-aos-once=\"true\" class=\"wp-block-uagb-image alignright uagb-block-e6486365 wp-block-uagb-image--layout-default wp-block-uagb-image--effect-static wp-block-uagb-image--align-right uag-hide-mob\"><figure class=\"wp-block-uagb-image__figure\"><img decoding=\"async\" srcset=\"https:\/\/fernandesrinhel.com.br\/site\/wp-content\/uploads\/2024\/10\/real-estate-agent-delivering-sample-homes-to-custo-2023-11-27-05-17-37-utc-1024x683.jpg ,https:\/\/fernandesrinhel.com.br\/site\/wp-content\/uploads\/2024\/10\/real-estate-agent-delivering-sample-homes-to-custo-2023-11-27-05-17-37-utc-scaled.jpg 780w, https:\/\/fernandesrinhel.com.br\/site\/wp-content\/uploads\/2024\/10\/real-estate-agent-delivering-sample-homes-to-custo-2023-11-27-05-17-37-utc-scaled.jpg 360w\" sizes=\"(max-width: 480px) 150px\" src=\"https:\/\/fernandesrinhel.com.br\/site\/wp-content\/uploads\/2024\/10\/real-estate-agent-delivering-sample-homes-to-custo-2023-11-27-05-17-37-utc-1024x683.jpg\" alt=\"\" class=\"uag-image-2382\" width=\"697\" height=\"424\" title=\"real estate agent Delivering sample homes to customers, mortgage\" loading=\"lazy\" role=\"img\"\/><\/figure><\/div>\n\n\n\n<div class=\"wp-block-uagb-container uagb-block-349a9d25\">\n<div class=\"wp-block-uagb-container uagb-block-e3ca6ca0\">\n<div data-aos= \"fade-up\" data-aos-duration=\"400\" data-aos-delay=\"0\" data-aos-easing=\"ease\" data-aos-once=\"true\" class=\"wp-block-uagb-advanced-heading uagb-block-66261d6d\"><h1 class=\"uagb-heading-text\"><strong>Holding Patrimonial<\/strong><\/h1><p class=\"uagb-desc-text\">Criar uma holding patrimonial \u00e9 uma estrat\u00e9gia eficaz para proteger o patrim\u00f4nio familiar e estruturar a sucess\u00e3o de forma organizada e segura. Na Fernandes Rinhel, oferecemos um servi\u00e7o completo de estrutura\u00e7\u00e3o de holdings, que abrange o planejamento sucess\u00f3rio, prote\u00e7\u00e3o patrimonial e gest\u00e3o profissionalizada. Analisamos o perfil do cliente e as metas de longo prazo, oferecendo solu\u00e7\u00f5es personalizadas que otimizam a carga tribut\u00e1ria e asseguram a continuidade e o crescimento do patrim\u00f4nio familiar.<\/p><\/div>\n\n\n\n<div class=\"wp-block-group is-nowrap is-layout-flex wp-container-core-group-is-layout-3 wp-block-group-is-layout-flex\">\n<div class=\"wp-block-uagb-buttons uagb-buttons__outer-wrap uagb-btn__default-btn uagb-btn-tablet__default-btn uagb-btn-mobile__default-btn uagb-block-89f10bc5\"><div class=\"uagb-buttons__wrap uagb-buttons-layout-wrap \">\n<div data-aos= \"flip-left\" data-aos-duration=\"400\" data-aos-delay=\"0\" data-aos-easing=\"ease\" data-aos-once=\"true\" class=\"wp-block-uagb-buttons-child uagb-buttons__outer-wrap uagb-block-77f29428 wp-block-button\"><div class=\"uagb-button__wrapper\"><a class=\"uagb-buttons-repeater ast-outline-button\" aria-label=\"\" style=\"border-width:revert-layer\" href=\"\/\/fernandesrinhel.com.br\/site\/holding-e-planejamento-patrimonial-2\/\" rel=\"follow noopener\" target=\"_blank\" role=\"button\"><div class=\"uagb-button__link\">Saiba MAIS<\/div><\/a><\/div><\/div>\n<\/div><\/div>\n<\/div>\n<\/div>\n<\/div>\n<\/div><\/div>\n\n\n\n<div class=\"wp-block-uagb-container uagb-layout-grid uagb-block-c2ca33e8 alignfull uagb-is-root-container\"><div class=\"uagb-container-inner-blocks-wrap\">\n<div class=\"wp-block-uagb-container uagb-block-1debdb09\">\n<div class=\"wp-block-uagb-container uagb-block-69570039\">\n<div data-aos= \"fade-right\" data-aos-duration=\"400\" data-aos-delay=\"0\" data-aos-easing=\"ease\" data-aos-once=\"true\" class=\"wp-block-uagb-advanced-heading uagb-block-cc2ac789\"><h1 class=\"uagb-heading-text\"><strong>Transa\u00e7\u00e3o Tribut\u00e1ria<\/strong><\/h1><p class=\"uagb-desc-text\">A transa\u00e7\u00e3o tribut\u00e1ria \u00e9 uma solu\u00e7\u00e3o para empresas e pessoas f\u00edsicas que desejam regularizar passivos fiscais com condi\u00e7\u00f5es facilitadas. Nossa equipe multidisciplinar identifica as melhores oportunidades dispon\u00edveis em editais de transa\u00e7\u00e3o tribut\u00e1ria, maximizando os benef\u00edcios para o cliente. Atuamos com planejamento financeiro e an\u00e1lise de capacidade de pagamento, elaborando estrat\u00e9gias para descontos, parcelamentos e garantias, sempre com o foco em preservar a sa\u00fade financeira da empresa e assegurar conformidade tribut\u00e1ria.<\/p><\/div>\n\n\n\n<div class=\"wp-block-group is-nowrap is-layout-flex wp-container-core-group-is-layout-4 wp-block-group-is-layout-flex\">\n<div class=\"wp-block-uagb-buttons uagb-buttons__outer-wrap uagb-btn__default-btn uagb-btn-tablet__default-btn uagb-btn-mobile__default-btn uagb-block-f9ac480e\"><div class=\"uagb-buttons__wrap uagb-buttons-layout-wrap \">\n<div data-aos= \"flip-right\" data-aos-duration=\"400\" data-aos-delay=\"0\" data-aos-easing=\"ease\" data-aos-once=\"true\" class=\"wp-block-uagb-buttons-child uagb-buttons__outer-wrap uagb-block-33395755 wp-block-button\"><div class=\"uagb-button__wrapper\"><a class=\"uagb-buttons-repeater ast-outline-button\" aria-label=\"\" style=\"border-width:revert-layer\" href=\"\/\/fernandesrinhel.com.br\/site\/transacao-tributaria\/\" rel=\"follow noopener\" target=\"_blank\" role=\"button\"><div class=\"uagb-button__link\">Saiba MAIS<\/div><\/a><\/div><\/div>\n<\/div><\/div>\n<\/div>\n<\/div>\n<\/div>\n\n\n\n<div data-aos= \"fade-left\" data-aos-duration=\"400\" data-aos-delay=\"0\" data-aos-easing=\"ease\" data-aos-once=\"true\" class=\"wp-block-uagb-image alignright uagb-block-467df010 wp-block-uagb-image--layout-default wp-block-uagb-image--effect-static wp-block-uagb-image--align-right uag-hide-mob\"><figure class=\"wp-block-uagb-image__figure\"><img decoding=\"async\" srcset=\"https:\/\/fernandesrinhel.com.br\/site\/wp-content\/uploads\/2024\/10\/PGFN-2.jpg ,https:\/\/fernandesrinhel.com.br\/site\/wp-content\/uploads\/2024\/10\/PGFN-2.jpg 780w, https:\/\/fernandesrinhel.com.br\/site\/wp-content\/uploads\/2024\/10\/PGFN-2.jpg 360w\" sizes=\"(max-width: 480px) 150px\" src=\"https:\/\/fernandesrinhel.com.br\/site\/wp-content\/uploads\/2024\/10\/PGFN-2.jpg\" alt=\"\" class=\"uag-image-2389\" width=\"697\" height=\"424\" title=\"PGFN-2\" loading=\"lazy\" role=\"img\"\/><\/figure><\/div>\n<\/div><\/div>\n\n\n\n<div class=\"wp-block-uagb-container uagb-layout-grid uagb-block-4913aa76 alignfull uagb-is-root-container\"><div class=\"uagb-container-inner-blocks-wrap\">\n<div data-aos= \"fade-up\" data-aos-duration=\"400\" data-aos-delay=\"0\" data-aos-easing=\"ease\" data-aos-once=\"true\" class=\"wp-block-uagb-image alignright uagb-block-152d111d wp-block-uagb-image--layout-default wp-block-uagb-image--effect-static wp-block-uagb-image--align-right uag-hide-mob\"><figure class=\"wp-block-uagb-image__figure\"><img decoding=\"async\" srcset=\"https:\/\/fernandesrinhel.com.br\/site\/wp-content\/uploads\/2024\/10\/bndes-nomeia-quatro-novos-membros-1674228309975_v2_900x506.jpg.webp ,https:\/\/fernandesrinhel.com.br\/site\/wp-content\/uploads\/2024\/10\/bndes-nomeia-quatro-novos-membros-1674228309975_v2_900x506.jpg.webp 780w, https:\/\/fernandesrinhel.com.br\/site\/wp-content\/uploads\/2024\/10\/bndes-nomeia-quatro-novos-membros-1674228309975_v2_900x506.jpg.webp 360w\" sizes=\"(max-width: 480px) 150px\" src=\"https:\/\/fernandesrinhel.com.br\/site\/wp-content\/uploads\/2024\/10\/bndes-nomeia-quatro-novos-membros-1674228309975_v2_900x506.jpg.webp\" alt=\"\" class=\"uag-image-2390\" width=\"697\" height=\"424\" title=\"bndes-nomeia-quatro-novos-membros-1674228309975_v2_900x506.jpg\" loading=\"lazy\" role=\"img\"\/><\/figure><\/div>\n\n\n\n<div class=\"wp-block-uagb-container uagb-block-b5d23d14\">\n<div class=\"wp-block-uagb-container uagb-block-cafb675b\">\n<div data-aos= \"fade-up\" data-aos-duration=\"400\" data-aos-delay=\"0\" data-aos-easing=\"ease\" data-aos-once=\"true\" class=\"wp-block-uagb-advanced-heading uagb-block-6865702f\"><h1 class=\"uagb-heading-text\"><strong>Capta\u00e7\u00e3o de Recursos<\/strong><\/h1><p class=\"uagb-desc-text\">A capta\u00e7\u00e3o de recursos \u00e9 fundamental para empresas que desejam expandir suas opera\u00e7\u00f5es ou financiar projetos espec\u00edficos. Com uma equipe experiente e t\u00e9cnica, oferecemos assessoria completa na capta\u00e7\u00e3o de recursos junto a ag\u00eancias de fomento, como BNDES e BRDE. Desenvolvemos projetos de viabilidade econ\u00f4mico-financeira e cuidamos de cada etapa do processo para aumentar as chances de aprova\u00e7\u00e3o, assegurando que os recursos captados estejam alinhados com os objetivos de crescimento do cliente.<\/p><\/div>\n\n\n\n<div class=\"wp-block-group is-nowrap is-layout-flex wp-container-core-group-is-layout-5 wp-block-group-is-layout-flex\">\n<div class=\"wp-block-uagb-buttons uagb-buttons__outer-wrap uagb-btn__default-btn uagb-btn-tablet__default-btn uagb-btn-mobile__default-btn uagb-block-2fd772df\"><div class=\"uagb-buttons__wrap uagb-buttons-layout-wrap \">\n<div data-aos= \"flip-right\" data-aos-duration=\"400\" data-aos-delay=\"0\" data-aos-easing=\"ease\" data-aos-once=\"true\" class=\"wp-block-uagb-buttons-child uagb-buttons__outer-wrap uagb-block-cd4289da wp-block-button\"><div class=\"uagb-button__wrapper\"><a class=\"uagb-buttons-repeater ast-outline-button\" aria-label=\"\" style=\"border-width:revert-layer\" href=\"\/\/fernandesrinhel.com.br\/site\/finance\/\" rel=\"follow noopener\" target=\"_blank\" role=\"button\"><div class=\"uagb-button__link\">Saiba MAIS<\/div><\/a><\/div><\/div>\n<\/div><\/div>\n<\/div>\n<\/div>\n<\/div>\n<\/div><\/div>\n\n\n\n<div class=\"wp-block-uagb-container uagb-layout-grid uagb-block-7a6fb8fe alignfull uagb-is-root-container\"><div class=\"uagb-container-inner-blocks-wrap\">\n<div class=\"wp-block-uagb-container uagb-block-b1cf59ce\">\n<div class=\"wp-block-uagb-container uagb-block-ecb82874\">\n<div data-aos= \"fade-up\" data-aos-duration=\"400\" data-aos-delay=\"0\" data-aos-easing=\"ease\" data-aos-once=\"true\" class=\"wp-block-uagb-advanced-heading uagb-block-cfdc63f0\"><h1 class=\"uagb-heading-text\"><strong>Valuations<\/strong><\/h1><p class=\"uagb-desc-text\">Para empresas em busca de investimentos, fus\u00f5es, aquisi\u00e7\u00f5es ou simplesmente uma vis\u00e3o precisa de seu valor de mercado, oferecemos um servi\u00e7o de valuation detalhado e confi\u00e1vel. Nossos consultores financeiros utilizam metodologias avan\u00e7adas para calcular o valor real da empresa, considerando aspectos como ativos, passivos, desempenho financeiro e proje\u00e7\u00f5es de crescimento. Com nossa an\u00e1lise, oferecemos uma base s\u00f3lida para decis\u00f5es estrat\u00e9gicas e negocia\u00e7\u00f5es que maximizam o valor do neg\u00f3cio.<\/p><\/div>\n\n\n\n<div class=\"wp-block-group is-nowrap is-layout-flex wp-container-core-group-is-layout-6 wp-block-group-is-layout-flex\">\n<div class=\"wp-block-uagb-buttons uagb-buttons__outer-wrap uagb-btn__default-btn uagb-btn-tablet__default-btn uagb-btn-mobile__default-btn uagb-block-6b4793a6\"><div class=\"uagb-buttons__wrap uagb-buttons-layout-wrap \">\n<div data-aos= \"fade-up\" data-aos-duration=\"400\" data-aos-delay=\"0\" data-aos-easing=\"ease\" data-aos-once=\"true\" class=\"wp-block-uagb-buttons-child uagb-buttons__outer-wrap uagb-block-26d62a6b wp-block-button\"><div class=\"uagb-button__wrapper\"><a class=\"uagb-buttons-repeater ast-outline-button\" aria-label=\"\" style=\"border-width:revert-layer\" href=\"\/\/fernandesrinhel.com.br\/site\/finance\/\" rel=\"follow noopener\" target=\"_blank\" role=\"button\"><div class=\"uagb-button__link\">Saiba MAIS<\/div><\/a><\/div><\/div>\n<\/div><\/div>\n<\/div>\n<\/div>\n<\/div>\n\n\n\n<div data-aos= \"fade-up\" data-aos-duration=\"400\" data-aos-delay=\"0\" data-aos-easing=\"ease\" data-aos-once=\"true\" class=\"wp-block-uagb-image alignright uagb-block-d2551fda wp-block-uagb-image--layout-default wp-block-uagb-image--effect-static wp-block-uagb-image--align-right uag-hide-mob\"><figure class=\"wp-block-uagb-image__figure\"><img decoding=\"async\" srcset=\"https:\/\/fernandesrinhel.com.br\/site\/wp-content\/uploads\/2024\/10\/manager-is-explaining-about-the-company-s-cost-gra-2023-11-27-05-25-44-utc-1024x683.jpg ,https:\/\/fernandesrinhel.com.br\/site\/wp-content\/uploads\/2024\/10\/manager-is-explaining-about-the-company-s-cost-gra-2023-11-27-05-25-44-utc-scaled.jpg 780w, https:\/\/fernandesrinhel.com.br\/site\/wp-content\/uploads\/2024\/10\/manager-is-explaining-about-the-company-s-cost-gra-2023-11-27-05-25-44-utc-scaled.jpg 360w\" sizes=\"(max-width: 480px) 150px\" src=\"https:\/\/fernandesrinhel.com.br\/site\/wp-content\/uploads\/2024\/10\/manager-is-explaining-about-the-company-s-cost-gra-2023-11-27-05-25-44-utc-1024x683.jpg\" alt=\"\" class=\"uag-image-2392\" width=\"697\" height=\"424\" title=\"Male manager is explaining about the company's cost graph on the\" loading=\"lazy\" role=\"img\"\/><\/figure><\/div>\n<\/div><\/div>\n\n\n\n<p><\/p>\n","protected":false},"excerpt":{"rendered":"<p>nossas solu\u00e7\u00f5es A Fernandes Rinhel \u00e9 uma consultoria especializada em solu\u00e7\u00f5es fiscais, patrimoniais e financeiras, oferecendo uma abordagem estrat\u00e9gica e [&hellip;]<\/p>\n","protected":false},"author":3,"featured_media":0,"parent":0,"menu_order":0,"comment_status":"closed","ping_status":"closed","template":"","meta":{"content-type":"","_uag_custom_page_level_css":"","site-sidebar-layout":"default","site-content-layout":"","ast-site-content-layout":"","site-content-style":"default","site-sidebar-style":"default","ast-global-header-display":"","ast-banner-title-visibility":"disabled","ast-main-header-display":"","ast-hfb-above-header-display":"","ast-hfb-below-header-display":"","ast-hfb-mobile-header-display":"","site-post-title":"","ast-breadcrumbs-content":"","ast-featured-img":"","footer-sml-layout":"","theme-transparent-header-meta":"enabled","adv-header-id-meta":"","stick-header-meta":"","header-above-stick-meta":"","header-main-stick-meta":"","header-below-stick-meta":"","astra-migrate-meta-layouts":"default","ast-page-background-enabled":"default","ast-page-background-meta":{"desktop":{"background-color":"var(--ast-global-color-4)","background-image":"","background-repeat":"repeat","background-position":"center center","background-size":"auto","background-attachment":"scroll","background-type":"","background-media":"","overlay-type":"","overlay-color":"","overlay-opacity":"","overlay-gradient":""},"tablet":{"background-color":"","background-image":"","background-repeat":"repeat","background-position":"center center","background-size":"auto","background-attachment":"scroll","background-type":"","background-media":"","overlay-type":"","overlay-color":"","overlay-opacity":"","overlay-gradient":""},"mobile":{"background-color":"","background-image":"","background-repeat":"repeat","background-position":"center center","background-size":"auto","background-attachment":"scroll","background-type":"","background-media":"","overlay-type":"","overlay-color":"","overlay-opacity":"","overlay-gradient":""}},"ast-content-background-meta":{"desktop":{"background-color":"var(--ast-global-color-5)","background-image":"","background-repeat":"repeat","background-position":"center center","background-size":"auto","background-attachment":"scroll","background-type":"","background-media":"","overlay-type":"","overlay-color":"","overlay-opacity":"","overlay-gradient":""},"tablet":{"background-color":"var(--ast-global-color-5)","background-image":"","background-repeat":"repeat","background-position":"center center","background-size":"auto","background-attachment":"scroll","background-type":"","background-media":"","overlay-type":"","overlay-color":"","overlay-opacity":"","overlay-gradient":""},"mobile":{"background-color":"var(--ast-global-color-5)","background-image":"","background-repeat":"repeat","background-position":"center center","background-size":"auto","background-attachment":"scroll","background-type":"","background-media":"","overlay-type":"","overlay-color":"","overlay-opacity":"","overlay-gradient":""}},"footnotes":""},"class_list":["post-2082","page","type-page","status-publish","hentry"],"uagb_featured_image_src":{"full":false,"thumbnail":false,"medium":false,"medium_large":false,"large":false,"1536x1536":false,"2048x2048":false},"uagb_author_info":{"display_name":"Comercial","author_link":"https:\/\/fernandesrinhel.com.br\/site\/author\/comercial\/"},"uagb_comment_info":0,"uagb_excerpt":"nossas solu\u00e7\u00f5es A Fernandes Rinhel \u00e9 uma consultoria especializada em solu\u00e7\u00f5es fiscais, patrimoniais e financeiras, oferecendo uma abordagem estrat\u00e9gica e [&hellip;]","_links":{"self":[{"href":"https:\/\/fernandesrinhel.com.br\/site\/wp-json\/wp\/v2\/pages\/2082"}],"collection":[{"href":"https:\/\/fernandesrinhel.com.br\/site\/wp-json\/wp\/v2\/pages"}],"about":[{"href":"https:\/\/fernandesrinhel.com.br\/site\/wp-json\/wp\/v2\/types\/page"}],"author":[{"embeddable":true,"href":"https:\/\/fernandesrinhel.com.br\/site\/wp-json\/wp\/v2\/users\/3"}],"replies":[{"embeddable":true,"href":"https:\/\/fernandesrinhel.com.br\/site\/wp-json\/wp\/v2\/comments?post=2082"}],"version-history":[{"count":8,"href":"https:\/\/fernandesrinhel.com.br\/site\/wp-json\/wp\/v2\/pages\/2082\/revisions"}],"predecessor-version":[{"id":2406,"href":"https:\/\/fernandesrinhel.com.br\/site\/wp-json\/wp\/v2\/pages\/2082\/revisions\/2406"}],"wp:attachment":[{"href":"https:\/\/fernandesrinhel.com.br\/site\/wp-json\/wp\/v2\/media?parent=2082"}],"curies":[{"name":"wp","href":"https:\/\/api.w.org\/{rel}","templated":true}]}}