{"id":20,"date":"2024-10-22T16:09:08","date_gmt":"2024-10-22T19:09:08","guid":{"rendered":"https:\/\/fernandesrinhel.com.br\/site\/about\/"},"modified":"2024-10-30T17:09:24","modified_gmt":"2024-10-30T20:09:24","slug":"about","status":"publish","type":"page","link":"https:\/\/fernandesrinhel.com.br\/site\/about\/","title":{"rendered":"About"},"content":{"rendered":"\n<div data-aos= \"flip-down\" data-aos-duration=\"400\" data-aos-delay=\"0\" data-aos-easing=\"ease\" data-aos-once=\"true\" class=\"wp-block-uagb-container uagb-block-8e900e2a alignfull uagb-is-root-container\"><div class=\"uagb-container-inner-blocks-wrap\">\n<div class=\"wp-block-uagb-advanced-heading uagb-block-eae04d3f\"><div class=\"uagb-separator\"><\/div><h1 class=\"uagb-heading-text\">Sobre N\u00f3s<\/h1><\/div>\n<\/div><\/div>\n\n\n\n<div class=\"wp-block-uagb-container uagb-layout-grid uagb-block-17a5449b alignfull uagb-is-root-container\"><div class=\"uagb-container-inner-blocks-wrap\">\n<div data-aos= \"slide-right\" data-aos-duration=\"400\" data-aos-delay=\"0\" data-aos-easing=\"ease\" data-aos-once=\"true\" class=\"wp-block-uagb-info-box uagb-block-24a46e07 uagb-infobox__content-wrap  uagb-infobox-icon-above-title uagb-infobox-image-valign-top wp-block-uagb-info-box--has-margin\"><div class=\"uagb-infobox-margin-wrapper\"><div class=\"uagb-ifb-content\"><div class=\"uagb-ifb-title-wrap\"><h2 class=\"uagb-ifb-title-prefix\">A Hist\u00f3ria da fernandes rinhel consultores associados<\/h2><p class=\"uagb-ifb-title\">A Fernandes Rinhel Consultores Associados \u00e9 uma refer\u00eancia em consultoria tribut\u00e1ria, financeira e compliance. Com uma equipe altamente qualificada, oferecemos solu\u00e7\u00f5es personalizadas, focando na revis\u00e3o, recupera\u00e7\u00e3o e planejamento tribut\u00e1rio, constitui\u00e7\u00e3o de Holdings Patrimoniais, e reestrutura\u00e7\u00f5es operacionais, sempre agindo com transpar\u00eancia e \u00e9tica.<\/p><\/div><p class=\"uagb-ifb-desc\">Nascemos para oferecer uma abordagem diferenciada e altamente qualificada em <strong>consultoria tribut\u00e1ria<\/strong>, com o objetivo de transformar a complexidade fiscal enfrentada pelas empresas brasileiras em uma oportunidade de crescimento sustent\u00e1vel. Fundada por <strong>Jailson<\/strong> e <strong>Fabr\u00edcio<\/strong>, dois profissionais com ampla experi\u00eancia em grandes consultorias \u2013 Jailson como diretor da IAB em Santa Catarina e Fabr\u00edcio como coordenador de PIS\/Cofins na Martinelli Advogados \u2013, a Fernandes Rinhel sempre buscou combinar conhecimentos jur\u00eddicos e cont\u00e1beis para oferecer solu\u00e7\u00f5es completas e personalizadas. Desde o in\u00edcio, nossa miss\u00e3o \u00e9 ser uma consultoria boutique que atua de forma \u00e9tica, transparente e t\u00e9cnica, garantindo uma experi\u00eancia de atendimento exclusiva e dedicada.<\/p><\/div><\/div><\/div>\n\n\n\n<div data-aos= \"slide-left\" data-aos-duration=\"400\" data-aos-delay=\"0\" data-aos-easing=\"ease\" data-aos-once=\"true\" class=\"wp-block-uagb-image alignright uagb-block-ad8c1a64 wp-block-uagb-image--layout-default wp-block-uagb-image--effect-static wp-block-uagb-image--align-right\"><figure class=\"wp-block-uagb-image__figure\"><img decoding=\"async\" srcset=\"https:\/\/fernandesrinhel.com.br\/site\/wp-content\/uploads\/2022\/09\/1.jpg ,https:\/\/fernandesrinhel.com.br\/site\/wp-content\/uploads\/2022\/09\/1.jpg 780w, https:\/\/fernandesrinhel.com.br\/site\/wp-content\/uploads\/2022\/09\/1.jpg 360w\" sizes=\"(max-width: 480px) 150px\" src=\"https:\/\/fernandesrinhel.com.br\/site\/wp-content\/uploads\/2022\/09\/1.jpg\" alt=\"\" class=\"uag-image-750\" width=\"420\" height=\"450\" title=\"about-us\" loading=\"lazy\" role=\"img\"\/><\/figure><\/div>\n<\/div><\/div>\n\n\n\n<div data-aos= \"fade-up\" data-aos-duration=\"400\" data-aos-delay=\"0\" data-aos-easing=\"ease\" data-aos-once=\"true\" class=\"wp-block-uagb-container uagb-block-81394082 alignfull uagb-is-root-container\"><div class=\"uagb-container-inner-blocks-wrap\">\n<div class=\"wp-block-uagb-advanced-heading uagb-block-3e2a336d\"><h2 class=\"uagb-heading-text\"><strong>Nosso In\u00edcio: Consultoria Tribut\u00e1ria<\/strong><\/h2><\/div>\n\n\n\n<div class=\"wp-block-group is-nowrap is-layout-flex wp-container-core-group-is-layout-1 wp-block-group-is-layout-flex\">\n<div class=\"wp-block-uagb-info-box uagb-block-30d4d17a uagb-infobox__content-wrap  uagb-infobox-icon-above-title uagb-infobox-image-valign-top wp-block-uagb-info-box--has-margin\"><div class=\"uagb-infobox-margin-wrapper\"><div class=\"uagb-ifb-content\"><div class=\"uagb-ifb-title-wrap\"><\/div><p class=\"uagb-ifb-desc\">Nossa trajet\u00f3ria come\u00e7ou com foco em <strong>consultoria e assessoria tribut\u00e1ria<\/strong>, atendendo uma dor crucial do mercado brasileiro: a necessidade de conformidade em meio a uma legisla\u00e7\u00e3o fiscal complexa e burocr\u00e1tica. Atuamos para garantir que decis\u00f5es judiciais favor\u00e1veis se traduzam em benef\u00edcios reais para as contas dos nossos clientes, por meio da <strong>escritura\u00e7\u00e3o correta e eficaz dos tributos<\/strong>. Identificamos desde cedo que o mercado necessitava de uma consultoria que integrasse as \u00e1reas jur\u00eddica e cont\u00e1bil, abordando de forma estrat\u00e9gica e completa as quest\u00f5es fiscais.<\/p><\/div><\/div><\/div>\n<\/div>\n<\/div><\/div>\n\n\n\n<div data-aos= \"fade-up\" data-aos-duration=\"400\" data-aos-delay=\"0\" data-aos-easing=\"ease\" data-aos-once=\"true\" class=\"wp-block-uagb-container uagb-block-2049a507 alignfull uagb-is-root-container\"><div class=\"uagb-container-inner-blocks-wrap\">\n<div class=\"wp-block-uagb-advanced-heading uagb-block-46ba2779\"><h2 class=\"uagb-heading-text\"><strong>Expans\u00e3o dos Servi\u00e7os: Estrutura\u00e7\u00e3o Patrimonial e Holding<\/strong><\/h2><\/div>\n\n\n\n<div class=\"wp-block-group is-nowrap is-layout-flex wp-container-core-group-is-layout-2 wp-block-group-is-layout-flex\">\n<div class=\"wp-block-uagb-info-box uagb-block-9e604b2f uagb-infobox__content-wrap  uagb-infobox-icon-above-title uagb-infobox-image-valign-top wp-block-uagb-info-box--has-margin\"><div class=\"uagb-infobox-margin-wrapper\"><div class=\"uagb-ifb-content\"><div class=\"uagb-ifb-title-wrap\"><\/div><p class=\"uagb-ifb-desc\">Com o crescimento e fortalecimento da Fernandes Rinhel no mercado, passamos a identificar novas necessidades entre nossos clientes, especialmente no que tange \u00e0 <strong>prote\u00e7\u00e3o patrimonial e \u00e0 organiza\u00e7\u00e3o societ\u00e1ria<\/strong>. Assim, expandimos nossa atua\u00e7\u00e3o para a <strong>estrutura\u00e7\u00e3o de holdings<\/strong> e <strong>planejamento patrimonial<\/strong>, com o intuito de proteger o patrim\u00f4nio pessoal dos empres\u00e1rios e organizar a sucess\u00e3o familiar de forma segura e eficiente. A complexidade do sistema tribut\u00e1rio brasileiro e a exposi\u00e7\u00e3o frequente do CPF dos s\u00f3cios a riscos que deveriam ser suportados pelo CNPJ refor\u00e7aram a import\u00e2ncia deste servi\u00e7o, que se tornou uma das nossas principais solu\u00e7\u00f5es para empresas e fam\u00edlias.<\/p><\/div><\/div><\/div>\n<\/div>\n<\/div><\/div>\n\n\n\n<div data-aos= \"fade-up\" data-aos-duration=\"400\" data-aos-delay=\"0\" data-aos-easing=\"ease\" data-aos-once=\"true\" class=\"wp-block-uagb-container uagb-block-44924287 alignfull uagb-is-root-container\"><div class=\"uagb-container-inner-blocks-wrap\">\n<div class=\"wp-block-uagb-advanced-heading uagb-block-d904e074\"><h2 class=\"uagb-heading-text\"><strong>N\u00facleo Finance: Capta\u00e7\u00e3o de Recursos<\/strong> e valuations<\/h2><\/div>\n\n\n\n<div class=\"wp-block-group is-nowrap is-layout-flex wp-container-core-group-is-layout-3 wp-block-group-is-layout-flex\">\n<div class=\"wp-block-uagb-info-box uagb-block-689350fa uagb-infobox__content-wrap  uagb-infobox-icon-above-title uagb-infobox-image-valign-top wp-block-uagb-info-box--has-margin\"><div class=\"uagb-infobox-margin-wrapper\"><div class=\"uagb-ifb-content\"><div class=\"uagb-ifb-title-wrap\"><\/div><p class=\"uagb-ifb-desc\">\u00c0 medida que nossos clientes continuavam a crescer, surgia a demanda por <strong>capta\u00e7\u00e3o de recursos e financiamentos<\/strong>. Com isso, criamos o <strong>N\u00facleo Financeiro<\/strong>, um bra\u00e7o especializado em auxiliar empresas a acessar linhas de cr\u00e9dito estrat\u00e9gicas junto a ag\u00eancias de fomento, como Badesc, BRDE e BNDES. Esse servi\u00e7o permite que nossos clientes invistam em ativos essenciais sem comprometer o caixa da empresa, garantindo uma gest\u00e3o financeira saud\u00e1vel e sustent\u00e1vel. Al\u00e9m disso, oferecemos <strong>avalia\u00e7\u00e3o de empresas (valuation)<\/strong>, apoiando os empres\u00e1rios na tomada de decis\u00f5es estrat\u00e9gicas de investimento e crescimento.<\/p><\/div><\/div><\/div>\n<\/div>\n<\/div><\/div>\n\n\n\n<div data-aos= \"fade-up\" data-aos-duration=\"400\" data-aos-delay=\"0\" data-aos-easing=\"ease\" data-aos-once=\"true\" class=\"wp-block-uagb-container uagb-block-80b14a6f alignfull uagb-is-root-container\"><div class=\"uagb-container-inner-blocks-wrap\">\n<div class=\"wp-block-uagb-advanced-heading uagb-block-4108e0a3\"><h2 class=\"uagb-heading-text\">Gest\u00e3o de Passivos Fiscais e transa\u00e7\u00e3o tribut\u00e1ria<\/h2><\/div>\n\n\n\n<div class=\"wp-block-group is-nowrap is-layout-flex wp-container-core-group-is-layout-4 wp-block-group-is-layout-flex\">\n<div class=\"wp-block-uagb-info-box uagb-block-f8f9997d uagb-infobox__content-wrap  uagb-infobox-icon-above-title uagb-infobox-image-valign-top wp-block-uagb-info-box--has-margin\"><div class=\"uagb-infobox-margin-wrapper\"><div class=\"uagb-ifb-content\"><div class=\"uagb-ifb-title-wrap\"><\/div><p class=\"uagb-ifb-desc\">Com o tempo, identificamos outra necessidade cr\u00edtica no mercado: a <strong>gest\u00e3o de passivos fiscais<\/strong>. Muitos empres\u00e1rios enfrentam dificuldades para honrar suas obriga\u00e7\u00f5es fiscais devido a problemas de fluxo de caixa, o que \u00e9 comum no Brasil. A Fernandes Rinhel desenvolveu, ent\u00e3o, um servi\u00e7o dedicado \u00e0 <strong>renegocia\u00e7\u00e3o de d\u00edvidas fiscais<\/strong> e <strong>parcelamentos incentivados<\/strong>, possibilitando que empresas regularizem sua situa\u00e7\u00e3o com o fisco de forma planejada e sustent\u00e1vel. Atuamos com uma abordagem de cobran\u00e7a baseada em performance, ou seja, nossos honor\u00e1rios s\u00e3o calculados com base na economia gerada para o cliente, o que refor\u00e7a nosso compromisso com resultados concretos e tang\u00edveis.<\/p><\/div><\/div><\/div>\n<\/div>\n<\/div><\/div>\n\n\n\n<div data-aos= \"fade-up\" data-aos-duration=\"400\" data-aos-delay=\"0\" data-aos-easing=\"ease\" data-aos-once=\"true\" class=\"wp-block-uagb-container uagb-block-ceeb96a1 alignfull uagb-is-root-container\"><div class=\"uagb-container-inner-blocks-wrap\">\n<div class=\"wp-block-uagb-advanced-heading uagb-block-d88811a8\"><h2 class=\"uagb-heading-text\"><strong>Hoje: Uma Consultoria Completa e Multidisciplinar<\/strong><\/h2><\/div>\n\n\n\n<div class=\"wp-block-group is-nowrap is-layout-flex wp-container-core-group-is-layout-5 wp-block-group-is-layout-flex\">\n<div class=\"wp-block-uagb-info-box uagb-block-ab38c649 uagb-infobox__content-wrap  uagb-infobox-icon-above-title uagb-infobox-image-valign-top wp-block-uagb-info-box--has-margin\"><div class=\"uagb-infobox-margin-wrapper\"><div class=\"uagb-ifb-content\"><div class=\"uagb-ifb-title-wrap\"><\/div><p class=\"uagb-ifb-desc\">Atualmente, a Fernandes Rinhel \u00e9 uma consultoria completa e multidisciplinar, que vai al\u00e9m da tributa\u00e7\u00e3o para atender \u00e0s necessidades financeiras, patrimoniais e operacionais das empresas. Nossa equipe de advogados, contadores e economistas trabalha de forma integrada para garantir <strong>efici\u00eancia fiscal<\/strong>, <strong>otimiza\u00e7\u00e3o de caixa<\/strong> e <strong>prote\u00e7\u00e3o patrimonial<\/strong>, sempre com o suporte de <strong>tecnologia de ponta<\/strong>. Com mais de <strong>1000 clientes recorrentes<\/strong> e o reconhecimento do selo <strong>Great Place to Work (GPTW)<\/strong>, somos refer\u00eancia em credibilidade, inova\u00e7\u00e3o e atendimento personalizado.<br><br>Nosso compromisso permanece o mesmo desde a funda\u00e7\u00e3o: transformar desafios fiscais e financeiros em oportunidades de crescimento sustent\u00e1vel, oferecendo aos nossos clientes a tranquilidade para focar no que realmente importa \u2013 o sucesso de seus neg\u00f3cios.<\/p><\/div><\/div><\/div>\n<\/div>\n<\/div><\/div>\n\n\n\n<p><\/p>\n","protected":false},"excerpt":{"rendered":"<p>Sobre N\u00f3s Nosso In\u00edcio: Consultoria Tribut\u00e1ria Expans\u00e3o dos Servi\u00e7os: Estrutura\u00e7\u00e3o Patrimonial e Holding N\u00facleo Finance: Capta\u00e7\u00e3o de Recursos e valuations [&hellip;]<\/p>\n","protected":false},"author":3,"featured_media":0,"parent":0,"menu_order":0,"comment_status":"closed","ping_status":"closed","template":"","meta":{"content-type":"","_uag_custom_page_level_css":"","site-sidebar-layout":"default","site-content-layout":"","ast-site-content-layout":"","site-content-style":"default","site-sidebar-style":"default","ast-global-header-display":"","ast-banner-title-visibility":"disabled","ast-main-header-display":"","ast-hfb-above-header-display":"","ast-hfb-below-header-display":"","ast-hfb-mobile-header-display":"","site-post-title":"","ast-breadcrumbs-content":"","ast-featured-img":"","footer-sml-layout":"","theme-transparent-header-meta":"enabled","adv-header-id-meta":"","stick-header-meta":"","header-above-stick-meta":"","header-main-stick-meta":"","header-below-stick-meta":"","astra-migrate-meta-layouts":"default","ast-page-background-enabled":"default","ast-page-background-meta":{"desktop":{"background-color":"var(--ast-global-color-4)","background-image":"","background-repeat":"repeat","background-position":"center center","background-size":"auto","background-attachment":"scroll","background-type":"","background-media":"","overlay-type":"","overlay-color":"","overlay-opacity":"","overlay-gradient":""},"tablet":{"background-color":"","background-image":"","background-repeat":"repeat","background-position":"center center","background-size":"auto","background-attachment":"scroll","background-type":"","background-media":"","overlay-type":"","overlay-color":"","overlay-opacity":"","overlay-gradient":""},"mobile":{"background-color":"","background-image":"","background-repeat":"repeat","background-position":"center center","background-size":"auto","background-attachment":"scroll","background-type":"","background-media":"","overlay-type":"","overlay-color":"","overlay-opacity":"","overlay-gradient":""}},"ast-content-background-meta":{"desktop":{"background-color":"var(--ast-global-color-5)","background-image":"","background-repeat":"repeat","background-position":"center center","background-size":"auto","background-attachment":"scroll","background-type":"","background-media":"","overlay-type":"","overlay-color":"","overlay-opacity":"","overlay-gradient":""},"tablet":{"background-color":"var(--ast-global-color-5)","background-image":"","background-repeat":"repeat","background-position":"center center","background-size":"auto","background-attachment":"scroll","background-type":"","background-media":"","overlay-type":"","overlay-color":"","overlay-opacity":"","overlay-gradient":""},"mobile":{"background-color":"var(--ast-global-color-5)","background-image":"","background-repeat":"repeat","background-position":"center center","background-size":"auto","background-attachment":"scroll","background-type":"","background-media":"","overlay-type":"","overlay-color":"","overlay-opacity":"","overlay-gradient":""}},"footnotes":""},"class_list":["post-20","page","type-page","status-publish","hentry"],"uagb_featured_image_src":{"full":false,"thumbnail":false,"medium":false,"medium_large":false,"large":false,"1536x1536":false,"2048x2048":false},"uagb_author_info":{"display_name":"Comercial","author_link":"https:\/\/fernandesrinhel.com.br\/site\/author\/comercial\/"},"uagb_comment_info":0,"uagb_excerpt":"Sobre N\u00f3s Nosso In\u00edcio: Consultoria Tribut\u00e1ria Expans\u00e3o dos Servi\u00e7os: Estrutura\u00e7\u00e3o Patrimonial e Holding N\u00facleo Finance: Capta\u00e7\u00e3o de Recursos e valuations [&hellip;]","_links":{"self":[{"href":"https:\/\/fernandesrinhel.com.br\/site\/wp-json\/wp\/v2\/pages\/20"}],"collection":[{"href":"https:\/\/fernandesrinhel.com.br\/site\/wp-json\/wp\/v2\/pages"}],"about":[{"href":"https:\/\/fernandesrinhel.com.br\/site\/wp-json\/wp\/v2\/types\/page"}],"author":[{"embeddable":true,"href":"https:\/\/fernandesrinhel.com.br\/site\/wp-json\/wp\/v2\/users\/3"}],"replies":[{"embeddable":true,"href":"https:\/\/fernandesrinhel.com.br\/site\/wp-json\/wp\/v2\/comments?post=20"}],"version-history":[{"count":16,"href":"https:\/\/fernandesrinhel.com.br\/site\/wp-json\/wp\/v2\/pages\/20\/revisions"}],"predecessor-version":[{"id":2403,"href":"https:\/\/fernandesrinhel.com.br\/site\/wp-json\/wp\/v2\/pages\/20\/revisions\/2403"}],"wp:attachment":[{"href":"https:\/\/fernandesrinhel.com.br\/site\/wp-json\/wp\/v2\/media?parent=20"}],"curies":[{"name":"wp","href":"https:\/\/api.w.org\/{rel}","templated":true}]}}