{"id":1330,"date":"2024-03-19T22:51:43","date_gmt":"2024-03-20T01:51:43","guid":{"rendered":"https:\/\/fernandesrinhel.com.br\/site\/?page_id=1330"},"modified":"2024-07-11T11:03:40","modified_gmt":"2024-07-11T14:03:40","slug":"consultoria-tributaria","status":"publish","type":"page","link":"https:\/\/fernandesrinhel.com.br\/site\/consultoria-tributaria\/","title":{"rendered":"Consultoria Tribut\u00e1ria"},"content":{"rendered":"<div class=\"wpb-content-wrapper\"><p>[vc_row css_animation=&#8221;&#8221; row_type=&#8221;row&#8221; use_row_as_full_screen_section=&#8221;no&#8221; type=&#8221;full_width&#8221; angled_section=&#8221;no&#8221; text_align=&#8221;left&#8221; background_image_as_pattern=&#8221;without_pattern&#8221; css=&#8221;.vc_custom_1710938950831{padding-top: 100px !important;background-image: url(https:\/\/fernandesrinhel.com.br\/site\/wp-content\/uploads\/2024\/03\/fundo-tributario.jpg?id=1352) !important;}&#8221; z_index=&#8221;&#8221;][vc_column][vc_row_inner row_type=&#8221;row&#8221; type=&#8221;full_width&#8221; text_align=&#8221;left&#8221; css_animation=&#8221;&#8221;][vc_column_inner offset=&#8221;vc_hidden-xs&#8221;][vc_empty_space height=&#8221;90px&#8221;][\/vc_column_inner][\/vc_row_inner][vc_row_inner row_type=&#8221;row&#8221; type=&#8221;grid&#8221; anchor=&#8221;simular&#8221; text_align=&#8221;left&#8221; css_animation=&#8221;&#8221;][vc_column_inner width=&#8221;1\/2&#8243;][vc_column_text]<a href=\"https:\/\/www.fernandesrinhel.com.br\/site\" target=\"_blank\" rel=\"noopener\"><img loading=\"lazy\" decoding=\"async\" class=\"alignnone wp-image-373\" src=\"https:\/\/fernandesrinhel.com.br\/site\/wp-content\/uploads\/2019\/11\/logo500-fernandes-rinhel-pb-300x81.png\" alt=\"\" width=\"330\" height=\"89\" srcset=\"https:\/\/fernandesrinhel.com.br\/site\/wp-content\/uploads\/2019\/11\/logo500-fernandes-rinhel-pb-300x81.png 300w, https:\/\/fernandesrinhel.com.br\/site\/wp-content\/uploads\/2019\/11\/logo500-fernandes-rinhel-pb.png 500w\" sizes=\"(max-width: 330px) 100vw, 330px\" \/><\/a>[\/vc_column_text][vc_empty_space height=&#8221;50px&#8221;][vc_column_text css=&#8221;.vc_custom_1718656889721{padding-right: 30px !important;padding-left: 30px !important;}&#8221;]<\/p>\n<h1 style=\"text-align: left;\"><strong><span style=\"color: #ffffff;\">Otimiza\u00e7\u00e3o Tribut\u00e1ria que Transforma seu Neg\u00f3cio<\/span><\/strong><\/h1>\n<p>[\/vc_column_text][vc_empty_space height=&#8221;30px&#8221;][vc_column_text css=&#8221;.vc_custom_1718656793000{padding-right: 30px !important;padding-left: 30px !important;}&#8221;]<\/p>\n<h2><span style=\"color: #ffffff;\">Reduza Impostos, Recupere Cr\u00e9ditos e Garanta Conformidade com Nossa Experi\u00eancia e Tecnologia Avan\u00e7ada<\/span><\/h2>\n<p>[\/vc_column_text][vc_empty_space height=&#8221;30px&#8221;][\/vc_column_inner][vc_column_inner width=&#8221;1\/2&#8243; css=&#8221;.vc_custom_1690849750767{padding-top: 30px !important;padding-right: 30px !important;padding-bottom: 30px !important;padding-left: 30px !important;background-color: #ffffff !important;}&#8221;][vc_column_text]<\/p>\n<h1 style=\"text-align: center;\"><span style=\"color: #223f6c;\"><strong>SOLICITE UMA AN\u00c1LISE<\/strong><\/span><\/h1>\n<p>[\/vc_column_text][vc_column_text]<\/p>\n<h3 class=\"elementor-heading-title elementor-size-default\" style=\"text-align: center;\"><span style=\"color: #223f6c;\">Preencha as informa\u00e7\u00f5es abaixo e <strong>receba o contato de nosso consultor<\/strong><\/span><\/h3>\n<p>[\/vc_column_text][vc_raw_html]JTVCaHVic3BvdCUyMHR5cGUlM0QlMjJmb3JtJTIyJTIwcG9ydGFsJTNEJTIyMjM1ODUzMzUlMjIlMjBpZCUzRCUyMmM2MDBkOWVhLWJjODYtNDQ1NS04MmUwLWQyMzk1ZThiZTViNSUyMiU1RA==[\/vc_raw_html][vc_empty_space][\/vc_column_inner][\/vc_row_inner][\/vc_column][\/vc_row][vc_row css_animation=&#8221;&#8221; row_type=&#8221;row&#8221; use_row_as_full_screen_section=&#8221;no&#8221; type=&#8221;full_width&#8221; angled_section=&#8221;no&#8221; text_align=&#8221;left&#8221; background_image_as_pattern=&#8221;without_pattern&#8221; z_index=&#8221;&#8221;][vc_column][action full_width=&#8221;yes&#8221; content_in_grid=&#8221;yes&#8221; type=&#8221;simple&#8221; text_font_weight=&#8221;400&#8243; show_button=&#8221;yes&#8221; button_target=&#8221;_blank&#8221; button_text=&#8221;SOLICITAR AN\u00c1LISE&#8221; button_hover_text_color=&#8221;#ffffff&#8221; background_color=&#8221;#174070&#8243; button_hover_background_color=&#8221;#2f9931&#8243; button_link=&#8221;https:\/\/api.whatsapp.com\/send\/?phone=5548991252316&amp;text&amp;type=phone_number&amp;app_absent=0&#8243; button_background_color=&#8221;#61c93e&#8221; button_border_color=&#8221;#61c93e&#8221; button_hover_border_color=&#8221;#2f9931&#8243;]<\/p>\n<h2 class=\"elementor-heading-title elementor-size-default\"><span style=\"color: #ffffff;\">Solicite uma An\u00e1lise Tribut\u00e1ria Gratuita e Descubra Quanto Voc\u00ea Pode Economizar!<\/span><\/h2>\n<p>[\/action][\/vc_column][\/vc_row][vc_row css_animation=&#8221;&#8221; row_type=&#8221;row&#8221; use_row_as_full_screen_section=&#8221;no&#8221; type=&#8221;grid&#8221; angled_section=&#8221;no&#8221; text_align=&#8221;left&#8221; background_image_as_pattern=&#8221;without_pattern&#8221; css=&#8221;.vc_custom_1710947622642{background-image: url(https:\/\/fernandesrinhel.com.br\/site\/wp-content\/uploads\/2024\/03\/tributario.jpg?id=1358) !important;}&#8221; z_index=&#8221;&#8221;][vc_column width=&#8221;1\/2&#8243; css=&#8221;.vc_custom_1710944746978{padding-right: 30px !important;padding-left: 30px !important;}&#8221;][vc_empty_space][vc_row_inner row_type=&#8221;row&#8221; type=&#8221;full_width&#8221; text_align=&#8221;left&#8221; css_animation=&#8221;&#8221;][vc_column_inner offset=&#8221;vc_hidden-xs&#8221;][vc_empty_space height=&#8221;72px&#8221;][\/vc_column_inner][\/vc_row_inner][vc_column_text]<\/p>\n<p style=\"text-align: center;\"><img loading=\"lazy\" decoding=\"async\" class=\"alignnone wp-image-1627\" src=\"https:\/\/fernandesrinhel.com.br\/site\/wp-content\/uploads\/2024\/06\/finance-300x300.png\" alt=\"\" width=\"369\" height=\"369\" srcset=\"https:\/\/fernandesrinhel.com.br\/site\/wp-content\/uploads\/2024\/06\/finance-300x300.png 300w, https:\/\/fernandesrinhel.com.br\/site\/wp-content\/uploads\/2024\/06\/finance-150x150.png 150w, https:\/\/fernandesrinhel.com.br\/site\/wp-content\/uploads\/2024\/06\/finance.png 450w\" sizes=\"(max-width: 369px) 100vw, 369px\" \/><\/p>\n<p>[\/vc_column_text][vc_empty_space height=&#8221;42px&#8221;][\/vc_column][vc_column width=&#8221;1\/2&#8243;][vc_row_inner row_type=&#8221;row&#8221; type=&#8221;full_width&#8221; text_align=&#8221;left&#8221; css_animation=&#8221;&#8221;][vc_column_inner offset=&#8221;vc_hidden-xs&#8221;][vc_empty_space height=&#8221;90px&#8221;][\/vc_column_inner][\/vc_row_inner][vc_empty_space][vc_column_text]<\/p>\n<h1><span style=\"color: #113a62;\">Voc\u00ea est\u00e1 passando por algum desses <strong>problemas<\/strong>?<\/span><\/h1>\n<p>[\/vc_column_text][vc_separator type=&#8221;small&#8221; position=&#8221;left&#8221; color=&#8221;#ffffff&#8221;][vc_column_text]<\/p>\n<h3><span style=\"color: #000000;\">\u25cf\u00a0 Carga Tribut\u00e1ria Elevada<\/span><\/h3>\n<h3><span style=\"color: #000000;\">\u25cf\u00a0 Complexidade na Legisla\u00e7\u00e3o Tribut\u00e1ria<\/span><\/h3>\n<h3><span style=\"color: #000000;\">\u25cf\u00a0 Riscos de Auditorias Fiscais<\/span><\/h3>\n<h3><span style=\"color: #000000;\">\u25cf\u00a0 Perda de Cr\u00e9ditos Fiscais<\/span><\/h3>\n<h3><span style=\"color: #000000;\">\u25cf\u00a0 Falta de Planejamento Tribut\u00e1rio<\/span><\/h3>\n<p>[\/vc_column_text][vc_empty_space][vc_empty_space height=&#8221;42px&#8221;][\/vc_column][\/vc_row][vc_row css_animation=&#8221;&#8221; row_type=&#8221;row&#8221; use_row_as_full_screen_section=&#8221;no&#8221; type=&#8221;grid&#8221; angled_section=&#8221;no&#8221; text_align=&#8221;left&#8221; background_image_as_pattern=&#8221;without_pattern&#8221; css=&#8221;.vc_custom_1710899726443{padding-top: 80px !important;padding-bottom: 60px !important;background-image: url(https:\/\/fernandesrinhel.com.br\/site\/wp-content\/uploads\/2022\/11\/afundo-1.jpg?id=910) !important;}&#8221; z_index=&#8221;&#8221;][vc_column][vc_row_inner row_type=&#8221;row&#8221; type=&#8221;full_width&#8221; text_align=&#8221;left&#8221; css_animation=&#8221;&#8221;][vc_column_inner][vc_empty_space height=&#8221;22px&#8221;][vc_column_text]<\/p>\n<h1 style=\"text-align: center;\"><span style=\"color: #ffffff;\">Solu\u00e7\u00f5es<\/span><\/h1>\n<p>[\/vc_column_text][vc_empty_space][\/vc_column_inner][\/vc_row_inner][vc_row_inner row_type=&#8221;row&#8221; type=&#8221;full_width&#8221; text_align=&#8221;left&#8221; css_animation=&#8221;&#8221;][vc_column_inner width=&#8221;1\/4&#8243;][vc_column_text]<\/p>\n<p style=\"text-align: center;\"><img loading=\"lazy\" decoding=\"async\" class=\"alignnone wp-image-902\" src=\"https:\/\/fernandesrinhel.com.br\/site\/wp-content\/uploads\/2022\/11\/laudo-300x300.png\" alt=\"\" width=\"180\" height=\"180\" srcset=\"https:\/\/fernandesrinhel.com.br\/site\/wp-content\/uploads\/2022\/11\/laudo-300x300.png 300w, https:\/\/fernandesrinhel.com.br\/site\/wp-content\/uploads\/2022\/11\/laudo-150x150.png 150w, https:\/\/fernandesrinhel.com.br\/site\/wp-content\/uploads\/2022\/11\/laudo.png 350w\" sizes=\"(max-width: 180px) 100vw, 180px\" \/><\/p>\n<p>[\/vc_column_text][vc_column_text]<\/p>\n<h2 class=\"elementor-image-box-title\" style=\"text-align: center;\"><span style=\"color: #ffffff;\">Otimiza\u00e7\u00e3o Tribut\u00e1ria<\/span><\/h2>\n<p>[\/vc_column_text][vc_empty_space][\/vc_column_inner][vc_column_inner width=&#8221;1\/4&#8243;][vc_column_text]<\/p>\n<p style=\"text-align: center;\"><img loading=\"lazy\" decoding=\"async\" class=\"alignnone wp-image-895\" src=\"https:\/\/fernandesrinhel.com.br\/site\/wp-content\/uploads\/2022\/11\/avalia-ativos-fusao-300x300.png\" alt=\"\" width=\"180\" height=\"180\" srcset=\"https:\/\/fernandesrinhel.com.br\/site\/wp-content\/uploads\/2022\/11\/avalia-ativos-fusao-300x300.png 300w, https:\/\/fernandesrinhel.com.br\/site\/wp-content\/uploads\/2022\/11\/avalia-ativos-fusao-150x150.png 150w, https:\/\/fernandesrinhel.com.br\/site\/wp-content\/uploads\/2022\/11\/avalia-ativos-fusao.png 350w\" sizes=\"(max-width: 180px) 100vw, 180px\" \/><\/p>\n<p>[\/vc_column_text][vc_column_text]<\/p>\n<h2 class=\"elementor-image-box-title\" style=\"text-align: center;\"><span style=\"color: #ffffff;\">Seguran\u00e7a Jur\u00eddica<\/span><\/h2>\n<p>[\/vc_column_text][vc_empty_space][\/vc_column_inner][vc_column_inner width=&#8221;1\/4&#8243;][vc_column_text]<\/p>\n<p style=\"text-align: center;\"><img loading=\"lazy\" decoding=\"async\" class=\"alignnone wp-image-1303\" src=\"https:\/\/fernandesrinhel.com.br\/site\/wp-content\/uploads\/2023\/08\/icon-mea-300x300-1.png\" alt=\"\" width=\"180\" height=\"180\" srcset=\"https:\/\/fernandesrinhel.com.br\/site\/wp-content\/uploads\/2023\/08\/icon-mea-300x300-1.png 300w, https:\/\/fernandesrinhel.com.br\/site\/wp-content\/uploads\/2023\/08\/icon-mea-300x300-1-150x150.png 150w\" sizes=\"(max-width: 180px) 100vw, 180px\" \/><\/p>\n<p>[\/vc_column_text][vc_column_text]<\/p>\n<h2 class=\"elementor-image-box-title\" style=\"text-align: center;\"><span style=\"color: #ffffff;\">Recupera\u00e7\u00e3o de Cr\u00e9ditos<\/span><\/h2>\n<p>[\/vc_column_text][vc_empty_space][\/vc_column_inner][vc_column_inner width=&#8221;1\/4&#8243;][vc_column_text]<\/p>\n<p style=\"text-align: center;\"><img loading=\"lazy\" decoding=\"async\" class=\"alignnone wp-image-899\" src=\"https:\/\/fernandesrinhel.com.br\/site\/wp-content\/uploads\/2022\/11\/avalia-marca-300x300.png\" alt=\"\" width=\"180\" height=\"180\" srcset=\"https:\/\/fernandesrinhel.com.br\/site\/wp-content\/uploads\/2022\/11\/avalia-marca-300x300.png 300w, https:\/\/fernandesrinhel.com.br\/site\/wp-content\/uploads\/2022\/11\/avalia-marca-150x150.png 150w, https:\/\/fernandesrinhel.com.br\/site\/wp-content\/uploads\/2022\/11\/avalia-marca.png 350w\" sizes=\"(max-width: 180px) 100vw, 180px\" \/><\/p>\n<p>[\/vc_column_text][vc_column_text]<\/p>\n<h2 class=\"elementor-image-box-title\" style=\"text-align: center;\"><span style=\"color: #ffffff;\">Planejamento Tribut\u00e1rio<\/span><\/h2>\n<p>[\/vc_column_text][vc_empty_space][\/vc_column_inner][\/vc_row_inner][\/vc_column][\/vc_row][vc_row css_animation=&#8221;&#8221; row_type=&#8221;row&#8221; use_row_as_full_screen_section=&#8221;no&#8221; type=&#8221;grid&#8221; angled_section=&#8221;no&#8221; text_align=&#8221;left&#8221; background_image_as_pattern=&#8221;without_pattern&#8221; css=&#8221;.vc_custom_1718717789506{background-image: url(https:\/\/fernandesrinhel.com.br\/site\/wp-content\/uploads\/2023\/01\/1.jpg?id=997) !important;}&#8221; z_index=&#8221;&#8221;][vc_column width=&#8221;1\/2&#8243;][vc_row_inner row_type=&#8221;row&#8221; type=&#8221;full_width&#8221; text_align=&#8221;left&#8221; css_animation=&#8221;&#8221;][vc_column_inner offset=&#8221;vc_hidden-xs&#8221;][vc_empty_space height=&#8221;50px&#8221;][\/vc_column_inner][\/vc_row_inner][vc_empty_space height=&#8221;52px&#8221;][vc_column_text]<\/p>\n<h1 class=\"elementor-heading-title elementor-size-default\"><span style=\"color: #113a5e;\"><strong>Diferenciais<\/strong><\/span><\/h1>\n<p>[\/vc_column_text][vc_separator type=&#8221;small&#8221; position=&#8221;left&#8221; color=&#8221;#ffffff&#8221;][vc_column_text]<\/p>\n<h3><span style=\"color: #000000;\">\u25cf\u00a0 <\/span><strong><span style=\"color: #000000;\">30+ Anos de Experi\u00eancia <\/span><\/strong><\/h3>\n<h3><span style=\"color: #000000;\">\u25cf\u00a0 <\/span><span style=\"color: #000000;\">Equipe de Contadores e Advogados de Alto N\u00edvel <\/span><\/h3>\n<h3><span style=\"color: #000000;\">\u25cf\u00a0 <\/span><span style=\"color: #000000;\">Tecnologia Avan\u00e7ada: Softwares de \u00daltima Gera\u00e7\u00e3o <\/span><\/h3>\n<h3><span style=\"color: #000000;\">\u25cf\u00a0 <\/span><span style=\"color: #000000;\">Parceria com Escrit\u00f3rio de Advocacia Duarte Fernandes<\/span><\/h3>\n<p>[\/vc_column_text][vc_empty_space][vc_empty_space][button target=&#8221;_self&#8221; hover_type=&#8221;default&#8221; text=&#8221;SOLICITAR AN\u00c1LISE&#8221; link=&#8221;https:\/\/api.whatsapp.com\/send\/?phone=5548991252316&amp;text&amp;type=phone_number&amp;app_absent=0&#8243; background_color=&#8221;#61c93e&#8221; hover_background_color=&#8221;#2c8e4b&#8221; border_color=&#8221;#61c93e&#8221; hover_border_color=&#8221;#2c8e4b&#8221;][vc_row_inner row_type=&#8221;row&#8221; type=&#8221;full_width&#8221; text_align=&#8221;left&#8221; css_animation=&#8221;&#8221;][vc_column_inner offset=&#8221;vc_hidden-xs&#8221;][vc_empty_space height=&#8221;120px&#8221;][\/vc_column_inner][\/vc_row_inner][\/vc_column][vc_column width=&#8221;1\/2&#8243;][vc_empty_space height=&#8221;35px&#8221;][vc_empty_space height=&#8221;35px&#8221;][\/vc_column][\/vc_row][vc_row css_animation=&#8221;&#8221; row_type=&#8221;row&#8221; use_row_as_full_screen_section=&#8221;no&#8221; type=&#8221;grid&#8221; angled_section=&#8221;no&#8221; text_align=&#8221;left&#8221; background_image_as_pattern=&#8221;without_pattern&#8221; z_index=&#8221;&#8221; css=&#8221;.vc_custom_1718717860964{background-image: url(https:\/\/fernandesrinhel.com.br\/site\/wp-content\/uploads\/2024\/06\/fundo1.jpg?id=1557) !important;}&#8221;][vc_column][vc_empty_space height=&#8221;62px&#8221;][vc_row_inner row_type=&#8221;row&#8221; type=&#8221;full_width&#8221; text_align=&#8221;left&#8221; css_animation=&#8221;&#8221;][vc_column_inner][vc_empty_space height=&#8221;52px&#8221;][vc_column_text]<\/p>\n<h1 style=\"text-align: center;\"><span style=\"color: #ffffff;\"><strong>Benef\u00edcios<\/strong> ao Trabalhar Conosco<\/span><\/h1>\n<p>[\/vc_column_text][vc_empty_space][\/vc_column_inner][\/vc_row_inner][vc_row_inner row_type=&#8221;row&#8221; type=&#8221;full_width&#8221; text_align=&#8221;left&#8221; css_animation=&#8221;&#8221;][vc_column_inner width=&#8221;1\/2&#8243;][vc_column_text]<\/p>\n<h3><span style=\"color: #ffffff;\"><strong>\u25c9 Economia Financeira:<\/strong> Redu\u00e7\u00e3o significativa dos custos tribut\u00e1rios<\/span><\/h3>\n<h3><span style=\"color: #ffffff;\"><strong>\u25c9 Tranquilidade:<\/strong> Conformidade completa com a legisla\u00e7\u00e3o.<\/span><\/h3>\n<p>[\/vc_column_text][vc_empty_space][\/vc_column_inner][vc_column_inner width=&#8221;1\/2&#8243;][vc_column_text]<\/p>\n<h3><span style=\"color: #ffffff;\"><strong>\u25c9\u00a0 Efici\u00eancia:<\/strong> Processos otimizados e menos carga tribut\u00e1ria.<\/span><\/h3>\n<h3><span style=\"color: #ffffff;\"><strong>\u25c9\u00a0 Seguran\u00e7a:<\/strong> Prote\u00e7\u00e3o dos dados e opera\u00e7\u00f5es seguras.<\/span><\/h3>\n<h3><\/h3>\n<p>[\/vc_column_text][vc_empty_space][\/vc_column_inner][\/vc_row_inner][vc_empty_space height=&#8221;52px&#8221;][\/vc_column][\/vc_row][vc_row css_animation=&#8221;&#8221; row_type=&#8221;row&#8221; use_row_as_full_screen_section=&#8221;no&#8221; type=&#8221;grid&#8221; angled_section=&#8221;no&#8221; text_align=&#8221;left&#8221; background_image_as_pattern=&#8221;without_pattern&#8221; css=&#8221;.vc_custom_1710947622642{background-image: url(https:\/\/fernandesrinhel.com.br\/site\/wp-content\/uploads\/2024\/03\/tributario.jpg?id=1358) !important;}&#8221; z_index=&#8221;&#8221;][vc_column width=&#8221;1\/2&#8243; css=&#8221;.vc_custom_1710944746978{padding-right: 30px !important;padding-left: 30px !important;}&#8221;][vc_empty_space][vc_row_inner row_type=&#8221;row&#8221; type=&#8221;full_width&#8221; text_align=&#8221;left&#8221; css_animation=&#8221;&#8221;][vc_column_inner offset=&#8221;vc_hidden-xs&#8221;][vc_empty_space height=&#8221;72px&#8221;][\/vc_column_inner][\/vc_row_inner][vc_empty_space height=&#8221;42px&#8221;][vc_column_text]<\/p>\n<p style=\"text-align: center;\"><img loading=\"lazy\" decoding=\"async\" class=\"alignnone wp-image-1629\" src=\"https:\/\/fernandesrinhel.com.br\/site\/wp-content\/uploads\/2024\/06\/processo-300x300.png\" alt=\"\" width=\"332\" height=\"332\" srcset=\"https:\/\/fernandesrinhel.com.br\/site\/wp-content\/uploads\/2024\/06\/processo-300x300.png 300w, https:\/\/fernandesrinhel.com.br\/site\/wp-content\/uploads\/2024\/06\/processo-150x150.png 150w, https:\/\/fernandesrinhel.com.br\/site\/wp-content\/uploads\/2024\/06\/processo.png 450w\" sizes=\"(max-width: 332px) 100vw, 332px\" \/><\/p>\n<p>[\/vc_column_text][\/vc_column][vc_column width=&#8221;1\/2&#8243;][vc_row_inner row_type=&#8221;row&#8221; type=&#8221;full_width&#8221; text_align=&#8221;left&#8221; css_animation=&#8221;&#8221;][vc_column_inner offset=&#8221;vc_hidden-xs&#8221;][vc_empty_space height=&#8221;90px&#8221;][\/vc_column_inner][\/vc_row_inner][vc_empty_space][vc_column_text]<\/p>\n<h1><span style=\"color: #113a5e;\">Processo em <strong>4 Etapas<\/strong><\/span><\/h1>\n<p>[\/vc_column_text][vc_separator type=&#8221;small&#8221; position=&#8221;left&#8221; color=&#8221;#ffffff&#8221;][vc_column_text]<\/p>\n<h3><span style=\"color: #000000;\"><strong>An\u00e1lise Detalhada:<\/strong> Fazemos uma an\u00e1lise minuciosa para identificar todas e quaisquer oportunidades.<\/span><\/h3>\n<h3><span style=\"color: #000000;\"><strong>Planejamento Jur\u00eddico:<\/strong> Desenvolvemos estrat\u00e9gias conforme a legisla\u00e7\u00e3o vigente.<\/span><\/h3>\n<h3><span style=\"color: #000000;\"><strong>Integra\u00e7\u00e3o Cont\u00e1bil:<\/strong> Alinhamento com a contabilidade da sua empresa.<\/span><\/h3>\n<h3><span style=\"color: #000000;\"><strong>Implementa\u00e7\u00e3o e Monitoramento:<\/strong> Acompanhamento cont\u00ednuo e ajustes necess\u00e1rios.<\/span><\/h3>\n<p>[\/vc_column_text][vc_empty_space][vc_empty_space height=&#8221;42px&#8221;][\/vc_column][\/vc_row][vc_row css_animation=&#8221;&#8221; row_type=&#8221;row&#8221; use_row_as_full_screen_section=&#8221;no&#8221; type=&#8221;full_width&#8221; angled_section=&#8221;no&#8221; text_align=&#8221;left&#8221; background_image_as_pattern=&#8221;without_pattern&#8221; css=&#8221;.vc_custom_1710941629057{background-color: #ffffff !important;}&#8221; z_index=&#8221;&#8221;][vc_column][vc_empty_space][\/vc_column][\/vc_row][vc_row css_animation=&#8221;&#8221; row_type=&#8221;row&#8221; use_row_as_full_screen_section=&#8221;no&#8221; type=&#8221;full_width&#8221; angled_section=&#8221;no&#8221; text_align=&#8221;left&#8221; background_image_as_pattern=&#8221;without_pattern&#8221; css=&#8221;.vc_custom_1669731207730{background-color: #173763 !important;}&#8221; z_index=&#8221;&#8221;][vc_column][vc_empty_space][\/vc_column][\/vc_row]<\/p>\n<\/div>","protected":false},"excerpt":{"rendered":"<p>[vc_row css_animation=&#8221;&#8221; row_type=&#8221;row&#8221; use_row_as_full_screen_section=&#8221;no&#8221; type=&#8221;full_width&#8221; angled_section=&#8221;no&#8221; text_align=&#8221;left&#8221; background_image_as_pattern=&#8221;without_pattern&#8221; css=&#8221;.vc_custom_1710938950831{padding-top: 100px !important;background-image: url(https:\/\/fernandesrinhel.com.br\/site\/wp-content\/uploads\/2024\/03\/fundo-tributario.jpg?id=1352) !important;}&#8221; z_index=&#8221;&#8221;][vc_column][vc_row_inner row_type=&#8221;row&#8221; type=&#8221;full_width&#8221; text_align=&#8221;left&#8221; css_animation=&#8221;&#8221;][vc_column_inner offset=&#8221;vc_hidden-xs&#8221;][vc_empty_space height=&#8221;90px&#8221;][\/vc_column_inner][\/vc_row_inner][vc_row_inner [&hellip;]<\/p>\n","protected":false},"author":1,"featured_media":0,"parent":0,"menu_order":0,"comment_status":"closed","ping_status":"closed","template":"landing_page.php","meta":{"content-type":"","_uag_custom_page_level_css":"","site-sidebar-layout":"no-sidebar","site-content-layout":"plain-container","ast-site-content-layout":"","site-content-style":"default","site-sidebar-style":"default","ast-global-header-display":"","ast-banner-title-visibility":"","ast-main-header-display":"","ast-hfb-above-header-display":"","ast-hfb-below-header-display":"","ast-hfb-mobile-header-display":"","site-post-title":"disabled","ast-breadcrumbs-content":"","ast-featured-img":"disabled","footer-sml-layout":"","theme-transparent-header-meta":"","adv-header-id-meta":"","stick-header-meta":"","header-above-stick-meta":"","header-main-stick-meta":"","header-below-stick-meta":"","astra-migrate-meta-layouts":"default","ast-page-background-enabled":"default","ast-page-background-meta":{"desktop":{"background-color":"var(--ast-global-color-4)","background-image":"","background-repeat":"repeat","background-position":"center center","background-size":"auto","background-attachment":"scroll","background-type":"","background-media":"","overlay-type":"","overlay-color":"","overlay-opacity":"","overlay-gradient":""},"tablet":{"background-color":"","background-image":"","background-repeat":"repeat","background-position":"center center","background-size":"auto","background-attachment":"scroll","background-type":"","background-media":"","overlay-type":"","overlay-color":"","overlay-opacity":"","overlay-gradient":""},"mobile":{"background-color":"","background-image":"","background-repeat":"repeat","background-position":"center center","background-size":"auto","background-attachment":"scroll","background-type":"","background-media":"","overlay-type":"","overlay-color":"","overlay-opacity":"","overlay-gradient":""}},"ast-content-background-meta":{"desktop":{"background-color":"var(--ast-global-color-5)","background-image":"","background-repeat":"repeat","background-position":"center center","background-size":"auto","background-attachment":"scroll","background-type":"","background-media":"","overlay-type":"","overlay-color":"","overlay-opacity":"","overlay-gradient":""},"tablet":{"background-color":"var(--ast-global-color-5)","background-image":"","background-repeat":"repeat","background-position":"center center","background-size":"auto","background-attachment":"scroll","background-type":"","background-media":"","overlay-type":"","overlay-color":"","overlay-opacity":"","overlay-gradient":""},"mobile":{"background-color":"var(--ast-global-color-5)","background-image":"","background-repeat":"repeat","background-position":"center center","background-size":"auto","background-attachment":"scroll","background-type":"","background-media":"","overlay-type":"","overlay-color":"","overlay-opacity":"","overlay-gradient":""}},"footnotes":""},"class_list":["post-1330","page","type-page","status-publish","hentry"],"uagb_featured_image_src":{"full":false,"thumbnail":false,"medium":false,"medium_large":false,"large":false,"1536x1536":false,"2048x2048":false},"uagb_author_info":{"display_name":"suporte","author_link":"https:\/\/fernandesrinhel.com.br\/site\/author\/suporte\/"},"uagb_comment_info":0,"uagb_excerpt":"[vc_row css_animation=&#8221;&#8221; row_type=&#8221;row&#8221; use_row_as_full_screen_section=&#8221;no&#8221; type=&#8221;full_width&#8221; angled_section=&#8221;no&#8221; text_align=&#8221;left&#8221; background_image_as_pattern=&#8221;without_pattern&#8221; css=&#8221;.vc_custom_1710938950831{padding-top: 100px !important;background-image: url(https:\/\/fernandesrinhel.com.br\/site\/wp-content\/uploads\/2024\/03\/fundo-tributario.jpg?id=1352) !important;}&#8221; z_index=&#8221;&#8221;][vc_column][vc_row_inner row_type=&#8221;row&#8221; type=&#8221;full_width&#8221; text_align=&#8221;left&#8221; css_animation=&#8221;&#8221;][vc_column_inner offset=&#8221;vc_hidden-xs&#8221;][vc_empty_space height=&#8221;90px&#8221;][\/vc_column_inner][\/vc_row_inner][vc_row_inner [&hellip;]","_links":{"self":[{"href":"https:\/\/fernandesrinhel.com.br\/site\/wp-json\/wp\/v2\/pages\/1330"}],"collection":[{"href":"https:\/\/fernandesrinhel.com.br\/site\/wp-json\/wp\/v2\/pages"}],"about":[{"href":"https:\/\/fernandesrinhel.com.br\/site\/wp-json\/wp\/v2\/types\/page"}],"author":[{"embeddable":true,"href":"https:\/\/fernandesrinhel.com.br\/site\/wp-json\/wp\/v2\/users\/1"}],"replies":[{"embeddable":true,"href":"https:\/\/fernandesrinhel.com.br\/site\/wp-json\/wp\/v2\/comments?post=1330"}],"version-history":[{"count":110,"href":"https:\/\/fernandesrinhel.com.br\/site\/wp-json\/wp\/v2\/pages\/1330\/revisions"}],"predecessor-version":[{"id":1660,"href":"https:\/\/fernandesrinhel.com.br\/site\/wp-json\/wp\/v2\/pages\/1330\/revisions\/1660"}],"wp:attachment":[{"href":"https:\/\/fernandesrinhel.com.br\/site\/wp-json\/wp\/v2\/media?parent=1330"}],"curies":[{"name":"wp","href":"https:\/\/api.w.org\/{rel}","templated":true}]}}