{"id":1118,"date":"2023-05-02T15:40:25","date_gmt":"2023-05-02T18:40:25","guid":{"rendered":"https:\/\/fernandesrinhel.com.br\/site\/?page_id=1118"},"modified":"2023-05-02T17:37:21","modified_gmt":"2023-05-02T20:37:21","slug":"valuation-2","status":"publish","type":"page","link":"https:\/\/fernandesrinhel.com.br\/site\/valuation-2\/","title":{"rendered":"Servi\u00e7os Financeiros"},"content":{"rendered":"<div class=\"wpb-content-wrapper\"><p>[vc_row css_animation=&#8221;&#8221; row_type=&#8221;row&#8221; use_row_as_full_screen_section=&#8221;no&#8221; type=&#8221;grid&#8221; anchor=&#8221;3&#8243; angled_section=&#8221;no&#8221; text_align=&#8221;left&#8221; background_image_as_pattern=&#8221;without_pattern&#8221; z_index=&#8221;&#8221; css=&#8221;.vc_custom_1573912936138{padding-top: 100px !important;}&#8221;][vc_column css=&#8221;.vc_custom_1516958384989{padding-right: 0px !important;padding-left: 0px !important;}&#8221; offset=&#8221;vc_col-lg-6 vc_col-md-12&#8243;][qode_elements_holder number_of_columns=&#8221;one_column&#8221;][qode_elements_holder_item background_image=&#8221;511&#8243; item_padding=&#8221;28% 0 46.4% 0&#8243; advanced_animations=&#8221;no&#8221; item_padding_1024_1280=&#8221;28% 0 46.8% 0&#8243; item_padding_768_1024=&#8221;33.7% 0 31.9% 0&#8243; item_padding_600_768=&#8221;57.7% 0 37.9% 0&#8243; item_padding_480=&#8221;100% 0 80% 0&#8243;][\/qode_elements_holder_item][\/qode_elements_holder][\/vc_column][vc_column css=&#8221;.vc_custom_1516958388835{background-color: #ffffff !important;}&#8221; offset=&#8221;vc_col-lg-6 vc_col-md-12&#8243;][qode_elements_holder number_of_columns=&#8221;one_column&#8221;][qode_elements_holder_item item_padding=&#8221;54px 66px 38px 72px&#8221; advanced_animations=&#8221;no&#8221; item_padding_1024_1280=&#8221;34px 66px 38px 72px&#8221; item_padding_600_768=&#8221;45px 66px 22px 72px&#8221; item_padding_480=&#8221;35px 25px 38px 25px&#8221;][vc_column_text]<\/p>\n<h1 class=\"icon_title\">Valuation<\/h1>\n<p>[\/vc_column_text][vc_empty_space height=&#8221;9px&#8221;][vc_separator type=&#8221;small&#8221; position=&#8221;left&#8221; color=&#8221;#012975&#8243; thickness=&#8221;10&#8243; width=&#8221;57&#8243;][vc_column_text]O objetivo do Valuation \u00e9 fornecer uma estimativa justa e precisa do valor de um ativo ou empresa, que pode ser usado para tomar decis\u00f5es de investimento ou negocia\u00e7\u00e3o. O Valuation \u00e9 comumente usado em transa\u00e7\u00f5es de compra e venda de empresas, avalia\u00e7\u00f5es de portf\u00f3lio, fus\u00f5es e aquisi\u00e7\u00f5es, e tamb\u00e9m para determinar o valor justo de uma empresa em prepara\u00e7\u00e3o para uma oferta p\u00fablica inicial (IPO).<\/p>\n<p>&nbsp;<\/p>\n<p>Refer\u00eancia na estrutura\u00e7\u00e3o deste servi\u00e7o, oferecemos a melhor equipe, o qual conta com economistas, contadores e advogados, para estrutura\u00e7\u00e3o do Valuation de sua empresa.<\/p>\n<p>&nbsp;<\/p>\n<p>Assessoramos desde a jun\u00e7\u00e3o dos documentos e defini\u00e7\u00e3o das premissas para desenvolvimento da avalia\u00e7\u00e3o como em momento posterior, na transa\u00e7\u00e3o da empresa, caso ela passe de fato por um M&amp;A.[\/vc_column_text][\/qode_elements_holder_item][\/qode_elements_holder][\/vc_column][\/vc_row]<\/p>\n<\/div>","protected":false},"excerpt":{"rendered":"<p>[vc_row css_animation=&#8221;&#8221; row_type=&#8221;row&#8221; use_row_as_full_screen_section=&#8221;no&#8221; type=&#8221;grid&#8221; anchor=&#8221;3&#8243; angled_section=&#8221;no&#8221; text_align=&#8221;left&#8221; background_image_as_pattern=&#8221;without_pattern&#8221; z_index=&#8221;&#8221; css=&#8221;.vc_custom_1573912936138{padding-top: 100px !important;}&#8221;][vc_column css=&#8221;.vc_custom_1516958384989{padding-right: 0px !important;padding-left: 0px !important;}&#8221; offset=&#8221;vc_col-lg-6 vc_col-md-12&#8243;][qode_elements_holder [&hellip;]<\/p>\n","protected":false},"author":1,"featured_media":0,"parent":0,"menu_order":0,"comment_status":"closed","ping_status":"closed","template":"","meta":{"content-type":"","_uag_custom_page_level_css":"","site-sidebar-layout":"no-sidebar","site-content-layout":"plain-container","ast-site-content-layout":"","site-content-style":"default","site-sidebar-style":"default","ast-global-header-display":"","ast-banner-title-visibility":"","ast-main-header-display":"","ast-hfb-above-header-display":"","ast-hfb-below-header-display":"","ast-hfb-mobile-header-display":"","site-post-title":"disabled","ast-breadcrumbs-content":"","ast-featured-img":"disabled","footer-sml-layout":"","theme-transparent-header-meta":"","adv-header-id-meta":"","stick-header-meta":"","header-above-stick-meta":"","header-main-stick-meta":"","header-below-stick-meta":"","astra-migrate-meta-layouts":"default","ast-page-background-enabled":"default","ast-page-background-meta":{"desktop":{"background-color":"var(--ast-global-color-4)","background-image":"","background-repeat":"repeat","background-position":"center center","background-size":"auto","background-attachment":"scroll","background-type":"","background-media":"","overlay-type":"","overlay-color":"","overlay-opacity":"","overlay-gradient":""},"tablet":{"background-color":"","background-image":"","background-repeat":"repeat","background-position":"center center","background-size":"auto","background-attachment":"scroll","background-type":"","background-media":"","overlay-type":"","overlay-color":"","overlay-opacity":"","overlay-gradient":""},"mobile":{"background-color":"","background-image":"","background-repeat":"repeat","background-position":"center center","background-size":"auto","background-attachment":"scroll","background-type":"","background-media":"","overlay-type":"","overlay-color":"","overlay-opacity":"","overlay-gradient":""}},"ast-content-background-meta":{"desktop":{"background-color":"var(--ast-global-color-5)","background-image":"","background-repeat":"repeat","background-position":"center center","background-size":"auto","background-attachment":"scroll","background-type":"","background-media":"","overlay-type":"","overlay-color":"","overlay-opacity":"","overlay-gradient":""},"tablet":{"background-color":"var(--ast-global-color-5)","background-image":"","background-repeat":"repeat","background-position":"center center","background-size":"auto","background-attachment":"scroll","background-type":"","background-media":"","overlay-type":"","overlay-color":"","overlay-opacity":"","overlay-gradient":""},"mobile":{"background-color":"var(--ast-global-color-5)","background-image":"","background-repeat":"repeat","background-position":"center center","background-size":"auto","background-attachment":"scroll","background-type":"","background-media":"","overlay-type":"","overlay-color":"","overlay-opacity":"","overlay-gradient":""}},"footnotes":""},"class_list":["post-1118","page","type-page","status-publish","hentry"],"uagb_featured_image_src":{"full":false,"thumbnail":false,"medium":false,"medium_large":false,"large":false,"1536x1536":false,"2048x2048":false},"uagb_author_info":{"display_name":"suporte","author_link":"https:\/\/fernandesrinhel.com.br\/site\/author\/suporte\/"},"uagb_comment_info":0,"uagb_excerpt":"[vc_row css_animation=&#8221;&#8221; row_type=&#8221;row&#8221; use_row_as_full_screen_section=&#8221;no&#8221; type=&#8221;grid&#8221; anchor=&#8221;3&#8243; angled_section=&#8221;no&#8221; text_align=&#8221;left&#8221; background_image_as_pattern=&#8221;without_pattern&#8221; z_index=&#8221;&#8221; css=&#8221;.vc_custom_1573912936138{padding-top: 100px !important;}&#8221;][vc_column css=&#8221;.vc_custom_1516958384989{padding-right: 0px !important;padding-left: 0px !important;}&#8221; offset=&#8221;vc_col-lg-6 vc_col-md-12&#8243;][qode_elements_holder [&hellip;]","_links":{"self":[{"href":"https:\/\/fernandesrinhel.com.br\/site\/wp-json\/wp\/v2\/pages\/1118"}],"collection":[{"href":"https:\/\/fernandesrinhel.com.br\/site\/wp-json\/wp\/v2\/pages"}],"about":[{"href":"https:\/\/fernandesrinhel.com.br\/site\/wp-json\/wp\/v2\/types\/page"}],"author":[{"embeddable":true,"href":"https:\/\/fernandesrinhel.com.br\/site\/wp-json\/wp\/v2\/users\/1"}],"replies":[{"embeddable":true,"href":"https:\/\/fernandesrinhel.com.br\/site\/wp-json\/wp\/v2\/comments?post=1118"}],"version-history":[{"count":4,"href":"https:\/\/fernandesrinhel.com.br\/site\/wp-json\/wp\/v2\/pages\/1118\/revisions"}],"predecessor-version":[{"id":1465,"href":"https:\/\/fernandesrinhel.com.br\/site\/wp-json\/wp\/v2\/pages\/1118\/revisions\/1465"}],"wp:attachment":[{"href":"https:\/\/fernandesrinhel.com.br\/site\/wp-json\/wp\/v2\/media?parent=1118"}],"curies":[{"name":"wp","href":"https:\/\/api.w.org\/{rel}","templated":true}]}}